
{"id":424,"date":"2022-03-18T14:35:32","date_gmt":"2022-03-18T14:35:32","guid":{"rendered":"https:\/\/www.formula.fo\/?page_id=424"},"modified":"2022-06-26T21:10:55","modified_gmt":"2022-06-26T21:10:55","slug":"teldur","status":"publish","type":"page","link":"https:\/\/www.formula.fo\/en\/utgerd\/teldur-og-tilhoyr\/teldur\/","title":{"rendered":"Teldur"},"content":{"rendered":"\n<div class=\"wp-block-cover alignfull is-light\" style=\"min-height:677px;aspect-ratio:unset;\"><span aria-hidden=\"true\" class=\"wp-block-cover__background has-blue-background-color has-background-dim\"><\/span><img loading=\"lazy\" decoding=\"async\" width=\"2560\" height=\"1615\" class=\"wp-block-cover__image-background wp-image-1727\" alt=\"\" src=\"https:\/\/www.formula.fo\/wp-content\/uploads\/2022\/06\/AdobeStock_177912634.jpeg\" data-object-fit=\"cover\" srcset=\"https:\/\/www.formula.fo\/wp-content\/uploads\/2022\/06\/AdobeStock_177912634.jpeg 2560w, https:\/\/www.formula.fo\/wp-content\/uploads\/2022\/06\/AdobeStock_177912634-800x505.jpeg 800w, https:\/\/www.formula.fo\/wp-content\/uploads\/2022\/06\/AdobeStock_177912634-1600x1009.jpeg 1600w, https:\/\/www.formula.fo\/wp-content\/uploads\/2022\/06\/AdobeStock_177912634-768x484.jpeg 768w, https:\/\/www.formula.fo\/wp-content\/uploads\/2022\/06\/AdobeStock_177912634-1536x969.jpeg 1536w, https:\/\/www.formula.fo\/wp-content\/uploads\/2022\/06\/AdobeStock_177912634-2048x1292.jpeg 2048w\" sizes=\"auto, (max-width: 2560px) 100vw, 2560px\" \/><div class=\"wp-block-cover__inner-container is-layout-flow wp-block-cover-is-layout-flow\">\n<h1 class=\"has-text-align-center has-white-color has-text-color wp-block-heading\">Ver smidlig\/ur vi\u00f0 r\u00f8ttu telduni<\/h1>\n\n\n\n<p class=\"has-text-align-center has-white-color has-text-color\">Vit bj\u00f3\u00f0a teldur og teldlar til \u00f8ll sl\u00f8g av arbei\u00f0sbr\u00faki<\/p>\n<\/div><\/div>\n\n\n\n<div style=\"height:100px\" aria-hidden=\"true\" class=\"wp-block-spacer\"><\/div>\n\n\n\n<h2 class=\"has-text-align-center has-dark-color has-text-color wp-block-heading\">N\u00fdt haldbara KT \u00fatger\u00f0<\/h2>\n\n\n\n<p class=\"has-text-align-center\">T\u00e1 i\u00f0 fyrit\u00f8kan broytist og\/ella stendur \u00ed v\u00f8kstri, skal t\u00f8knin gera ta\u00f0 sama. T\u00ed bj\u00f3\u00f0ar Formula eitt st\u00f3rt \u00farval av teldum og teldlum fr\u00e1 fleiri merkjum m.a. Fujitsu, Microsoft, HP og Lenovo.<\/p>\n\n\n\n<p class=\"has-text-align-center\">T\u00f8rvar t\u00e6r hj\u00e1lp at finna r\u00f8ttu \u00fatger\u00f0ina, hj\u00e1lpa vit fegin vi\u00f0 hesum, har vit \u00ed felag finna r\u00f8ttu loysnina, sum h\u00f3skar seg til tykkara t\u00f8rv.&nbsp;&nbsp;<\/p>\n\n\n\n<p class=\"has-text-align-center\">Ni\u00f0anfyri kanst t\u00fa lesa meira um n\u00f8kur av merkjunum, sum vit umbo\u00f0a innan teldur og teldlar.<\/p>\n\n\n\n<div style=\"height:100px\" aria-hidden=\"true\" class=\"wp-block-spacer\"><\/div>\n\n\n\n<div class=\"wp-block-cover alignfull is-light wideContainer\" style=\"min-height:1519px;aspect-ratio:unset;\"><span aria-hidden=\"true\" class=\"wp-block-cover__background has-white-background-color has-background-dim-100 has-background-dim\"><\/span><div class=\"wp-block-cover__inner-container is-layout-flow wp-block-cover-is-layout-flow\">\n<div style=\"height:100px\" aria-hidden=\"true\" class=\"wp-block-spacer\"><\/div>\n\n\n\n<div class=\"wp-block-columns is-layout-flex wp-container-core-columns-is-layout-9d6595d7 wp-block-columns-is-layout-flex\">\n<div class=\"wp-block-column is-layout-flow wp-block-column-is-layout-flow\">\n<h2 class=\"has-dark-color has-text-color wp-block-heading\">Fujitsu<\/h2>\n\n\n\n<p>Formula hevur \u00ed fleiri \u00e1r umbo\u00f0a Fujitsu og hevur eitt st\u00f3rt \u00farval av farteldum, teldum, bor\u00f0teldum og Chromebook. Umframt teldur hevur Formula eitt \u00farval av skermum, dokkst\u00f8\u00f0um, servarum og \u00f8\u00f0rum fr\u00e1 Fujitsu.<\/p>\n\n\n\n<p>Fujitsu er v\u00e6legna\u00f0 til \u00f8ll arbei\u00f0sbr\u00fak &#8211; alt fr\u00e1 starvsf\u00f3lki, sum hava t\u00f8rv \u00e1 eini l\u00e6ttari farteldu til starvsf\u00f3lk, sum hava t\u00f8rv \u00e1 kraftmiklum bor\u00f0teldum og alt har \u00edmillum.<\/p>\n\n\n\n<p>Formula er Select Expert partnari hj\u00e1 Fujitsu, sum er h\u00e6gsta stigi\u00f0 eitt umbo\u00f0 kann vera.<\/p>\n<\/div>\n\n\n\n<div class=\"wp-block-column is-vertically-aligned-center is-layout-flow wp-block-column-is-layout-flow\">\n<div id=\"video-embed_block_62a0c9882fbb7\" class=\"lunnar-video-embed\">\n\t\n    \n        \n    <\/div><\/div>\n<\/div>\n\n\n\n<div style=\"height:100px\" aria-hidden=\"true\" class=\"wp-block-spacer\"><\/div>\n\n\n\n<div class=\"wp-block-columns are-vertically-aligned-center is-layout-flex wp-container-core-columns-is-layout-9d6595d7 wp-block-columns-is-layout-flex\">\n<div class=\"wp-block-column is-vertically-aligned-center is-layout-flow wp-block-column-is-layout-flow\">\n<figure class=\"wp-block-image size-full is-resized\"><img loading=\"lazy\" decoding=\"async\" src=\"https:\/\/www.formula.fo\/wp-content\/uploads\/2022\/06\/SurfaceRangeFull.png\" alt=\"\" class=\"wp-image-1731\" width=\"416\" height=\"212\" srcset=\"https:\/\/www.formula.fo\/wp-content\/uploads\/2022\/06\/SurfaceRangeFull.png 1492w, https:\/\/www.formula.fo\/wp-content\/uploads\/2022\/06\/SurfaceRangeFull-800x409.png 800w, https:\/\/www.formula.fo\/wp-content\/uploads\/2022\/06\/SurfaceRangeFull-768x392.png 768w\" sizes=\"auto, (max-width: 416px) 100vw, 416px\" \/><\/figure>\n<\/div>\n\n\n\n<div class=\"wp-block-column is-vertically-aligned-center is-layout-flow wp-block-column-is-layout-flow\">\n<h2 class=\"has-dark-color has-text-color wp-block-heading\">Microsoft<\/h2>\n\n\n\n<p>Formula er umbo\u00f0 fyri Microsoft, og bj\u00f3\u00f0a vit eitt breitt v\u00f8ru\u00farval fr\u00e1 Microsoft.&nbsp;M.a bj\u00f3\u00f0a vit serst\u00f8ku Surface r\u00f8\u00f0ina, sum fevnir um farteldur, teldlar og bor\u00f0teldur.<\/p>\n<\/div>\n<\/div>\n\n\n\n<div style=\"height:100px\" aria-hidden=\"true\" class=\"wp-block-spacer\"><\/div>\n\n\n\n<div class=\"wp-block-columns are-vertically-aligned-center is-layout-flex wp-container-core-columns-is-layout-9d6595d7 wp-block-columns-is-layout-flex\">\n<div class=\"wp-block-column is-vertically-aligned-center is-layout-flow wp-block-column-is-layout-flow\">\n<h2 class=\"has-dark-color has-text-color wp-block-heading\">HP<\/h2>\n\n\n\n<p>Formula bj\u00f3\u00f0ar eitt breitt \u00farval av teldum, teldlum, bor\u00f0teldum og Chromebooks fr\u00e1 HP. Umframt teldur hevur Formula eitt \u00farval av skermum, dokkst\u00f8\u00f0um og \u00f8\u00f0rum fr\u00e1 HP. Teldur fr\u00e1 HP h\u00f3ska seg v\u00e6l til starvsf\u00f3lk, sum ikki eru bundin at einum skrivibor\u00f0i, men samstundis hava t\u00f8rv \u00e1 eini kraftmiklari teldu.<\/p>\n<\/div>\n\n\n\n<div class=\"wp-block-column is-vertically-aligned-center is-layout-flow wp-block-column-is-layout-flow\">\n<figure class=\"wp-block-image size-large\"><img loading=\"lazy\" decoding=\"async\" width=\"1600\" height=\"1360\" src=\"https:\/\/www.formula.fo\/wp-content\/uploads\/2022\/06\/HP-ProBook-650-G8_Rear-Left_nonTBT-1600x1360.jpg\" alt=\"\" class=\"wp-image-1735\" srcset=\"https:\/\/www.formula.fo\/wp-content\/uploads\/2022\/06\/HP-ProBook-650-G8_Rear-Left_nonTBT-1600x1360.jpg 1600w, https:\/\/www.formula.fo\/wp-content\/uploads\/2022\/06\/HP-ProBook-650-G8_Rear-Left_nonTBT-800x680.jpg 800w, https:\/\/www.formula.fo\/wp-content\/uploads\/2022\/06\/HP-ProBook-650-G8_Rear-Left_nonTBT-768x653.jpg 768w, https:\/\/www.formula.fo\/wp-content\/uploads\/2022\/06\/HP-ProBook-650-G8_Rear-Left_nonTBT-1536x1306.jpg 1536w, https:\/\/www.formula.fo\/wp-content\/uploads\/2022\/06\/HP-ProBook-650-G8_Rear-Left_nonTBT.jpg 2000w\" sizes=\"auto, (max-width: 1600px) 100vw, 1600px\" \/><\/figure>\n<\/div>\n<\/div>\n\n\n\n<div style=\"height:100px\" aria-hidden=\"true\" class=\"wp-block-spacer\"><\/div>\n\n\n\n<div class=\"wp-block-columns are-vertically-aligned-center is-layout-flex wp-container-core-columns-is-layout-9d6595d7 wp-block-columns-is-layout-flex\">\n<div class=\"wp-block-column is-vertically-aligned-center is-layout-flow wp-block-column-is-layout-flow\">\n<figure class=\"wp-block-image size-full is-resized\"><img loading=\"lazy\" decoding=\"async\" src=\"https:\/\/www.formula.fo\/wp-content\/uploads\/2022\/06\/H2227b2ea6c6c432b87d5969246842fff0.jpg\" alt=\"\" class=\"wp-image-1737\" width=\"416\" height=\"416\" srcset=\"https:\/\/www.formula.fo\/wp-content\/uploads\/2022\/06\/H2227b2ea6c6c432b87d5969246842fff0.jpg 520w, https:\/\/www.formula.fo\/wp-content\/uploads\/2022\/06\/H2227b2ea6c6c432b87d5969246842fff0-400x400.jpg 400w\" sizes=\"auto, (max-width: 416px) 100vw, 416px\" \/><\/figure>\n<\/div>\n\n\n\n<div class=\"wp-block-column is-vertically-aligned-center is-layout-flow wp-block-column-is-layout-flow\">\n<h2 class=\"has-dark-color has-text-color wp-block-heading\">Lenovo<\/h2>\n\n\n\n<p>Formula bj\u00f3\u00f0ar eitt breitt \u00farval av teldum og Chromebooks fr\u00e1 Lenovo. Umframt teldur bj\u00f3\u00f0ar Formula eitt \u00farval av dokkst\u00f8\u00f0um og \u00f8\u00f0rum tilhoyri fr\u00e1 Lenovo.<\/p>\n\n\n\n<p>Teldur fr\u00e1 Lenovo h\u00f3ska seg v\u00e6l til alskyns endam\u00e1l.<\/p>\n<\/div>\n<\/div>\n\n\n\n<div style=\"height:100px\" aria-hidden=\"true\" class=\"wp-block-spacer\"><\/div>\n\n\n\n<h2 class=\"has-text-align-center has-dark-color has-text-color wp-block-heading\">Onnur merkir<\/h2>\n\n\n\n<p class=\"has-text-align-center\">H\u00f3ast t\u00edtt yndismerki ikki er omanfyri, so kunnu vit b\u00edleggja flest allar teldur fr\u00e1 okkara veitara. So send okkum endiliga ein fyrispurning, so hj\u00e1lpa og r\u00e1\u00f0geva vit fegin um at finna tykkara n\u00e6stu teldur.<\/p>\n\n\n\n<div style=\"height:56px\" aria-hidden=\"true\" class=\"wp-block-spacer\"><\/div>\n<\/div><\/div>\n\n\n\n<div style=\"height:58px\" aria-hidden=\"true\" class=\"wp-block-spacer\"><\/div>\n\n\n\n<h2 class=\"has-text-align-center has-dark-color has-text-color wp-block-heading\">\u00c1huga\u00f0\/ur at hoyra meira?<\/h2>\n\n\n\n<div style=\"height:43px\" aria-hidden=\"true\" class=\"wp-block-spacer\"><\/div>\n\n\n\n<script>\n    var employees_people_block_62a0ccef2fbb8 = JSON.parse('[{\"post_id\":2599,\"post_title\":\"\\u00c1ki Johansen\",\"show_phone\":null,\"totalview_id\":\"81e5f7ef9127af5e8e448b9f028d3996\",\"division\":\"T\\u00f8kni - og rakstrarloysnir\",\"capabilities\":\"Exchange,HyperV,H\\u00fdsing,Net,Office 365,Sophos,SQL,S\\u00f8la,T\\u00f3lb\\u00fana\\u00f0ur,Tr\\u00e1\\u00f0leyst net,Windows,Windows Server\",\"focal_points\":\"50% 50%\",\"image\":\"https:\\\/\\\/www.formula.fo\\\/wp-content\\\/uploads\\\/2022\\\/05\\\/FORMULA-Aki-Johansen-1600x1280-1-800x640.jpg\"}]');var slider_people_block_62a0ccef2fbb8 = 'false';<\/script>\n\n<div id=\"people_block_62a0ccef2fbb8\" class=\"lunnar-people alignwide flex\">\n\t\n            <div class=\"swiper-wrapper\">\n            <div v-for=\"(employee, index) in employees\" :key=\"index\" class=\"employee-card swiper-slide\">\n                <div class=\"employee-card--content-image\">\n                    <img decoding=\"async\" v-show=\"!employee.image\" src=\"https:\/\/www.formula.fo\/wp-content\/themes\/lunnar-formula\/images\/backup-image.jpg\" \/>\n                    <img v-if=\"employee.image\" :src=\"employee.image\" :style=\"`object-fit: ${employee.focal_points}`\" \/>\n                    <div class=\"employee-status\" v-html=\"get_employee_status(employee.totalview_id)\" :data-id=\"employee.totalview_id\"><\/div>\n                <\/div>\n    \n                <div class=\"employee-card--content-text\">\n                    <h3 v-if=\"employee.post_title\" class=\"employee-name\">{{employee.post_title}}<\/h3>\n                    \n                    <div v-if=\"employee.division\" class=\"employee-title\">{{employee.division}}<\/div>\n                            \n                    <div class=\"employee-contact\">\n                        <div v-if=\"employee.phone\" class=\"employee-contact--item employee-contact--phone\">\n                            <span>Tel.<\/span>\n                            <a :href=\"`tel:${employee.phone}`\">{{split_phone_number(employee.phone)}}<\/a>\n                        <\/div>\n                        \n                        <div class=\"employee-contact--item employee-contact--email\" @click=\"open_modal(employee)\">\n                            Send Message                        <\/div>\n                    <\/div>\n                <\/div>\n            <\/div>\n        <\/div>\n\n        <div class=\"swiper-pagination\"><\/div>\n    \n    <\/div>\n","protected":false},"excerpt":{"rendered":"<p>N\u00fdt haldbara KT \u00fatger\u00f0 T\u00e1 i\u00f0 fyrit\u00f8kan broytist og\/ella stendur \u00ed v\u00f8kstri, skal t\u00f8knin gera ta\u00f0 sama. T\u00ed bj\u00f3\u00f0ar Formula eitt st\u00f3rt \u00farval av teldum og teldlum fr\u00e1 fleiri merkjum m.a. Fujitsu, Microsoft, HP og Lenovo. T\u00f8rvar t\u00e6r hj\u00e1lp at finna r\u00f8ttu \u00fatger\u00f0ina, hj\u00e1lpa vit fegin vi\u00f0 hesum, har vit \u00ed felag finna r\u00f8ttu loysnina, [&hellip;]<\/p>\n","protected":false},"author":1,"featured_media":0,"parent":355,"menu_order":1,"comment_status":"closed","ping_status":"closed","template":"templates\/page-wide.php","meta":{"_acf_changed":false,"footnotes":""},"class_list":["post-424","page","type-page","status-publish","hentry"],"acf":[],"yoast_head":"<!-- This site is optimized with the Yoast SEO plugin v27.3 - https:\/\/yoast.com\/product\/yoast-seo-wordpress\/ -->\n<title>Teldur - Formula<\/title>\n<meta name=\"robots\" content=\"index, follow, max-snippet:-1, max-image-preview:large, max-video-preview:-1\" \/>\n<link rel=\"canonical\" href=\"https:\/\/www.formula.fo\/en\/utgerd\/teldur-og-tilhoyr\/teldur\/\" \/>\n<meta property=\"og:locale\" content=\"en_US\" \/>\n<meta property=\"og:type\" content=\"article\" \/>\n<meta property=\"og:title\" content=\"Teldur - Formula\" \/>\n<meta property=\"og:description\" content=\"N\u00fdt haldbara KT \u00fatger\u00f0 T\u00e1 i\u00f0 fyrit\u00f8kan broytist og\/ella stendur \u00ed v\u00f8kstri, skal t\u00f8knin gera ta\u00f0 sama. T\u00ed bj\u00f3\u00f0ar Formula eitt st\u00f3rt \u00farval av teldum og teldlum fr\u00e1 fleiri merkjum m.a. Fujitsu, Microsoft, HP og Lenovo. T\u00f8rvar t\u00e6r hj\u00e1lp at finna r\u00f8ttu \u00fatger\u00f0ina, hj\u00e1lpa vit fegin vi\u00f0 hesum, har vit \u00ed felag finna r\u00f8ttu loysnina, [&hellip;]\" \/>\n<meta property=\"og:url\" content=\"https:\/\/www.formula.fo\/en\/utgerd\/teldur-og-tilhoyr\/teldur\/\" \/>\n<meta property=\"og:site_name\" content=\"Formula\" \/>\n<meta property=\"article:modified_time\" content=\"2022-06-26T21:10:55+00:00\" \/>\n<meta property=\"og:image\" content=\"https:\/\/www.formula.fo\/wp-content\/uploads\/2022\/06\/AdobeStock_177912634.jpeg\" \/>\n<meta name=\"twitter:card\" content=\"summary_large_image\" \/>\n<meta name=\"twitter:label1\" content=\"Est. reading time\" \/>\n\t<meta name=\"twitter:data1\" content=\"3 minutes\" \/>\n<script type=\"application\/ld+json\" class=\"yoast-schema-graph\">{\"@context\":\"https:\\\/\\\/schema.org\",\"@graph\":[{\"@type\":\"WebPage\",\"@id\":\"https:\\\/\\\/www.formula.fo\\\/en\\\/utgerd\\\/teldur-og-tilhoyr\\\/teldur\\\/\",\"url\":\"https:\\\/\\\/www.formula.fo\\\/en\\\/utgerd\\\/teldur-og-tilhoyr\\\/teldur\\\/\",\"name\":\"Teldur - Formula\",\"isPartOf\":{\"@id\":\"https:\\\/\\\/www.formula.fo\\\/en\\\/#website\"},\"primaryImageOfPage\":{\"@id\":\"https:\\\/\\\/www.formula.fo\\\/en\\\/utgerd\\\/teldur-og-tilhoyr\\\/teldur\\\/#primaryimage\"},\"image\":{\"@id\":\"https:\\\/\\\/www.formula.fo\\\/en\\\/utgerd\\\/teldur-og-tilhoyr\\\/teldur\\\/#primaryimage\"},\"thumbnailUrl\":\"https:\\\/\\\/www.formula.fo\\\/wp-content\\\/uploads\\\/2022\\\/06\\\/AdobeStock_177912634.jpeg\",\"datePublished\":\"2022-03-18T14:35:32+00:00\",\"dateModified\":\"2022-06-26T21:10:55+00:00\",\"breadcrumb\":{\"@id\":\"https:\\\/\\\/www.formula.fo\\\/en\\\/utgerd\\\/teldur-og-tilhoyr\\\/teldur\\\/#breadcrumb\"},\"inLanguage\":\"en-US\",\"potentialAction\":[{\"@type\":\"ReadAction\",\"target\":[\"https:\\\/\\\/www.formula.fo\\\/en\\\/utgerd\\\/teldur-og-tilhoyr\\\/teldur\\\/\"]}]},{\"@type\":\"ImageObject\",\"inLanguage\":\"en-US\",\"@id\":\"https:\\\/\\\/www.formula.fo\\\/en\\\/utgerd\\\/teldur-og-tilhoyr\\\/teldur\\\/#primaryimage\",\"url\":\"https:\\\/\\\/www.formula.fo\\\/wp-content\\\/uploads\\\/2022\\\/06\\\/AdobeStock_177912634.jpeg\",\"contentUrl\":\"https:\\\/\\\/www.formula.fo\\\/wp-content\\\/uploads\\\/2022\\\/06\\\/AdobeStock_177912634.jpeg\"},{\"@type\":\"BreadcrumbList\",\"@id\":\"https:\\\/\\\/www.formula.fo\\\/en\\\/utgerd\\\/teldur-og-tilhoyr\\\/teldur\\\/#breadcrumb\",\"itemListElement\":[{\"@type\":\"ListItem\",\"position\":1,\"name\":\"Home\",\"item\":\"https:\\\/\\\/www.formula.fo\\\/en\\\/\"},{\"@type\":\"ListItem\",\"position\":2,\"name\":\"\u00datger\u00f0\",\"item\":\"https:\\\/\\\/www.formula.fo\\\/en\\\/utgerd\\\/\"},{\"@type\":\"ListItem\",\"position\":3,\"name\":\"Teldur og tilhoyr\",\"item\":\"https:\\\/\\\/www.formula.fo\\\/en\\\/utgerd\\\/teldur-og-tilhoyr\\\/\"},{\"@type\":\"ListItem\",\"position\":4,\"name\":\"Teldur\"}]},{\"@type\":\"WebSite\",\"@id\":\"https:\\\/\\\/www.formula.fo\\\/en\\\/#website\",\"url\":\"https:\\\/\\\/www.formula.fo\\\/en\\\/\",\"name\":\"Formula\",\"description\":\"Formula\",\"publisher\":{\"@id\":\"https:\\\/\\\/www.formula.fo\\\/en\\\/#organization\"},\"potentialAction\":[{\"@type\":\"SearchAction\",\"target\":{\"@type\":\"EntryPoint\",\"urlTemplate\":\"https:\\\/\\\/www.formula.fo\\\/en\\\/?s={search_term_string}\"},\"query-input\":{\"@type\":\"PropertyValueSpecification\",\"valueRequired\":true,\"valueName\":\"search_term_string\"}}],\"inLanguage\":\"en-US\"},{\"@type\":\"Organization\",\"@id\":\"https:\\\/\\\/www.formula.fo\\\/en\\\/#organization\",\"name\":\"Formula\",\"url\":\"https:\\\/\\\/www.formula.fo\\\/en\\\/\",\"logo\":{\"@type\":\"ImageObject\",\"inLanguage\":\"en-US\",\"@id\":\"https:\\\/\\\/www.formula.fo\\\/en\\\/#\\\/schema\\\/logo\\\/image\\\/\",\"url\":\"https:\\\/\\\/www.formula.fo\\\/wp-content\\\/uploads\\\/2022\\\/03\\\/logo.png\",\"contentUrl\":\"https:\\\/\\\/www.formula.fo\\\/wp-content\\\/uploads\\\/2022\\\/03\\\/logo.png\",\"width\":227,\"height\":73,\"caption\":\"Formula\"},\"image\":{\"@id\":\"https:\\\/\\\/www.formula.fo\\\/en\\\/#\\\/schema\\\/logo\\\/image\\\/\"}}]}<\/script>\n<!-- \/ Yoast SEO plugin. -->","yoast_head_json":{"title":"Teldur - Formula","robots":{"index":"index","follow":"follow","max-snippet":"max-snippet:-1","max-image-preview":"max-image-preview:large","max-video-preview":"max-video-preview:-1"},"canonical":"https:\/\/www.formula.fo\/en\/utgerd\/teldur-og-tilhoyr\/teldur\/","og_locale":"en_US","og_type":"article","og_title":"Teldur - Formula","og_description":"N\u00fdt haldbara KT \u00fatger\u00f0 T\u00e1 i\u00f0 fyrit\u00f8kan broytist og\/ella stendur \u00ed v\u00f8kstri, skal t\u00f8knin gera ta\u00f0 sama. T\u00ed bj\u00f3\u00f0ar Formula eitt st\u00f3rt \u00farval av teldum og teldlum fr\u00e1 fleiri merkjum m.a. Fujitsu, Microsoft, HP og Lenovo. T\u00f8rvar t\u00e6r hj\u00e1lp at finna r\u00f8ttu \u00fatger\u00f0ina, hj\u00e1lpa vit fegin vi\u00f0 hesum, har vit \u00ed felag finna r\u00f8ttu loysnina, [&hellip;]","og_url":"https:\/\/www.formula.fo\/en\/utgerd\/teldur-og-tilhoyr\/teldur\/","og_site_name":"Formula","article_modified_time":"2022-06-26T21:10:55+00:00","og_image":[{"url":"https:\/\/www.formula.fo\/wp-content\/uploads\/2022\/06\/AdobeStock_177912634.jpeg","type":"","width":"","height":""}],"twitter_card":"summary_large_image","twitter_misc":{"Est. reading time":"3 minutes"},"schema":{"@context":"https:\/\/schema.org","@graph":[{"@type":"WebPage","@id":"https:\/\/www.formula.fo\/en\/utgerd\/teldur-og-tilhoyr\/teldur\/","url":"https:\/\/www.formula.fo\/en\/utgerd\/teldur-og-tilhoyr\/teldur\/","name":"Teldur - Formula","isPartOf":{"@id":"https:\/\/www.formula.fo\/en\/#website"},"primaryImageOfPage":{"@id":"https:\/\/www.formula.fo\/en\/utgerd\/teldur-og-tilhoyr\/teldur\/#primaryimage"},"image":{"@id":"https:\/\/www.formula.fo\/en\/utgerd\/teldur-og-tilhoyr\/teldur\/#primaryimage"},"thumbnailUrl":"https:\/\/www.formula.fo\/wp-content\/uploads\/2022\/06\/AdobeStock_177912634.jpeg","datePublished":"2022-03-18T14:35:32+00:00","dateModified":"2022-06-26T21:10:55+00:00","breadcrumb":{"@id":"https:\/\/www.formula.fo\/en\/utgerd\/teldur-og-tilhoyr\/teldur\/#breadcrumb"},"inLanguage":"en-US","potentialAction":[{"@type":"ReadAction","target":["https:\/\/www.formula.fo\/en\/utgerd\/teldur-og-tilhoyr\/teldur\/"]}]},{"@type":"ImageObject","inLanguage":"en-US","@id":"https:\/\/www.formula.fo\/en\/utgerd\/teldur-og-tilhoyr\/teldur\/#primaryimage","url":"https:\/\/www.formula.fo\/wp-content\/uploads\/2022\/06\/AdobeStock_177912634.jpeg","contentUrl":"https:\/\/www.formula.fo\/wp-content\/uploads\/2022\/06\/AdobeStock_177912634.jpeg"},{"@type":"BreadcrumbList","@id":"https:\/\/www.formula.fo\/en\/utgerd\/teldur-og-tilhoyr\/teldur\/#breadcrumb","itemListElement":[{"@type":"ListItem","position":1,"name":"Home","item":"https:\/\/www.formula.fo\/en\/"},{"@type":"ListItem","position":2,"name":"\u00datger\u00f0","item":"https:\/\/www.formula.fo\/en\/utgerd\/"},{"@type":"ListItem","position":3,"name":"Teldur og tilhoyr","item":"https:\/\/www.formula.fo\/en\/utgerd\/teldur-og-tilhoyr\/"},{"@type":"ListItem","position":4,"name":"Teldur"}]},{"@type":"WebSite","@id":"https:\/\/www.formula.fo\/en\/#website","url":"https:\/\/www.formula.fo\/en\/","name":"Formula","description":"Formula","publisher":{"@id":"https:\/\/www.formula.fo\/en\/#organization"},"potentialAction":[{"@type":"SearchAction","target":{"@type":"EntryPoint","urlTemplate":"https:\/\/www.formula.fo\/en\/?s={search_term_string}"},"query-input":{"@type":"PropertyValueSpecification","valueRequired":true,"valueName":"search_term_string"}}],"inLanguage":"en-US"},{"@type":"Organization","@id":"https:\/\/www.formula.fo\/en\/#organization","name":"Formula","url":"https:\/\/www.formula.fo\/en\/","logo":{"@type":"ImageObject","inLanguage":"en-US","@id":"https:\/\/www.formula.fo\/en\/#\/schema\/logo\/image\/","url":"https:\/\/www.formula.fo\/wp-content\/uploads\/2022\/03\/logo.png","contentUrl":"https:\/\/www.formula.fo\/wp-content\/uploads\/2022\/03\/logo.png","width":227,"height":73,"caption":"Formula"},"image":{"@id":"https:\/\/www.formula.fo\/en\/#\/schema\/logo\/image\/"}}]}},"_links":{"self":[{"href":"https:\/\/www.formula.fo\/en\/wp-json\/wp\/v2\/pages\/424","targetHints":{"allow":["GET"]}}],"collection":[{"href":"https:\/\/www.formula.fo\/en\/wp-json\/wp\/v2\/pages"}],"about":[{"href":"https:\/\/www.formula.fo\/en\/wp-json\/wp\/v2\/types\/page"}],"author":[{"embeddable":true,"href":"https:\/\/www.formula.fo\/en\/wp-json\/wp\/v2\/users\/1"}],"replies":[{"embeddable":true,"href":"https:\/\/www.formula.fo\/en\/wp-json\/wp\/v2\/comments?post=424"}],"version-history":[{"count":8,"href":"https:\/\/www.formula.fo\/en\/wp-json\/wp\/v2\/pages\/424\/revisions"}],"predecessor-version":[{"id":3633,"href":"https:\/\/www.formula.fo\/en\/wp-json\/wp\/v2\/pages\/424\/revisions\/3633"}],"up":[{"embeddable":true,"href":"https:\/\/www.formula.fo\/en\/wp-json\/wp\/v2\/pages\/355"}],"wp:attachment":[{"href":"https:\/\/www.formula.fo\/en\/wp-json\/wp\/v2\/media?parent=424"}],"curies":[{"name":"wp","href":"https:\/\/api.w.org\/{rel}","templated":true}]}}