
{"id":426,"date":"2022-03-18T14:35:55","date_gmt":"2022-03-18T14:35:55","guid":{"rendered":"https:\/\/www.formula.fo\/?page_id=426"},"modified":"2022-06-26T21:12:42","modified_gmt":"2022-06-26T21:12:42","slug":"skermar","status":"publish","type":"page","link":"https:\/\/www.formula.fo\/en\/utgerd\/teldur-og-tilhoyr\/skermar\/","title":{"rendered":"Skermar"},"content":{"rendered":"\n<div class=\"wp-block-cover alignfull is-light\" style=\"min-height:639px;aspect-ratio:unset;\"><span aria-hidden=\"true\" class=\"wp-block-cover__background has-blue-background-color has-background-dim\"><\/span><img loading=\"lazy\" decoding=\"async\" width=\"2560\" height=\"1440\" class=\"wp-block-cover__image-background wp-image-1741\" alt=\"\" src=\"https:\/\/www.formula.fo\/wp-content\/uploads\/2022\/06\/AdobeStock_307139819.jpeg\" data-object-fit=\"cover\" srcset=\"https:\/\/www.formula.fo\/wp-content\/uploads\/2022\/06\/AdobeStock_307139819.jpeg 2560w, https:\/\/www.formula.fo\/wp-content\/uploads\/2022\/06\/AdobeStock_307139819-800x450.jpeg 800w, https:\/\/www.formula.fo\/wp-content\/uploads\/2022\/06\/AdobeStock_307139819-1600x900.jpeg 1600w, https:\/\/www.formula.fo\/wp-content\/uploads\/2022\/06\/AdobeStock_307139819-768x432.jpeg 768w, https:\/\/www.formula.fo\/wp-content\/uploads\/2022\/06\/AdobeStock_307139819-1536x864.jpeg 1536w, https:\/\/www.formula.fo\/wp-content\/uploads\/2022\/06\/AdobeStock_307139819-2048x1152.jpeg 2048w\" sizes=\"auto, (max-width: 2560px) 100vw, 2560px\" \/><div class=\"wp-block-cover__inner-container is-layout-flow wp-block-cover-is-layout-flow\">\n<h2 class=\"has-text-align-center has-white-color has-text-color wp-block-heading\">Ein fragd fyri t\u00edni eygu<\/h2>\n<\/div><\/div>\n\n\n\n<div class=\"wp-block-cover alignfull is-light wideContainer\"><span aria-hidden=\"true\" class=\"wp-block-cover__background has-white-background-color has-background-dim-100 has-background-dim\"><\/span><div class=\"wp-block-cover__inner-container is-layout-flow wp-block-cover-is-layout-flow\">\n<div style=\"height:106px\" aria-hidden=\"true\" class=\"wp-block-spacer\"><\/div>\n\n\n\n<h2 class=\"has-text-align-center has-dark-color has-text-color wp-block-heading\"><strong>Finn tann g\u00f3\u00f0a skermin hj\u00e1 okkum<\/strong><\/h2>\n\n\n\n<p class=\"has-text-align-center\">T\u00e1 t\u00fa skalt hava ein n\u00fdggjan skerm, kunnu ta\u00f0 ver\u00f0a fleiri spurningar, sum stinga seg upp. Hvussu st\u00f3rur ella l\u00edtil skal skermurin ver\u00f0a? Skal hann ver\u00f0a boga\u00f0ur ella ikki? Skal hann kunna stillast \u00ed h\u00e6dd, til s\u00ed\u00f0urnar ella hellast? T\u00ed bj\u00f3\u00f0ar Formula eitt st\u00f3rt \u00farval av skermum fr\u00e1 fleiri merkjum m.a. Fujitsu, Samsung og Philips.<\/p>\n\n\n\n<p class=\"has-text-align-center\">T\u00f8rvar t\u00e6r hj\u00e1lp at finna r\u00e6tta skermin, hj\u00e1lpa vit fegin vi\u00f0 hesum, so vit \u00ed felag finna r\u00f8ttu loysnina, sum h\u00f3skar seg til tykkara t\u00f8rv.&nbsp;&nbsp;<\/p>\n\n\n\n<p class=\"has-text-align-center\">Ni\u00f0anfyri kanst t\u00fa lesa meira um n\u00f8kur av merkjunum, sum vit umbo\u00f0a.<\/p>\n\n\n\n<div style=\"height:142px\" aria-hidden=\"true\" class=\"wp-block-spacer\"><\/div>\n<\/div><\/div>\n\n\n\n<div style=\"height:84px\" aria-hidden=\"true\" class=\"wp-block-spacer\"><\/div>\n\n\n\n<div class=\"wp-block-columns are-vertically-aligned-center is-layout-flex wp-container-core-columns-is-layout-9d6595d7 wp-block-columns-is-layout-flex\">\n<div class=\"wp-block-column is-vertically-aligned-center is-layout-flow wp-block-column-is-layout-flow\">\n<h2 class=\"has-dark-color has-text-color wp-block-heading\">Fujitsu<\/h2>\n\n\n\n<p>Formula hevur \u00ed fleiri \u00e1r umbo\u00f0a Fujitsu og hevur eitt st\u00f3rt \u00farval av skermum \u00ed alskyns st\u00f8ddum. Fujitsu hevur skermar til \u00f8ll sl\u00f8g av arbei\u00f0sbr\u00faki, fr\u00e1 t\u00ed t\u00ed einkla til tann sum hevur t\u00f8rv \u00e1 fleiri skermum. Harumframt telist Fujitsu millum heilt f\u00e1ar framlei\u00f0arar, sum gera allar s\u00ednar skermar \u00ed hv\u00edtum.<\/p>\n\n\n\n<p>Umframt skermar hevur Formula eitt \u00farval av teldum, dokkst\u00f8\u00f0um, servarum og \u00f8\u00f0rum fr\u00e1 Fujitsu.<\/p>\n\n\n\n<p>Formula er Select Expert partnari hj\u00e1 Fujitsu, sum er h\u00e6gsta stigi\u00f0 eitt umbo\u00f0 kann vera.<\/p>\n<\/div>\n\n\n\n<div class=\"wp-block-column is-vertically-aligned-center is-layout-flow wp-block-column-is-layout-flow\">\n<figure class=\"wp-block-image size-full\"><img loading=\"lazy\" decoding=\"async\" width=\"1600\" height=\"900\" src=\"https:\/\/www.formula.fo\/wp-content\/uploads\/2022\/06\/keyvisual_fujitsu_displays2_tcm100-6642479_tcm100-6286607-32.png\" alt=\"\" class=\"wp-image-1746\" srcset=\"https:\/\/www.formula.fo\/wp-content\/uploads\/2022\/06\/keyvisual_fujitsu_displays2_tcm100-6642479_tcm100-6286607-32.png 1600w, https:\/\/www.formula.fo\/wp-content\/uploads\/2022\/06\/keyvisual_fujitsu_displays2_tcm100-6642479_tcm100-6286607-32-800x450.png 800w, https:\/\/www.formula.fo\/wp-content\/uploads\/2022\/06\/keyvisual_fujitsu_displays2_tcm100-6642479_tcm100-6286607-32-768x432.png 768w, https:\/\/www.formula.fo\/wp-content\/uploads\/2022\/06\/keyvisual_fujitsu_displays2_tcm100-6642479_tcm100-6286607-32-1536x864.png 1536w\" sizes=\"auto, (max-width: 1600px) 100vw, 1600px\" \/><\/figure>\n<\/div>\n<\/div>\n\n\n\n<div style=\"height:129px\" aria-hidden=\"true\" class=\"wp-block-spacer\"><\/div>\n\n\n\n<div class=\"wp-block-columns are-vertically-aligned-center is-layout-flex wp-container-core-columns-is-layout-9d6595d7 wp-block-columns-is-layout-flex\">\n<div class=\"wp-block-column is-vertically-aligned-center is-layout-flow wp-block-column-is-layout-flow\">\n<figure class=\"wp-block-image size-full\"><img loading=\"lazy\" decoding=\"async\" width=\"728\" height=\"410\" src=\"https:\/\/www.formula.fo\/wp-content\/uploads\/2022\/06\/Samsung-2021-Monitor-Lineup_thumb728.jpg\" alt=\"\" class=\"wp-image-1748\"\/><\/figure>\n<\/div>\n\n\n\n<div class=\"wp-block-column is-vertically-aligned-center is-layout-flow wp-block-column-is-layout-flow\">\n<h2 class=\"has-dark-color has-text-color wp-block-heading\">Samsung<\/h2>\n\n\n\n<p>Samsung bj\u00f3\u00f0ar eitt st\u00f3rt \u00farval av skermum \u00ed \u00f8llum st\u00f8ddum vi\u00f0 h\u00f8gari og l\u00e1gari myndag\u00f3\u00f0sku. Skal skermurin ver\u00f0a boga\u00f0ur, so kl\u00e1ra Samsung eisini hetta.<\/p>\n<\/div>\n<\/div>\n\n\n\n<div style=\"height:135px\" aria-hidden=\"true\" class=\"wp-block-spacer\"><\/div>\n\n\n\n<div class=\"wp-block-columns are-vertically-aligned-center is-layout-flex wp-container-core-columns-is-layout-9d6595d7 wp-block-columns-is-layout-flex\">\n<div class=\"wp-block-column is-vertically-aligned-center is-layout-flow wp-block-column-is-layout-flow\">\n<h2 class=\"has-dark-color has-text-color wp-block-heading\">Philips<\/h2>\n\n\n\n<p>Ta\u00f0 serstaka vi\u00f0 Philips er, at fleiri av teirra skermum hava innbygt vevkamera, sum l\u00e6ttliga kann fjalast, um ta\u00f0 ikki ver\u00f0ur br\u00fakt. Philips bj\u00f3\u00f0ar eins og hinir, skermar \u00ed alskyns st\u00f8ddum og vi\u00f0 ymsum hentleikum.<\/p>\n<\/div>\n\n\n\n<div class=\"wp-block-column is-vertically-aligned-center is-layout-flow wp-block-column-is-layout-flow\">\n<figure class=\"wp-block-image size-full\"><img loading=\"lazy\" decoding=\"async\" width=\"601\" height=\"235\" src=\"https:\/\/www.formula.fo\/wp-content\/uploads\/2022\/06\/Billede2.png\" alt=\"\" class=\"wp-image-1750\"\/><\/figure>\n<\/div>\n<\/div>\n\n\n\n<div style=\"height:143px\" aria-hidden=\"true\" class=\"wp-block-spacer\"><\/div>\n\n\n\n<div class=\"wp-block-columns are-vertically-aligned-center is-layout-flex wp-container-core-columns-is-layout-9d6595d7 wp-block-columns-is-layout-flex\">\n<div class=\"wp-block-column is-vertically-aligned-center is-layout-flow wp-block-column-is-layout-flow\">\n<figure class=\"wp-block-image size-full\"><img loading=\"lazy\" decoding=\"async\" width=\"1280\" height=\"720\" src=\"https:\/\/www.formula.fo\/wp-content\/uploads\/2022\/06\/article-1280x720.20254b16.jpg\" alt=\"\" class=\"wp-image-1752\" srcset=\"https:\/\/www.formula.fo\/wp-content\/uploads\/2022\/06\/article-1280x720.20254b16.jpg 1280w, https:\/\/www.formula.fo\/wp-content\/uploads\/2022\/06\/article-1280x720.20254b16-800x450.jpg 800w, https:\/\/www.formula.fo\/wp-content\/uploads\/2022\/06\/article-1280x720.20254b16-768x432.jpg 768w\" sizes=\"auto, (max-width: 1280px) 100vw, 1280px\" \/><\/figure>\n<\/div>\n\n\n\n<div class=\"wp-block-column is-vertically-aligned-center is-layout-flow wp-block-column-is-layout-flow\">\n<h2 class=\"has-dark-color has-text-color wp-block-heading\">Dell<\/h2>\n\n\n\n<p>Dell bj\u00f3\u00f0ar eitt st\u00f3rt \u00farval av skermum, sum h\u00f3ska seg til ein og hv\u00f8nn t\u00f8rv.<\/p>\n<\/div>\n<\/div>\n\n\n\n<div style=\"height:132px\" aria-hidden=\"true\" class=\"wp-block-spacer\"><\/div>\n\n\n\n<div class=\"wp-block-columns are-vertically-aligned-center is-layout-flex wp-container-core-columns-is-layout-9d6595d7 wp-block-columns-is-layout-flex\">\n<div class=\"wp-block-column is-vertically-aligned-center is-layout-flow wp-block-column-is-layout-flow\">\n<h2 class=\"has-dark-color has-text-color wp-block-heading\">HP<\/h2>\n\n\n\n<p>HP hevur eitt breitt \u00farval av skermum, sum h\u00f3ska seg til ein og hv\u00f8nn t\u00f8rv.&nbsp; Umframt skermar hevur Formula eitt \u00farval av teldum, dokkst\u00f8\u00f0um og \u00f8\u00f0rum fr\u00e1 HP.<\/p>\n<\/div>\n\n\n\n<div class=\"wp-block-column is-vertically-aligned-center is-layout-flow wp-block-column-is-layout-flow\">\n<figure class=\"wp-block-image size-large\"><img loading=\"lazy\" decoding=\"async\" width=\"1600\" height=\"712\" src=\"https:\/\/www.formula.fo\/wp-content\/uploads\/2022\/06\/HP-S430c-Curved-Ultrawide-Monitor-with-HP-Elite-Dragonfly-1600x712.jpg\" alt=\"\" class=\"wp-image-1754\" srcset=\"https:\/\/www.formula.fo\/wp-content\/uploads\/2022\/06\/HP-S430c-Curved-Ultrawide-Monitor-with-HP-Elite-Dragonfly-1600x712.jpg 1600w, https:\/\/www.formula.fo\/wp-content\/uploads\/2022\/06\/HP-S430c-Curved-Ultrawide-Monitor-with-HP-Elite-Dragonfly-800x356.jpg 800w, https:\/\/www.formula.fo\/wp-content\/uploads\/2022\/06\/HP-S430c-Curved-Ultrawide-Monitor-with-HP-Elite-Dragonfly-768x342.jpg 768w, https:\/\/www.formula.fo\/wp-content\/uploads\/2022\/06\/HP-S430c-Curved-Ultrawide-Monitor-with-HP-Elite-Dragonfly-1536x684.jpg 1536w, https:\/\/www.formula.fo\/wp-content\/uploads\/2022\/06\/HP-S430c-Curved-Ultrawide-Monitor-with-HP-Elite-Dragonfly-2048x912.jpg 2048w\" sizes=\"auto, (max-width: 1600px) 100vw, 1600px\" \/><\/figure>\n<\/div>\n<\/div>\n\n\n\n<div style=\"height:116px\" aria-hidden=\"true\" class=\"wp-block-spacer\"><\/div>\n\n\n\n<div class=\"wp-block-cover alignfull is-light wideContainer\" style=\"min-height:513px;aspect-ratio:unset;\"><span aria-hidden=\"true\" class=\"wp-block-cover__background has-white-background-color has-background-dim-100 has-background-dim\"><\/span><div class=\"wp-block-cover__inner-container is-layout-flow wp-block-cover-is-layout-flow\">\n<div style=\"height:116px\" aria-hidden=\"true\" class=\"wp-block-spacer\"><\/div>\n\n\n\n<h2 class=\"has-text-align-center has-dark-color has-text-color wp-block-heading\">\u00c1huga\u00f0\/ur at hoyra meira?<\/h2>\n\n\n\n<div style=\"height:64px\" aria-hidden=\"true\" class=\"wp-block-spacer\"><\/div>\n\n\n\n<script>\n    var employees_people_block_62a0d4fb98ab6 = JSON.parse('[{\"post_id\":2599,\"post_title\":\"\\u00c1ki Johansen\",\"show_phone\":null,\"totalview_id\":\"81e5f7ef9127af5e8e448b9f028d3996\",\"division\":\"T\\u00f8kni - og rakstrarloysnir\",\"capabilities\":\"Exchange,HyperV,H\\u00fdsing,Net,Office 365,Sophos,SQL,S\\u00f8la,T\\u00f3lb\\u00fana\\u00f0ur,Tr\\u00e1\\u00f0leyst net,Windows,Windows Server\",\"focal_points\":\"50% 50%\",\"image\":\"https:\\\/\\\/www.formula.fo\\\/wp-content\\\/uploads\\\/2022\\\/05\\\/FORMULA-Aki-Johansen-1600x1280-1-800x640.jpg\"}]');var slider_people_block_62a0d4fb98ab6 = 'false';<\/script>\n\n<div id=\"people_block_62a0d4fb98ab6\" class=\"lunnar-people flex\">\n\t\n            <div class=\"swiper-wrapper\">\n            <div v-for=\"(employee, index) in employees\" :key=\"index\" class=\"employee-card swiper-slide\">\n                <div class=\"employee-card--content-image\">\n                    <img decoding=\"async\" v-show=\"!employee.image\" src=\"https:\/\/www.formula.fo\/wp-content\/themes\/lunnar-formula\/images\/backup-image.jpg\" \/>\n                    <img v-if=\"employee.image\" :src=\"employee.image\" :style=\"`object-fit: ${employee.focal_points}`\" \/>\n                    <div class=\"employee-status\" v-html=\"get_employee_status(employee.totalview_id)\" :data-id=\"employee.totalview_id\"><\/div>\n                <\/div>\n    \n                <div class=\"employee-card--content-text\">\n                    <h3 v-if=\"employee.post_title\" class=\"employee-name\">{{employee.post_title}}<\/h3>\n                    \n                    <div v-if=\"employee.division\" class=\"employee-title\">{{employee.division}}<\/div>\n                            \n                    <div class=\"employee-contact\">\n                        <div v-if=\"employee.phone\" class=\"employee-contact--item employee-contact--phone\">\n                            <span>Tel.<\/span>\n                            <a :href=\"`tel:${employee.phone}`\">{{split_phone_number(employee.phone)}}<\/a>\n                        <\/div>\n                        \n                        <div class=\"employee-contact--item employee-contact--email\" @click=\"open_modal(employee)\">\n                            Send Message                        <\/div>\n                    <\/div>\n                <\/div>\n            <\/div>\n        <\/div>\n\n        <div class=\"swiper-pagination\"><\/div>\n    \n    <\/div>\n\n\n\n<div style=\"height:116px\" aria-hidden=\"true\" class=\"wp-block-spacer\"><\/div>\n<\/div><\/div>\n","protected":false},"excerpt":{"rendered":"<p>Fujitsu Formula hevur \u00ed fleiri \u00e1r umbo\u00f0a Fujitsu og hevur eitt st\u00f3rt \u00farval av skermum \u00ed alskyns st\u00f8ddum. Fujitsu hevur skermar til \u00f8ll sl\u00f8g av arbei\u00f0sbr\u00faki, fr\u00e1 t\u00ed t\u00ed einkla til tann sum hevur t\u00f8rv \u00e1 fleiri skermum. Harumframt telist Fujitsu millum heilt f\u00e1ar framlei\u00f0arar, sum gera allar s\u00ednar skermar \u00ed hv\u00edtum. Umframt skermar hevur [&hellip;]<\/p>\n","protected":false},"author":1,"featured_media":0,"parent":355,"menu_order":2,"comment_status":"closed","ping_status":"closed","template":"templates\/page-wide.php","meta":{"_acf_changed":false,"footnotes":""},"class_list":["post-426","page","type-page","status-publish","hentry"],"acf":[],"yoast_head":"<!-- This site is optimized with the Yoast SEO plugin v27.3 - https:\/\/yoast.com\/product\/yoast-seo-wordpress\/ -->\n<title>Skermar - Formula<\/title>\n<meta name=\"robots\" content=\"index, follow, max-snippet:-1, max-image-preview:large, max-video-preview:-1\" \/>\n<link rel=\"canonical\" href=\"https:\/\/www.formula.fo\/en\/utgerd\/teldur-og-tilhoyr\/skermar\/\" \/>\n<meta property=\"og:locale\" content=\"en_US\" \/>\n<meta property=\"og:type\" content=\"article\" \/>\n<meta property=\"og:title\" content=\"Skermar - Formula\" \/>\n<meta property=\"og:description\" content=\"Fujitsu Formula hevur \u00ed fleiri \u00e1r umbo\u00f0a Fujitsu og hevur eitt st\u00f3rt \u00farval av skermum \u00ed alskyns st\u00f8ddum. Fujitsu hevur skermar til \u00f8ll sl\u00f8g av arbei\u00f0sbr\u00faki, fr\u00e1 t\u00ed t\u00ed einkla til tann sum hevur t\u00f8rv \u00e1 fleiri skermum. Harumframt telist Fujitsu millum heilt f\u00e1ar framlei\u00f0arar, sum gera allar s\u00ednar skermar \u00ed hv\u00edtum. Umframt skermar hevur [&hellip;]\" \/>\n<meta property=\"og:url\" content=\"https:\/\/www.formula.fo\/en\/utgerd\/teldur-og-tilhoyr\/skermar\/\" \/>\n<meta property=\"og:site_name\" content=\"Formula\" \/>\n<meta property=\"article:modified_time\" content=\"2022-06-26T21:12:42+00:00\" \/>\n<meta property=\"og:image\" content=\"https:\/\/www.formula.fo\/wp-content\/uploads\/2022\/06\/AdobeStock_307139819.jpeg\" \/>\n<meta name=\"twitter:card\" content=\"summary_large_image\" \/>\n<meta name=\"twitter:label1\" content=\"Est. reading time\" \/>\n\t<meta name=\"twitter:data1\" content=\"3 minutes\" \/>\n<script type=\"application\/ld+json\" class=\"yoast-schema-graph\">{\"@context\":\"https:\\\/\\\/schema.org\",\"@graph\":[{\"@type\":\"WebPage\",\"@id\":\"https:\\\/\\\/www.formula.fo\\\/en\\\/utgerd\\\/teldur-og-tilhoyr\\\/skermar\\\/\",\"url\":\"https:\\\/\\\/www.formula.fo\\\/en\\\/utgerd\\\/teldur-og-tilhoyr\\\/skermar\\\/\",\"name\":\"Skermar - Formula\",\"isPartOf\":{\"@id\":\"https:\\\/\\\/www.formula.fo\\\/en\\\/#website\"},\"primaryImageOfPage\":{\"@id\":\"https:\\\/\\\/www.formula.fo\\\/en\\\/utgerd\\\/teldur-og-tilhoyr\\\/skermar\\\/#primaryimage\"},\"image\":{\"@id\":\"https:\\\/\\\/www.formula.fo\\\/en\\\/utgerd\\\/teldur-og-tilhoyr\\\/skermar\\\/#primaryimage\"},\"thumbnailUrl\":\"https:\\\/\\\/www.formula.fo\\\/wp-content\\\/uploads\\\/2022\\\/06\\\/AdobeStock_307139819.jpeg\",\"datePublished\":\"2022-03-18T14:35:55+00:00\",\"dateModified\":\"2022-06-26T21:12:42+00:00\",\"breadcrumb\":{\"@id\":\"https:\\\/\\\/www.formula.fo\\\/en\\\/utgerd\\\/teldur-og-tilhoyr\\\/skermar\\\/#breadcrumb\"},\"inLanguage\":\"en-US\",\"potentialAction\":[{\"@type\":\"ReadAction\",\"target\":[\"https:\\\/\\\/www.formula.fo\\\/en\\\/utgerd\\\/teldur-og-tilhoyr\\\/skermar\\\/\"]}]},{\"@type\":\"ImageObject\",\"inLanguage\":\"en-US\",\"@id\":\"https:\\\/\\\/www.formula.fo\\\/en\\\/utgerd\\\/teldur-og-tilhoyr\\\/skermar\\\/#primaryimage\",\"url\":\"https:\\\/\\\/www.formula.fo\\\/wp-content\\\/uploads\\\/2022\\\/06\\\/AdobeStock_307139819.jpeg\",\"contentUrl\":\"https:\\\/\\\/www.formula.fo\\\/wp-content\\\/uploads\\\/2022\\\/06\\\/AdobeStock_307139819.jpeg\"},{\"@type\":\"BreadcrumbList\",\"@id\":\"https:\\\/\\\/www.formula.fo\\\/en\\\/utgerd\\\/teldur-og-tilhoyr\\\/skermar\\\/#breadcrumb\",\"itemListElement\":[{\"@type\":\"ListItem\",\"position\":1,\"name\":\"Home\",\"item\":\"https:\\\/\\\/www.formula.fo\\\/en\\\/\"},{\"@type\":\"ListItem\",\"position\":2,\"name\":\"\u00datger\u00f0\",\"item\":\"https:\\\/\\\/www.formula.fo\\\/en\\\/utgerd\\\/\"},{\"@type\":\"ListItem\",\"position\":3,\"name\":\"Teldur og tilhoyr\",\"item\":\"https:\\\/\\\/www.formula.fo\\\/en\\\/utgerd\\\/teldur-og-tilhoyr\\\/\"},{\"@type\":\"ListItem\",\"position\":4,\"name\":\"Skermar\"}]},{\"@type\":\"WebSite\",\"@id\":\"https:\\\/\\\/www.formula.fo\\\/en\\\/#website\",\"url\":\"https:\\\/\\\/www.formula.fo\\\/en\\\/\",\"name\":\"Formula\",\"description\":\"Formula\",\"publisher\":{\"@id\":\"https:\\\/\\\/www.formula.fo\\\/en\\\/#organization\"},\"potentialAction\":[{\"@type\":\"SearchAction\",\"target\":{\"@type\":\"EntryPoint\",\"urlTemplate\":\"https:\\\/\\\/www.formula.fo\\\/en\\\/?s={search_term_string}\"},\"query-input\":{\"@type\":\"PropertyValueSpecification\",\"valueRequired\":true,\"valueName\":\"search_term_string\"}}],\"inLanguage\":\"en-US\"},{\"@type\":\"Organization\",\"@id\":\"https:\\\/\\\/www.formula.fo\\\/en\\\/#organization\",\"name\":\"Formula\",\"url\":\"https:\\\/\\\/www.formula.fo\\\/en\\\/\",\"logo\":{\"@type\":\"ImageObject\",\"inLanguage\":\"en-US\",\"@id\":\"https:\\\/\\\/www.formula.fo\\\/en\\\/#\\\/schema\\\/logo\\\/image\\\/\",\"url\":\"https:\\\/\\\/www.formula.fo\\\/wp-content\\\/uploads\\\/2022\\\/03\\\/logo.png\",\"contentUrl\":\"https:\\\/\\\/www.formula.fo\\\/wp-content\\\/uploads\\\/2022\\\/03\\\/logo.png\",\"width\":227,\"height\":73,\"caption\":\"Formula\"},\"image\":{\"@id\":\"https:\\\/\\\/www.formula.fo\\\/en\\\/#\\\/schema\\\/logo\\\/image\\\/\"}}]}<\/script>\n<!-- \/ Yoast SEO plugin. -->","yoast_head_json":{"title":"Skermar - Formula","robots":{"index":"index","follow":"follow","max-snippet":"max-snippet:-1","max-image-preview":"max-image-preview:large","max-video-preview":"max-video-preview:-1"},"canonical":"https:\/\/www.formula.fo\/en\/utgerd\/teldur-og-tilhoyr\/skermar\/","og_locale":"en_US","og_type":"article","og_title":"Skermar - Formula","og_description":"Fujitsu Formula hevur \u00ed fleiri \u00e1r umbo\u00f0a Fujitsu og hevur eitt st\u00f3rt \u00farval av skermum \u00ed alskyns st\u00f8ddum. Fujitsu hevur skermar til \u00f8ll sl\u00f8g av arbei\u00f0sbr\u00faki, fr\u00e1 t\u00ed t\u00ed einkla til tann sum hevur t\u00f8rv \u00e1 fleiri skermum. Harumframt telist Fujitsu millum heilt f\u00e1ar framlei\u00f0arar, sum gera allar s\u00ednar skermar \u00ed hv\u00edtum. Umframt skermar hevur [&hellip;]","og_url":"https:\/\/www.formula.fo\/en\/utgerd\/teldur-og-tilhoyr\/skermar\/","og_site_name":"Formula","article_modified_time":"2022-06-26T21:12:42+00:00","og_image":[{"url":"https:\/\/www.formula.fo\/wp-content\/uploads\/2022\/06\/AdobeStock_307139819.jpeg","type":"","width":"","height":""}],"twitter_card":"summary_large_image","twitter_misc":{"Est. reading time":"3 minutes"},"schema":{"@context":"https:\/\/schema.org","@graph":[{"@type":"WebPage","@id":"https:\/\/www.formula.fo\/en\/utgerd\/teldur-og-tilhoyr\/skermar\/","url":"https:\/\/www.formula.fo\/en\/utgerd\/teldur-og-tilhoyr\/skermar\/","name":"Skermar - Formula","isPartOf":{"@id":"https:\/\/www.formula.fo\/en\/#website"},"primaryImageOfPage":{"@id":"https:\/\/www.formula.fo\/en\/utgerd\/teldur-og-tilhoyr\/skermar\/#primaryimage"},"image":{"@id":"https:\/\/www.formula.fo\/en\/utgerd\/teldur-og-tilhoyr\/skermar\/#primaryimage"},"thumbnailUrl":"https:\/\/www.formula.fo\/wp-content\/uploads\/2022\/06\/AdobeStock_307139819.jpeg","datePublished":"2022-03-18T14:35:55+00:00","dateModified":"2022-06-26T21:12:42+00:00","breadcrumb":{"@id":"https:\/\/www.formula.fo\/en\/utgerd\/teldur-og-tilhoyr\/skermar\/#breadcrumb"},"inLanguage":"en-US","potentialAction":[{"@type":"ReadAction","target":["https:\/\/www.formula.fo\/en\/utgerd\/teldur-og-tilhoyr\/skermar\/"]}]},{"@type":"ImageObject","inLanguage":"en-US","@id":"https:\/\/www.formula.fo\/en\/utgerd\/teldur-og-tilhoyr\/skermar\/#primaryimage","url":"https:\/\/www.formula.fo\/wp-content\/uploads\/2022\/06\/AdobeStock_307139819.jpeg","contentUrl":"https:\/\/www.formula.fo\/wp-content\/uploads\/2022\/06\/AdobeStock_307139819.jpeg"},{"@type":"BreadcrumbList","@id":"https:\/\/www.formula.fo\/en\/utgerd\/teldur-og-tilhoyr\/skermar\/#breadcrumb","itemListElement":[{"@type":"ListItem","position":1,"name":"Home","item":"https:\/\/www.formula.fo\/en\/"},{"@type":"ListItem","position":2,"name":"\u00datger\u00f0","item":"https:\/\/www.formula.fo\/en\/utgerd\/"},{"@type":"ListItem","position":3,"name":"Teldur og tilhoyr","item":"https:\/\/www.formula.fo\/en\/utgerd\/teldur-og-tilhoyr\/"},{"@type":"ListItem","position":4,"name":"Skermar"}]},{"@type":"WebSite","@id":"https:\/\/www.formula.fo\/en\/#website","url":"https:\/\/www.formula.fo\/en\/","name":"Formula","description":"Formula","publisher":{"@id":"https:\/\/www.formula.fo\/en\/#organization"},"potentialAction":[{"@type":"SearchAction","target":{"@type":"EntryPoint","urlTemplate":"https:\/\/www.formula.fo\/en\/?s={search_term_string}"},"query-input":{"@type":"PropertyValueSpecification","valueRequired":true,"valueName":"search_term_string"}}],"inLanguage":"en-US"},{"@type":"Organization","@id":"https:\/\/www.formula.fo\/en\/#organization","name":"Formula","url":"https:\/\/www.formula.fo\/en\/","logo":{"@type":"ImageObject","inLanguage":"en-US","@id":"https:\/\/www.formula.fo\/en\/#\/schema\/logo\/image\/","url":"https:\/\/www.formula.fo\/wp-content\/uploads\/2022\/03\/logo.png","contentUrl":"https:\/\/www.formula.fo\/wp-content\/uploads\/2022\/03\/logo.png","width":227,"height":73,"caption":"Formula"},"image":{"@id":"https:\/\/www.formula.fo\/en\/#\/schema\/logo\/image\/"}}]}},"_links":{"self":[{"href":"https:\/\/www.formula.fo\/en\/wp-json\/wp\/v2\/pages\/426","targetHints":{"allow":["GET"]}}],"collection":[{"href":"https:\/\/www.formula.fo\/en\/wp-json\/wp\/v2\/pages"}],"about":[{"href":"https:\/\/www.formula.fo\/en\/wp-json\/wp\/v2\/types\/page"}],"author":[{"embeddable":true,"href":"https:\/\/www.formula.fo\/en\/wp-json\/wp\/v2\/users\/1"}],"replies":[{"embeddable":true,"href":"https:\/\/www.formula.fo\/en\/wp-json\/wp\/v2\/comments?post=426"}],"version-history":[{"count":20,"href":"https:\/\/www.formula.fo\/en\/wp-json\/wp\/v2\/pages\/426\/revisions"}],"predecessor-version":[{"id":3637,"href":"https:\/\/www.formula.fo\/en\/wp-json\/wp\/v2\/pages\/426\/revisions\/3637"}],"up":[{"embeddable":true,"href":"https:\/\/www.formula.fo\/en\/wp-json\/wp\/v2\/pages\/355"}],"wp:attachment":[{"href":"https:\/\/www.formula.fo\/en\/wp-json\/wp\/v2\/media?parent=426"}],"curies":[{"name":"wp","href":"https:\/\/api.w.org\/{rel}","templated":true}]}}