
{"id":428,"date":"2022-03-18T14:36:27","date_gmt":"2022-03-18T14:36:27","guid":{"rendered":"https:\/\/www.formula.fo\/?page_id=428"},"modified":"2022-06-27T13:29:05","modified_gmt":"2022-06-27T13:29:05","slug":"dokkstod-headset-osfr","status":"publish","type":"page","link":"https:\/\/www.formula.fo\/en\/utgerd\/teldur-og-tilhoyr\/dokkstod-headset-osfr\/","title":{"rendered":"Tilhoyr"},"content":{"rendered":"\n<div class=\"wp-block-cover alignfull is-light\" style=\"min-height:668px;aspect-ratio:unset;\"><span aria-hidden=\"true\" class=\"wp-block-cover__background has-blue-background-color has-background-dim\"><\/span><img loading=\"lazy\" decoding=\"async\" width=\"1613\" height=\"1075\" class=\"wp-block-cover__image-background wp-image-1758\" alt=\"\" src=\"https:\/\/www.formula.fo\/wp-content\/uploads\/2022\/06\/Poly_Lens_Studio_P5_Lifestyle_1.jpg\" style=\"object-position:31% 20%\" data-object-fit=\"cover\" data-object-position=\"31% 20%\" srcset=\"https:\/\/www.formula.fo\/wp-content\/uploads\/2022\/06\/Poly_Lens_Studio_P5_Lifestyle_1.jpg 1613w, https:\/\/www.formula.fo\/wp-content\/uploads\/2022\/06\/Poly_Lens_Studio_P5_Lifestyle_1-800x533.jpg 800w, https:\/\/www.formula.fo\/wp-content\/uploads\/2022\/06\/Poly_Lens_Studio_P5_Lifestyle_1-1600x1066.jpg 1600w, https:\/\/www.formula.fo\/wp-content\/uploads\/2022\/06\/Poly_Lens_Studio_P5_Lifestyle_1-768x512.jpg 768w, https:\/\/www.formula.fo\/wp-content\/uploads\/2022\/06\/Poly_Lens_Studio_P5_Lifestyle_1-1536x1024.jpg 1536w\" sizes=\"auto, (max-width: 1613px) 100vw, 1613px\" \/><div class=\"wp-block-cover__inner-container is-layout-flow wp-block-cover-is-layout-flow\">\n<h1 class=\"has-text-align-center has-white-color has-text-color wp-block-heading\">Finn r\u00e6tta teldutilhoyri\u00f0 hj\u00e1 okkum<\/h1>\n<\/div><\/div>\n\n\n\n<div style=\"height:50px\" aria-hidden=\"true\" class=\"wp-block-spacer\"><\/div>\n\n\n\n<h2 class=\"has-text-align-center has-dark-color has-text-color wp-block-heading\">St\u00f3rt \u00farval av tilhoyri<\/h2>\n\n\n\n<p class=\"has-text-align-center\">Skalt t\u00fa hava einar n\u00fdggjar oyrnatelefonir, n\u00fdggja dokkst\u00f8\u00f0, vevkamera ella okkurt tri\u00f0ja, so bj\u00f3\u00f0a vit eitt hav av tilhoyri. T\u00ed bj\u00f3\u00f0ar Formula eitt st\u00f3rt \u00farval av tilhoyri fr\u00e1 fleiri merkjum m.a. Fujitsu, Poly og Microsoft.<\/p>\n\n\n\n<p class=\"has-text-align-center\">T\u00f8rvar t\u00e6r hj\u00e1lp at finna ta\u00f0 r\u00e6tta\u00f0 tilhoyri\u00f0, hj\u00e1lpa vit fegin vi\u00f0 hesum, so vit \u00ed felag finna r\u00f8ttu loysnina, sum h\u00f3skar seg til tykkara t\u00f8rv.&nbsp;&nbsp;<\/p>\n\n\n\n<p class=\"has-text-align-center\">Ni\u00f0anfyri kanst t\u00fa lesa meira um naka\u00f0 av t\u00ed tilhoyrinum, vit bj\u00f3\u00f0a.<\/p>\n\n\n\n<div style=\"height:50px\" aria-hidden=\"true\" class=\"wp-block-spacer\"><\/div>\n\n\n\n<div class=\"wp-block-columns are-vertically-aligned-center is-layout-flex wp-container-core-columns-is-layout-9d6595d7 wp-block-columns-is-layout-flex\">\n<div class=\"wp-block-column is-vertically-aligned-center is-layout-flow wp-block-column-is-layout-flow\">\n<h2 class=\"has-dark-color has-text-color wp-block-heading\">Oyrnatelefonir<\/h2>\n\n\n\n<p>Vit vita, hvussu umr\u00e1\u00f0andi ta\u00f0 er at hava eina g\u00f3\u00f0ar oyrnartelefonir, t\u00e1 man tosar n\u00f3gv \u00ed telefon ella lurtar eftir t\u00f3nleiki. T\u00ed umbo\u00f0ar Formula merki Poly, sum helst ger bestu oyrnatelefonir \u00e1 markna\u00f0inum. Vi\u00f0 Poly ber til at f\u00e1a einar oyrnatelefonir, sum betra um samskifti\u00f0, t\u00ed t\u00e6r hava m.a. Poly Acoustic Fence, sum filtrerar alt \u00f3lj\u00f3\u00f0 rundan um teg burtur, so t\u00fa hoyrist betur.<\/p>\n\n\n\n<p><a href=\"https:\/\/www.facebook.com\/formula.fo\/videos\/473651813791021\" target=\"_blank\" rel=\"noreferrer noopener\">Tr\u00fdst her<\/a> fyri at hoyra, hvussu Poly filtrerar \u00f3lj\u00f3\u00f0 burtur. <\/p>\n\n\n\n<p>Umframt Poly hava vit eisini oyrnatelefonir fr\u00e1 \u00f8\u00f0rum veitarum t.d. Apple og Jabra.<\/p>\n<\/div>\n\n\n\n<div class=\"wp-block-column is-vertically-aligned-center is-layout-flow wp-block-column-is-layout-flow\">\n<figure class=\"wp-block-image aligncenter size-full is-resized\"><img loading=\"lazy\" decoding=\"async\" src=\"https:\/\/www.formula.fo\/wp-content\/uploads\/2022\/06\/Poly-Voyager-Focus-2_Hero_trans_rgb.png\" alt=\"\" class=\"wp-image-1763\" width=\"614\" height=\"307\"\/><\/figure>\n<\/div>\n<\/div>\n\n\n\n<div style=\"height:50px\" aria-hidden=\"true\" class=\"wp-block-spacer\"><\/div>\n\n\n\n<div class=\"wp-block-columns are-vertically-aligned-center is-layout-flex wp-container-core-columns-is-layout-9d6595d7 wp-block-columns-is-layout-flex\">\n<div class=\"wp-block-column is-vertically-aligned-center is-layout-flow wp-block-column-is-layout-flow\">\n<figure class=\"wp-block-image size-full\"><img loading=\"lazy\" decoding=\"async\" width=\"420\" height=\"268\" src=\"https:\/\/www.formula.fo\/wp-content\/uploads\/2022\/06\/W-DK46594_tcm100-3525916_tcm100-5309118-32.png\" alt=\"\" class=\"wp-image-1778\"\/><\/figure>\n<\/div>\n\n\n\n<div class=\"wp-block-column is-vertically-aligned-center is-layout-flow wp-block-column-is-layout-flow\">\n<h2 class=\"has-dark-color has-text-color wp-block-heading\">Dokkst\u00f8\u00f0<\/h2>\n\n\n\n<p>Vit bj\u00f3\u00f0a eitt breitt \u00farval av d\u00f8kkst\u00f8\u00f0um fr\u00e1 flestu merkjum t.d. Fujitsu, Microsoft, HP og Lenovo. \u00c1 <a href=\"http:\/\/nethandil\">nethandlinum<\/a> s\u00e6rt t\u00fa flestu dokkst\u00f8\u00f0ir, sum vit hava \u00e1 goymslu.&nbsp;<\/p>\n<\/div>\n<\/div>\n\n\n\n<div style=\"height:50px\" aria-hidden=\"true\" class=\"wp-block-spacer\"><\/div>\n\n\n\n<div class=\"wp-block-columns are-vertically-aligned-center is-layout-flex wp-container-core-columns-is-layout-9d6595d7 wp-block-columns-is-layout-flex\">\n<div class=\"wp-block-column is-vertically-aligned-center is-layout-flow wp-block-column-is-layout-flow\">\n<h2 class=\"has-dark-color has-text-color wp-block-heading\">Vevkamera<\/h2>\n\n\n\n<p>Vit bj\u00f3\u00f0a eisini ymisk vevkamera, sum h\u00f3ska seg til allar br\u00fakarar. L\u00edka miki\u00f0 um ta\u00f0 er tann, sum sj\u00e1ldan br\u00fakar eitt kamera ella tann, sum br\u00fakar ta\u00f0 hv\u00f8nn dag. Vit bj\u00f3\u00f0a m.a. sn\u00f8gg og einkul 4K vevkamera og st\u00f8rri vevkamera, sum hava alskyns hentleikar og h\u00e1talara innbygt.<\/p>\n<\/div>\n\n\n\n<div class=\"wp-block-column is-vertically-aligned-center is-layout-flow wp-block-column-is-layout-flow\">\n<figure class=\"wp-block-image size-full\"><img loading=\"lazy\" decoding=\"async\" width=\"640\" height=\"320\" src=\"https:\/\/www.formula.fo\/wp-content\/uploads\/2022\/06\/Poly_Studio_P5_Right_trans_rgb-640x640-1.png\" alt=\"\" class=\"wp-image-1780\"\/><\/figure>\n<\/div>\n<\/div>\n\n\n\n<div style=\"height:50px\" aria-hidden=\"true\" class=\"wp-block-spacer\"><\/div>\n\n\n\n<h2 class=\"has-text-align-center has-dark-color has-text-color wp-block-heading\">Anna\u00f0<\/h2>\n\n\n\n<p class=\"has-text-align-center\">Formula bj\u00f3\u00f0ar eitt st\u00f3rt \u00farval av \u00f8\u00f0rum tilhoyri, sum ikki stendur \u00e1 heimas\u00ed\u00f0u okkara, men sum t\u00fa finnur \u00ed h\u00f8lum okkara \u00ed T\u00f3rshavn ella \u00e1 nethandli okkara.&nbsp;<\/p>\n\n\n\n<p class=\"has-text-align-center\">M.a. hava vit teldutaskur, k\u00e1plar, diskar, geymar, tastatur og m\u00fds og mangt anna\u00f0 \u00e1 goymslu.<\/p>\n\n\n\n<div style=\"height:100px\" aria-hidden=\"true\" class=\"wp-block-spacer\"><\/div>\n\n\n\n<h2 class=\"has-text-align-center has-dark-color has-text-color wp-block-heading\">\u00c1huga\u00f0\/ur at hoyra meira?<\/h2>\n\n\n\n<script>\n    var employees_people_block_62a0dddc55872 = JSON.parse('[{\"post_id\":2599,\"post_title\":\"\\u00c1ki Johansen\",\"show_phone\":null,\"totalview_id\":\"81e5f7ef9127af5e8e448b9f028d3996\",\"division\":\"T\\u00f8kni - og rakstrarloysnir\",\"capabilities\":\"Exchange,HyperV,H\\u00fdsing,Net,Office 365,Sophos,SQL,S\\u00f8la,T\\u00f3lb\\u00fana\\u00f0ur,Tr\\u00e1\\u00f0leyst net,Windows,Windows Server\",\"focal_points\":\"50% 50%\",\"image\":\"https:\\\/\\\/www.formula.fo\\\/wp-content\\\/uploads\\\/2022\\\/05\\\/FORMULA-Aki-Johansen-1600x1280-1-800x640.jpg\"}]');var slider_people_block_62a0dddc55872 = 'false';<\/script>\n\n<div id=\"people_block_62a0dddc55872\" class=\"lunnar-people alignwide flex\">\n\t\n            <div class=\"swiper-wrapper\">\n            <div v-for=\"(employee, index) in employees\" :key=\"index\" class=\"employee-card swiper-slide\">\n                <div class=\"employee-card--content-image\">\n                    <img decoding=\"async\" v-show=\"!employee.image\" src=\"https:\/\/www.formula.fo\/wp-content\/themes\/lunnar-formula\/images\/backup-image.jpg\" \/>\n                    <img v-if=\"employee.image\" :src=\"employee.image\" :style=\"`object-fit: ${employee.focal_points}`\" \/>\n                    <div class=\"employee-status\" v-html=\"get_employee_status(employee.totalview_id)\" :data-id=\"employee.totalview_id\"><\/div>\n                <\/div>\n    \n                <div class=\"employee-card--content-text\">\n                    <h3 v-if=\"employee.post_title\" class=\"employee-name\">{{employee.post_title}}<\/h3>\n                    \n                    <div v-if=\"employee.division\" class=\"employee-title\">{{employee.division}}<\/div>\n                            \n                    <div class=\"employee-contact\">\n                        <div v-if=\"employee.phone\" class=\"employee-contact--item employee-contact--phone\">\n                            <span>Tel.<\/span>\n                            <a :href=\"`tel:${employee.phone}`\">{{split_phone_number(employee.phone)}}<\/a>\n                        <\/div>\n                        \n                        <div class=\"employee-contact--item employee-contact--email\" @click=\"open_modal(employee)\">\n                            Send Message                        <\/div>\n                    <\/div>\n                <\/div>\n            <\/div>\n        <\/div>\n\n        <div class=\"swiper-pagination\"><\/div>\n    \n    <\/div>\n\n\n\n<div style=\"height:100px\" aria-hidden=\"true\" class=\"wp-block-spacer\"><\/div>\n","protected":false},"excerpt":{"rendered":"<p>St\u00f3rt \u00farval av tilhoyri Skalt t\u00fa hava einar n\u00fdggjar oyrnatelefonir, n\u00fdggja dokkst\u00f8\u00f0, vevkamera ella okkurt tri\u00f0ja, so bj\u00f3\u00f0a vit eitt hav av tilhoyri. T\u00ed bj\u00f3\u00f0ar Formula eitt st\u00f3rt \u00farval av tilhoyri fr\u00e1 fleiri merkjum m.a. Fujitsu, Poly og Microsoft. T\u00f8rvar t\u00e6r hj\u00e1lp at finna ta\u00f0 r\u00e6tta\u00f0 tilhoyri\u00f0, hj\u00e1lpa vit fegin vi\u00f0 hesum, so vit \u00ed [&hellip;]<\/p>\n","protected":false},"author":1,"featured_media":0,"parent":355,"menu_order":3,"comment_status":"closed","ping_status":"closed","template":"templates\/page-wide.php","meta":{"_acf_changed":false,"footnotes":""},"class_list":["post-428","page","type-page","status-publish","hentry"],"acf":[],"yoast_head":"<!-- This site is optimized with the Yoast SEO plugin v27.3 - https:\/\/yoast.com\/product\/yoast-seo-wordpress\/ -->\n<title>Tilhoyr - Formula<\/title>\n<meta name=\"robots\" content=\"index, follow, max-snippet:-1, max-image-preview:large, max-video-preview:-1\" \/>\n<link rel=\"canonical\" href=\"https:\/\/www.formula.fo\/en\/utgerd\/teldur-og-tilhoyr\/dokkstod-headset-osfr\/\" \/>\n<meta property=\"og:locale\" content=\"en_US\" \/>\n<meta property=\"og:type\" content=\"article\" \/>\n<meta property=\"og:title\" content=\"Tilhoyr - Formula\" \/>\n<meta property=\"og:description\" content=\"St\u00f3rt \u00farval av tilhoyri Skalt t\u00fa hava einar n\u00fdggjar oyrnatelefonir, n\u00fdggja dokkst\u00f8\u00f0, vevkamera ella okkurt tri\u00f0ja, so bj\u00f3\u00f0a vit eitt hav av tilhoyri. T\u00ed bj\u00f3\u00f0ar Formula eitt st\u00f3rt \u00farval av tilhoyri fr\u00e1 fleiri merkjum m.a. Fujitsu, Poly og Microsoft. T\u00f8rvar t\u00e6r hj\u00e1lp at finna ta\u00f0 r\u00e6tta\u00f0 tilhoyri\u00f0, hj\u00e1lpa vit fegin vi\u00f0 hesum, so vit \u00ed [&hellip;]\" \/>\n<meta property=\"og:url\" content=\"https:\/\/www.formula.fo\/en\/utgerd\/teldur-og-tilhoyr\/dokkstod-headset-osfr\/\" \/>\n<meta property=\"og:site_name\" content=\"Formula\" \/>\n<meta property=\"article:modified_time\" content=\"2022-06-27T13:29:05+00:00\" \/>\n<meta property=\"og:image\" content=\"https:\/\/www.formula.fo\/wp-content\/uploads\/2022\/06\/Poly_Lens_Studio_P5_Lifestyle_1.jpg\" \/>\n<meta name=\"twitter:card\" content=\"summary_large_image\" \/>\n<meta name=\"twitter:label1\" content=\"Est. reading time\" \/>\n\t<meta name=\"twitter:data1\" content=\"3 minutes\" \/>\n<script type=\"application\/ld+json\" class=\"yoast-schema-graph\">{\"@context\":\"https:\\\/\\\/schema.org\",\"@graph\":[{\"@type\":\"WebPage\",\"@id\":\"https:\\\/\\\/www.formula.fo\\\/en\\\/utgerd\\\/teldur-og-tilhoyr\\\/dokkstod-headset-osfr\\\/\",\"url\":\"https:\\\/\\\/www.formula.fo\\\/en\\\/utgerd\\\/teldur-og-tilhoyr\\\/dokkstod-headset-osfr\\\/\",\"name\":\"Tilhoyr - Formula\",\"isPartOf\":{\"@id\":\"https:\\\/\\\/www.formula.fo\\\/en\\\/#website\"},\"primaryImageOfPage\":{\"@id\":\"https:\\\/\\\/www.formula.fo\\\/en\\\/utgerd\\\/teldur-og-tilhoyr\\\/dokkstod-headset-osfr\\\/#primaryimage\"},\"image\":{\"@id\":\"https:\\\/\\\/www.formula.fo\\\/en\\\/utgerd\\\/teldur-og-tilhoyr\\\/dokkstod-headset-osfr\\\/#primaryimage\"},\"thumbnailUrl\":\"https:\\\/\\\/www.formula.fo\\\/wp-content\\\/uploads\\\/2022\\\/06\\\/Poly_Lens_Studio_P5_Lifestyle_1.jpg\",\"datePublished\":\"2022-03-18T14:36:27+00:00\",\"dateModified\":\"2022-06-27T13:29:05+00:00\",\"breadcrumb\":{\"@id\":\"https:\\\/\\\/www.formula.fo\\\/en\\\/utgerd\\\/teldur-og-tilhoyr\\\/dokkstod-headset-osfr\\\/#breadcrumb\"},\"inLanguage\":\"en-US\",\"potentialAction\":[{\"@type\":\"ReadAction\",\"target\":[\"https:\\\/\\\/www.formula.fo\\\/en\\\/utgerd\\\/teldur-og-tilhoyr\\\/dokkstod-headset-osfr\\\/\"]}]},{\"@type\":\"ImageObject\",\"inLanguage\":\"en-US\",\"@id\":\"https:\\\/\\\/www.formula.fo\\\/en\\\/utgerd\\\/teldur-og-tilhoyr\\\/dokkstod-headset-osfr\\\/#primaryimage\",\"url\":\"https:\\\/\\\/www.formula.fo\\\/wp-content\\\/uploads\\\/2022\\\/06\\\/Poly_Lens_Studio_P5_Lifestyle_1.jpg\",\"contentUrl\":\"https:\\\/\\\/www.formula.fo\\\/wp-content\\\/uploads\\\/2022\\\/06\\\/Poly_Lens_Studio_P5_Lifestyle_1.jpg\"},{\"@type\":\"BreadcrumbList\",\"@id\":\"https:\\\/\\\/www.formula.fo\\\/en\\\/utgerd\\\/teldur-og-tilhoyr\\\/dokkstod-headset-osfr\\\/#breadcrumb\",\"itemListElement\":[{\"@type\":\"ListItem\",\"position\":1,\"name\":\"Home\",\"item\":\"https:\\\/\\\/www.formula.fo\\\/en\\\/\"},{\"@type\":\"ListItem\",\"position\":2,\"name\":\"\u00datger\u00f0\",\"item\":\"https:\\\/\\\/www.formula.fo\\\/en\\\/utgerd\\\/\"},{\"@type\":\"ListItem\",\"position\":3,\"name\":\"Teldur og tilhoyr\",\"item\":\"https:\\\/\\\/www.formula.fo\\\/en\\\/utgerd\\\/teldur-og-tilhoyr\\\/\"},{\"@type\":\"ListItem\",\"position\":4,\"name\":\"Tilhoyr\"}]},{\"@type\":\"WebSite\",\"@id\":\"https:\\\/\\\/www.formula.fo\\\/en\\\/#website\",\"url\":\"https:\\\/\\\/www.formula.fo\\\/en\\\/\",\"name\":\"Formula\",\"description\":\"Formula\",\"publisher\":{\"@id\":\"https:\\\/\\\/www.formula.fo\\\/en\\\/#organization\"},\"potentialAction\":[{\"@type\":\"SearchAction\",\"target\":{\"@type\":\"EntryPoint\",\"urlTemplate\":\"https:\\\/\\\/www.formula.fo\\\/en\\\/?s={search_term_string}\"},\"query-input\":{\"@type\":\"PropertyValueSpecification\",\"valueRequired\":true,\"valueName\":\"search_term_string\"}}],\"inLanguage\":\"en-US\"},{\"@type\":\"Organization\",\"@id\":\"https:\\\/\\\/www.formula.fo\\\/en\\\/#organization\",\"name\":\"Formula\",\"url\":\"https:\\\/\\\/www.formula.fo\\\/en\\\/\",\"logo\":{\"@type\":\"ImageObject\",\"inLanguage\":\"en-US\",\"@id\":\"https:\\\/\\\/www.formula.fo\\\/en\\\/#\\\/schema\\\/logo\\\/image\\\/\",\"url\":\"https:\\\/\\\/www.formula.fo\\\/wp-content\\\/uploads\\\/2022\\\/03\\\/logo.png\",\"contentUrl\":\"https:\\\/\\\/www.formula.fo\\\/wp-content\\\/uploads\\\/2022\\\/03\\\/logo.png\",\"width\":227,\"height\":73,\"caption\":\"Formula\"},\"image\":{\"@id\":\"https:\\\/\\\/www.formula.fo\\\/en\\\/#\\\/schema\\\/logo\\\/image\\\/\"}}]}<\/script>\n<!-- \/ Yoast SEO plugin. -->","yoast_head_json":{"title":"Tilhoyr - Formula","robots":{"index":"index","follow":"follow","max-snippet":"max-snippet:-1","max-image-preview":"max-image-preview:large","max-video-preview":"max-video-preview:-1"},"canonical":"https:\/\/www.formula.fo\/en\/utgerd\/teldur-og-tilhoyr\/dokkstod-headset-osfr\/","og_locale":"en_US","og_type":"article","og_title":"Tilhoyr - Formula","og_description":"St\u00f3rt \u00farval av tilhoyri Skalt t\u00fa hava einar n\u00fdggjar oyrnatelefonir, n\u00fdggja dokkst\u00f8\u00f0, vevkamera ella okkurt tri\u00f0ja, so bj\u00f3\u00f0a vit eitt hav av tilhoyri. T\u00ed bj\u00f3\u00f0ar Formula eitt st\u00f3rt \u00farval av tilhoyri fr\u00e1 fleiri merkjum m.a. Fujitsu, Poly og Microsoft. T\u00f8rvar t\u00e6r hj\u00e1lp at finna ta\u00f0 r\u00e6tta\u00f0 tilhoyri\u00f0, hj\u00e1lpa vit fegin vi\u00f0 hesum, so vit \u00ed [&hellip;]","og_url":"https:\/\/www.formula.fo\/en\/utgerd\/teldur-og-tilhoyr\/dokkstod-headset-osfr\/","og_site_name":"Formula","article_modified_time":"2022-06-27T13:29:05+00:00","og_image":[{"url":"https:\/\/www.formula.fo\/wp-content\/uploads\/2022\/06\/Poly_Lens_Studio_P5_Lifestyle_1.jpg","type":"","width":"","height":""}],"twitter_card":"summary_large_image","twitter_misc":{"Est. reading time":"3 minutes"},"schema":{"@context":"https:\/\/schema.org","@graph":[{"@type":"WebPage","@id":"https:\/\/www.formula.fo\/en\/utgerd\/teldur-og-tilhoyr\/dokkstod-headset-osfr\/","url":"https:\/\/www.formula.fo\/en\/utgerd\/teldur-og-tilhoyr\/dokkstod-headset-osfr\/","name":"Tilhoyr - Formula","isPartOf":{"@id":"https:\/\/www.formula.fo\/en\/#website"},"primaryImageOfPage":{"@id":"https:\/\/www.formula.fo\/en\/utgerd\/teldur-og-tilhoyr\/dokkstod-headset-osfr\/#primaryimage"},"image":{"@id":"https:\/\/www.formula.fo\/en\/utgerd\/teldur-og-tilhoyr\/dokkstod-headset-osfr\/#primaryimage"},"thumbnailUrl":"https:\/\/www.formula.fo\/wp-content\/uploads\/2022\/06\/Poly_Lens_Studio_P5_Lifestyle_1.jpg","datePublished":"2022-03-18T14:36:27+00:00","dateModified":"2022-06-27T13:29:05+00:00","breadcrumb":{"@id":"https:\/\/www.formula.fo\/en\/utgerd\/teldur-og-tilhoyr\/dokkstod-headset-osfr\/#breadcrumb"},"inLanguage":"en-US","potentialAction":[{"@type":"ReadAction","target":["https:\/\/www.formula.fo\/en\/utgerd\/teldur-og-tilhoyr\/dokkstod-headset-osfr\/"]}]},{"@type":"ImageObject","inLanguage":"en-US","@id":"https:\/\/www.formula.fo\/en\/utgerd\/teldur-og-tilhoyr\/dokkstod-headset-osfr\/#primaryimage","url":"https:\/\/www.formula.fo\/wp-content\/uploads\/2022\/06\/Poly_Lens_Studio_P5_Lifestyle_1.jpg","contentUrl":"https:\/\/www.formula.fo\/wp-content\/uploads\/2022\/06\/Poly_Lens_Studio_P5_Lifestyle_1.jpg"},{"@type":"BreadcrumbList","@id":"https:\/\/www.formula.fo\/en\/utgerd\/teldur-og-tilhoyr\/dokkstod-headset-osfr\/#breadcrumb","itemListElement":[{"@type":"ListItem","position":1,"name":"Home","item":"https:\/\/www.formula.fo\/en\/"},{"@type":"ListItem","position":2,"name":"\u00datger\u00f0","item":"https:\/\/www.formula.fo\/en\/utgerd\/"},{"@type":"ListItem","position":3,"name":"Teldur og tilhoyr","item":"https:\/\/www.formula.fo\/en\/utgerd\/teldur-og-tilhoyr\/"},{"@type":"ListItem","position":4,"name":"Tilhoyr"}]},{"@type":"WebSite","@id":"https:\/\/www.formula.fo\/en\/#website","url":"https:\/\/www.formula.fo\/en\/","name":"Formula","description":"Formula","publisher":{"@id":"https:\/\/www.formula.fo\/en\/#organization"},"potentialAction":[{"@type":"SearchAction","target":{"@type":"EntryPoint","urlTemplate":"https:\/\/www.formula.fo\/en\/?s={search_term_string}"},"query-input":{"@type":"PropertyValueSpecification","valueRequired":true,"valueName":"search_term_string"}}],"inLanguage":"en-US"},{"@type":"Organization","@id":"https:\/\/www.formula.fo\/en\/#organization","name":"Formula","url":"https:\/\/www.formula.fo\/en\/","logo":{"@type":"ImageObject","inLanguage":"en-US","@id":"https:\/\/www.formula.fo\/en\/#\/schema\/logo\/image\/","url":"https:\/\/www.formula.fo\/wp-content\/uploads\/2022\/03\/logo.png","contentUrl":"https:\/\/www.formula.fo\/wp-content\/uploads\/2022\/03\/logo.png","width":227,"height":73,"caption":"Formula"},"image":{"@id":"https:\/\/www.formula.fo\/en\/#\/schema\/logo\/image\/"}}]}},"_links":{"self":[{"href":"https:\/\/www.formula.fo\/en\/wp-json\/wp\/v2\/pages\/428","targetHints":{"allow":["GET"]}}],"collection":[{"href":"https:\/\/www.formula.fo\/en\/wp-json\/wp\/v2\/pages"}],"about":[{"href":"https:\/\/www.formula.fo\/en\/wp-json\/wp\/v2\/types\/page"}],"author":[{"embeddable":true,"href":"https:\/\/www.formula.fo\/en\/wp-json\/wp\/v2\/users\/1"}],"replies":[{"embeddable":true,"href":"https:\/\/www.formula.fo\/en\/wp-json\/wp\/v2\/comments?post=428"}],"version-history":[{"count":11,"href":"https:\/\/www.formula.fo\/en\/wp-json\/wp\/v2\/pages\/428\/revisions"}],"predecessor-version":[{"id":3738,"href":"https:\/\/www.formula.fo\/en\/wp-json\/wp\/v2\/pages\/428\/revisions\/3738"}],"up":[{"embeddable":true,"href":"https:\/\/www.formula.fo\/en\/wp-json\/wp\/v2\/pages\/355"}],"wp:attachment":[{"href":"https:\/\/www.formula.fo\/en\/wp-json\/wp\/v2\/media?parent=428"}],"curies":[{"name":"wp","href":"https:\/\/api.w.org\/{rel}","templated":true}]}}