
{"id":448,"date":"2022-03-18T14:54:00","date_gmt":"2022-03-18T14:54:00","guid":{"rendered":"https:\/\/www.formula.fo\/?page_id=448"},"modified":"2022-06-26T21:19:57","modified_gmt":"2022-06-26T21:19:57","slug":"ls-central","status":"publish","type":"page","link":"https:\/\/www.formula.fo\/en\/skipanir\/business-central\/ls-central\/","title":{"rendered":"LS Central"},"content":{"rendered":"\n<div class=\"wp-block-cover alignfull is-light\" style=\"min-height:658px;aspect-ratio:unset;\"><span aria-hidden=\"true\" class=\"wp-block-cover__background has-blue-background-color has-background-dim\"><\/span><img loading=\"lazy\" decoding=\"async\" width=\"2560\" height=\"1707\" class=\"wp-block-cover__image-background wp-image-1688\" alt=\"\" src=\"https:\/\/www.formula.fo\/wp-content\/uploads\/2022\/06\/AdobeStock_236302629.jpeg\" style=\"object-position:50% 36%\" data-object-fit=\"cover\" data-object-position=\"50% 36%\" srcset=\"https:\/\/www.formula.fo\/wp-content\/uploads\/2022\/06\/AdobeStock_236302629.jpeg 2560w, https:\/\/www.formula.fo\/wp-content\/uploads\/2022\/06\/AdobeStock_236302629-800x533.jpeg 800w, https:\/\/www.formula.fo\/wp-content\/uploads\/2022\/06\/AdobeStock_236302629-1600x1067.jpeg 1600w, https:\/\/www.formula.fo\/wp-content\/uploads\/2022\/06\/AdobeStock_236302629-768x512.jpeg 768w, https:\/\/www.formula.fo\/wp-content\/uploads\/2022\/06\/AdobeStock_236302629-1536x1024.jpeg 1536w, https:\/\/www.formula.fo\/wp-content\/uploads\/2022\/06\/AdobeStock_236302629-2048x1365.jpeg 2048w\" sizes=\"auto, (max-width: 2560px) 100vw, 2560px\" \/><div class=\"wp-block-cover__inner-container is-layout-flow wp-block-cover-is-layout-flow\">\n<h1 class=\"has-text-align-center has-white-color has-text-color wp-block-heading\">LS Central Kassaskipan<\/h1>\n\n\n\n<p class=\"has-text-align-center has-white-color has-text-color\">LS Central er ein kassaskipan, sum er bygd beinlei\u00f0is oman\u00e1 Microsoft Business Central. Virkar t\u00edn fyrit\u00f8ka innan sm\u00e1s\u00f8lu ella gestavinnuna, so er LS Central j\u00fast til t\u00edn.<\/p>\n<\/div><\/div>\n\n\n\n<div style=\"height:100px\" aria-hidden=\"true\" class=\"wp-block-spacer\"><\/div>\n\n\n\n<div class=\"wp-block-columns is-layout-flex wp-container-core-columns-is-layout-9d6595d7 wp-block-columns-is-layout-flex\">\n<div class=\"wp-block-column is-layout-flow wp-block-column-is-layout-flow\">\n<figure class=\"wp-block-image aligncenter size-full\"><img loading=\"lazy\" decoding=\"async\" width=\"488\" height=\"382\" src=\"https:\/\/www.formula.fo\/wp-content\/uploads\/2022\/06\/Image-10.jpg\" alt=\"\" class=\"wp-image-2310\"\/><\/figure>\n<\/div>\n\n\n\n<div class=\"wp-block-column is-vertically-aligned-center is-layout-flow wp-block-column-is-layout-flow\">\n<h2 class=\"has-text-align-left has-dark-color has-text-color wp-block-heading\">Alt-\u00ed-einum loysn til NAV<\/h2>\n\n\n\n<p class=\"has-text-align-left\">Vi\u00f0 hentleikum sum POS (Point of Sale) kassab\u00fana\u00f0i, farb\u00fana\u00f0i og netb\u00fana\u00f0i ber til hj\u00e1 t\u00ednum starvsf\u00f3lkum at m\u00f8ta kundanum \u00ed eygnah\u00e6dd og veita eina t\u00e6nastu, sum er \u00ed h\u00e1s\u00e6ti. <\/p>\n\n\n\n<p class=\"has-text-align-left\">Umframt b\u00fana\u00f0in \u00e1 s\u00f8lug\u00f3lvinum veitir LS Central allar d\u00e1tur beinlei\u00f0is inn \u00ed b\u00f3khaldsskipanina Microsoft Business Central, so til ber hj\u00e1 fyrit\u00f8kuni at n\u00fdta styrkirnar fr\u00e1 tveimum heimsumfatandi skipanum \u00ed einum.<\/p>\n\n\n\n<div class=\"wp-block-buttons is-layout-flex wp-block-buttons-is-layout-flex\">\n<div class=\"wp-block-button\"><a class=\"wp-block-button__link has-green-background-color has-background\" href=\"#samband\" rel=\"\">F\u00e1 meira at vita<\/a><\/div>\n<\/div>\n<\/div>\n<\/div>\n\n\n\n<div style=\"height:82px\" aria-hidden=\"true\" class=\"wp-block-spacer\"><\/div>\n\n\n\n<div class=\"wp-block-cover alignfull is-light wideContainer\" style=\"min-height:561px;aspect-ratio:unset;\"><span aria-hidden=\"true\" class=\"wp-block-cover__background has-white-background-color has-background-dim-100 has-background-dim\"><\/span><div class=\"wp-block-cover__inner-container is-layout-flow wp-block-cover-is-layout-flow\">\n<div class=\"wp-block-columns is-layout-flex wp-container-core-columns-is-layout-9d6595d7 wp-block-columns-is-layout-flex\">\n<div class=\"wp-block-column is-vertically-aligned-center is-layout-flow wp-block-column-is-layout-flow\">\n<figure class=\"wp-block-image aligncenter size-full\"><img loading=\"lazy\" decoding=\"async\" width=\"291\" height=\"72\" src=\"https:\/\/www.formula.fo\/wp-content\/uploads\/2022\/06\/Group-8.png\" alt=\"\" class=\"wp-image-1693\"\/><\/figure>\n<\/div>\n\n\n\n<div class=\"wp-block-column is-vertically-aligned-center is-layout-flow wp-block-column-is-layout-flow\">\n<h2 class=\"has-dark-color has-text-color wp-block-heading\">LS Retail<\/h2>\n\n\n\n<p>LS Central er heimsins st\u00f8rsta og fremsta loysn til sm\u00e1s\u00f8lu og vistveiting, sum er bygd til Microsoft Business Central. H\u00f8vu\u00f0ss\u00e6ti\u00f0 er \u00ed \u00cdslandi og hava LS Retail og Formula samstarva\u00f0 \u00ed n\u00f3gv \u00e1r. LS Retail hevur fleiri enn 50.000 sm\u00e1s\u00f8lukundar og fleiri enn 120.000 arbei\u00f0sterminalar kring allan heimin, og kann vi\u00f0 hesum veita eina framt\u00ed\u00f0artryggja\u00f0a loysn.<\/p>\n<\/div>\n<\/div>\n<\/div><\/div>\n\n\n\n<div class=\"wp-block-cover alignfull\" style=\"min-height:585px;aspect-ratio:unset;\"><span aria-hidden=\"true\" class=\"wp-block-cover__background has-blue-background-color has-background-dim\"><\/span><img loading=\"lazy\" decoding=\"async\" width=\"2400\" height=\"1600\" class=\"wp-block-cover__image-background wp-image-2285\" alt=\"\" src=\"https:\/\/www.formula.fo\/wp-content\/uploads\/2022\/06\/bg.jpg\" style=\"object-position:56% 29%\" data-object-fit=\"cover\" data-object-position=\"56% 29%\" srcset=\"https:\/\/www.formula.fo\/wp-content\/uploads\/2022\/06\/bg.jpg 2400w, https:\/\/www.formula.fo\/wp-content\/uploads\/2022\/06\/bg-800x533.jpg 800w, https:\/\/www.formula.fo\/wp-content\/uploads\/2022\/06\/bg-1600x1067.jpg 1600w, https:\/\/www.formula.fo\/wp-content\/uploads\/2022\/06\/bg-768x512.jpg 768w, https:\/\/www.formula.fo\/wp-content\/uploads\/2022\/06\/bg-1536x1024.jpg 1536w, https:\/\/www.formula.fo\/wp-content\/uploads\/2022\/06\/bg-2048x1365.jpg 2048w\" sizes=\"auto, (max-width: 2400px) 100vw, 2400px\" \/><div class=\"wp-block-cover__inner-container is-layout-flow wp-block-cover-is-layout-flow\">\n<h2 class=\"has-text-align-center wp-block-heading\">Formula og LS Retail<\/h2>\n\n\n\n<p class=\"has-text-align-center\">T\u00e1 ta\u00f0 rennur saman millum Microsoft Business Central og LS Central, hevur t\u00edn fyrit\u00f8ka eina heildarloysn, l\u00edka fr\u00e1 h\u00f8vu\u00f0ss\u00e6ti, gj\u00f8gnum deildarskrivstovur og l\u00edka \u00fat til s\u00f8luf\u00f3lki. Formula hevur 5 g\u00f3\u00f0kendar LS Central r\u00e1\u00f0gevar, sum alt\u00ed\u00f0 eru til rei\u00f0ar at veita tykkum t\u00e6nastu og hj\u00e1lp \u00ed serflokki.<\/p>\n<\/div><\/div>\n\n\n\n<div style=\"height:79px\" aria-hidden=\"true\" id=\"samband\" class=\"wp-block-spacer\"><\/div>\n\n\n\n<h2 class=\"has-text-align-center has-blue-color has-text-color wp-block-heading\">\u00c1huga\u00f0\/ur at hoyra meira?<\/h2>\n\n\n\n<div style=\"height:31px\" aria-hidden=\"true\" class=\"wp-block-spacer\"><\/div>\n\n\n\n<script>\n    var employees_people_block_62a0a8a9a3f81 = JSON.parse('[{\"post_id\":2638,\"post_title\":\"Jan Berg\",\"show_phone\":null,\"totalview_id\":\"f1afbb0d22b73251ead3492dc310ad41\",\"division\":\"Fyrisiting\",\"capabilities\":\"B\\u00f3khald,Dynamics C5,eV\\u00e1ttan,JetReports,LS Retail,Nethandil,ReadSoft,S\\u00f8la\",\"focal_points\":\"50% 50%\",\"image\":\"https:\\\/\\\/www.formula.fo\\\/wp-content\\\/uploads\\\/2022\\\/06\\\/FORMULA-Jan-Berg-1600x1280-1-800x640.jpg\"},{\"post_id\":2627,\"post_title\":\"Hans A. Nor\\u00f0foss\",\"show_phone\":null,\"totalview_id\":\"33d15b79dc603511aa1cd5cd3a3b5779\",\"division\":\"Ritb\\u00fana\\u00f0ur og r\\u00e1\\u00f0geving\",\"capabilities\":\"Avgrei\\u00f0sluskipan,Business Central,LS Retail,Support,S\\u00f8la\",\"focal_points\":\"50% 50%\",\"image\":\"https:\\\/\\\/www.formula.fo\\\/wp-content\\\/uploads\\\/2022\\\/06\\\/FORMULA-Hans-Nordfoss-1600x1280-1-800x640.jpg\"}]');var slider_people_block_62a0a8a9a3f81 = 'false';<\/script>\n\n<div id=\"people_block_62a0a8a9a3f81\" class=\"lunnar-people alignwide flex\">\n\t\n            <div class=\"swiper-wrapper\">\n            <div v-for=\"(employee, index) in employees\" :key=\"index\" class=\"employee-card swiper-slide\">\n                <div class=\"employee-card--content-image\">\n                    <img decoding=\"async\" v-show=\"!employee.image\" src=\"https:\/\/www.formula.fo\/wp-content\/themes\/lunnar-formula\/images\/backup-image.jpg\" \/>\n                    <img v-if=\"employee.image\" :src=\"employee.image\" :style=\"`object-fit: ${employee.focal_points}`\" \/>\n                    <div class=\"employee-status\" v-html=\"get_employee_status(employee.totalview_id)\" :data-id=\"employee.totalview_id\"><\/div>\n                <\/div>\n    \n                <div class=\"employee-card--content-text\">\n                    <h3 v-if=\"employee.post_title\" class=\"employee-name\">{{employee.post_title}}<\/h3>\n                    \n                    <div v-if=\"employee.division\" class=\"employee-title\">{{employee.division}}<\/div>\n                            \n                    <div class=\"employee-contact\">\n                        <div v-if=\"employee.phone\" class=\"employee-contact--item employee-contact--phone\">\n                            <span>Tel.<\/span>\n                            <a :href=\"`tel:${employee.phone}`\">{{split_phone_number(employee.phone)}}<\/a>\n                        <\/div>\n                        \n                        <div class=\"employee-contact--item employee-contact--email\" @click=\"open_modal(employee)\">\n                            Send Message                        <\/div>\n                    <\/div>\n                <\/div>\n            <\/div>\n        <\/div>\n\n        <div class=\"swiper-pagination\"><\/div>\n    \n    <\/div>\n\n\n\n<div style=\"height:96px\" aria-hidden=\"true\" class=\"wp-block-spacer\"><\/div>\n","protected":false},"excerpt":{"rendered":"<p>Alt-\u00ed-einum loysn til NAV Vi\u00f0 hentleikum sum POS (Point of Sale) kassab\u00fana\u00f0i, farb\u00fana\u00f0i og netb\u00fana\u00f0i ber til hj\u00e1 t\u00ednum starvsf\u00f3lkum at m\u00f8ta kundanum \u00ed eygnah\u00e6dd og veita eina t\u00e6nastu, sum er \u00ed h\u00e1s\u00e6ti. Umframt b\u00fana\u00f0in \u00e1 s\u00f8lug\u00f3lvinum veitir LS Central allar d\u00e1tur beinlei\u00f0is inn \u00ed b\u00f3khaldsskipanina Microsoft Business Central, so til ber hj\u00e1 fyrit\u00f8kuni at [&hellip;]<\/p>\n","protected":false},"author":1,"featured_media":0,"parent":446,"menu_order":1,"comment_status":"closed","ping_status":"closed","template":"templates\/page-wide.php","meta":{"_acf_changed":false,"footnotes":""},"class_list":["post-448","page","type-page","status-publish","hentry"],"acf":[],"yoast_head":"<!-- This site is optimized with the Yoast SEO plugin v27.3 - https:\/\/yoast.com\/product\/yoast-seo-wordpress\/ -->\n<title>LS Central - Formula<\/title>\n<meta name=\"robots\" content=\"index, follow, max-snippet:-1, max-image-preview:large, max-video-preview:-1\" \/>\n<link rel=\"canonical\" href=\"https:\/\/www.formula.fo\/en\/skipanir\/business-central\/ls-central\/\" \/>\n<meta property=\"og:locale\" content=\"en_US\" \/>\n<meta property=\"og:type\" content=\"article\" \/>\n<meta property=\"og:title\" content=\"LS Central - Formula\" \/>\n<meta property=\"og:description\" content=\"Alt-\u00ed-einum loysn til NAV Vi\u00f0 hentleikum sum POS (Point of Sale) kassab\u00fana\u00f0i, farb\u00fana\u00f0i og netb\u00fana\u00f0i ber til hj\u00e1 t\u00ednum starvsf\u00f3lkum at m\u00f8ta kundanum \u00ed eygnah\u00e6dd og veita eina t\u00e6nastu, sum er \u00ed h\u00e1s\u00e6ti. Umframt b\u00fana\u00f0in \u00e1 s\u00f8lug\u00f3lvinum veitir LS Central allar d\u00e1tur beinlei\u00f0is inn \u00ed b\u00f3khaldsskipanina Microsoft Business Central, so til ber hj\u00e1 fyrit\u00f8kuni at [&hellip;]\" \/>\n<meta property=\"og:url\" content=\"https:\/\/www.formula.fo\/en\/skipanir\/business-central\/ls-central\/\" \/>\n<meta property=\"og:site_name\" content=\"Formula\" \/>\n<meta property=\"article:modified_time\" content=\"2022-06-26T21:19:57+00:00\" \/>\n<meta property=\"og:image\" content=\"https:\/\/www.formula.fo\/wp-content\/uploads\/2022\/06\/AdobeStock_236302629.jpeg\" \/>\n<meta name=\"twitter:card\" content=\"summary_large_image\" \/>\n<meta name=\"twitter:label1\" content=\"Est. reading time\" \/>\n\t<meta name=\"twitter:data1\" content=\"2 minutes\" \/>\n<script type=\"application\/ld+json\" class=\"yoast-schema-graph\">{\"@context\":\"https:\\\/\\\/schema.org\",\"@graph\":[{\"@type\":\"WebPage\",\"@id\":\"https:\\\/\\\/www.formula.fo\\\/en\\\/skipanir\\\/business-central\\\/ls-central\\\/\",\"url\":\"https:\\\/\\\/www.formula.fo\\\/en\\\/skipanir\\\/business-central\\\/ls-central\\\/\",\"name\":\"LS Central - Formula\",\"isPartOf\":{\"@id\":\"https:\\\/\\\/www.formula.fo\\\/en\\\/#website\"},\"primaryImageOfPage\":{\"@id\":\"https:\\\/\\\/www.formula.fo\\\/en\\\/skipanir\\\/business-central\\\/ls-central\\\/#primaryimage\"},\"image\":{\"@id\":\"https:\\\/\\\/www.formula.fo\\\/en\\\/skipanir\\\/business-central\\\/ls-central\\\/#primaryimage\"},\"thumbnailUrl\":\"https:\\\/\\\/www.formula.fo\\\/wp-content\\\/uploads\\\/2022\\\/06\\\/AdobeStock_236302629.jpeg\",\"datePublished\":\"2022-03-18T14:54:00+00:00\",\"dateModified\":\"2022-06-26T21:19:57+00:00\",\"breadcrumb\":{\"@id\":\"https:\\\/\\\/www.formula.fo\\\/en\\\/skipanir\\\/business-central\\\/ls-central\\\/#breadcrumb\"},\"inLanguage\":\"en-US\",\"potentialAction\":[{\"@type\":\"ReadAction\",\"target\":[\"https:\\\/\\\/www.formula.fo\\\/en\\\/skipanir\\\/business-central\\\/ls-central\\\/\"]}]},{\"@type\":\"ImageObject\",\"inLanguage\":\"en-US\",\"@id\":\"https:\\\/\\\/www.formula.fo\\\/en\\\/skipanir\\\/business-central\\\/ls-central\\\/#primaryimage\",\"url\":\"https:\\\/\\\/www.formula.fo\\\/wp-content\\\/uploads\\\/2022\\\/06\\\/AdobeStock_236302629.jpeg\",\"contentUrl\":\"https:\\\/\\\/www.formula.fo\\\/wp-content\\\/uploads\\\/2022\\\/06\\\/AdobeStock_236302629.jpeg\"},{\"@type\":\"BreadcrumbList\",\"@id\":\"https:\\\/\\\/www.formula.fo\\\/en\\\/skipanir\\\/business-central\\\/ls-central\\\/#breadcrumb\",\"itemListElement\":[{\"@type\":\"ListItem\",\"position\":1,\"name\":\"Home\",\"item\":\"https:\\\/\\\/www.formula.fo\\\/en\\\/\"},{\"@type\":\"ListItem\",\"position\":2,\"name\":\"Skipanir\",\"item\":\"https:\\\/\\\/www.formula.fo\\\/en\\\/skipanir\\\/\"},{\"@type\":\"ListItem\",\"position\":3,\"name\":\"F\u00edggjarskipan\",\"item\":\"https:\\\/\\\/www.formula.fo\\\/en\\\/skipanir\\\/business-central\\\/\"},{\"@type\":\"ListItem\",\"position\":4,\"name\":\"LS Central\"}]},{\"@type\":\"WebSite\",\"@id\":\"https:\\\/\\\/www.formula.fo\\\/en\\\/#website\",\"url\":\"https:\\\/\\\/www.formula.fo\\\/en\\\/\",\"name\":\"Formula\",\"description\":\"Formula\",\"publisher\":{\"@id\":\"https:\\\/\\\/www.formula.fo\\\/en\\\/#organization\"},\"potentialAction\":[{\"@type\":\"SearchAction\",\"target\":{\"@type\":\"EntryPoint\",\"urlTemplate\":\"https:\\\/\\\/www.formula.fo\\\/en\\\/?s={search_term_string}\"},\"query-input\":{\"@type\":\"PropertyValueSpecification\",\"valueRequired\":true,\"valueName\":\"search_term_string\"}}],\"inLanguage\":\"en-US\"},{\"@type\":\"Organization\",\"@id\":\"https:\\\/\\\/www.formula.fo\\\/en\\\/#organization\",\"name\":\"Formula\",\"url\":\"https:\\\/\\\/www.formula.fo\\\/en\\\/\",\"logo\":{\"@type\":\"ImageObject\",\"inLanguage\":\"en-US\",\"@id\":\"https:\\\/\\\/www.formula.fo\\\/en\\\/#\\\/schema\\\/logo\\\/image\\\/\",\"url\":\"https:\\\/\\\/www.formula.fo\\\/wp-content\\\/uploads\\\/2022\\\/03\\\/logo.png\",\"contentUrl\":\"https:\\\/\\\/www.formula.fo\\\/wp-content\\\/uploads\\\/2022\\\/03\\\/logo.png\",\"width\":227,\"height\":73,\"caption\":\"Formula\"},\"image\":{\"@id\":\"https:\\\/\\\/www.formula.fo\\\/en\\\/#\\\/schema\\\/logo\\\/image\\\/\"}}]}<\/script>\n<!-- \/ Yoast SEO plugin. -->","yoast_head_json":{"title":"LS Central - Formula","robots":{"index":"index","follow":"follow","max-snippet":"max-snippet:-1","max-image-preview":"max-image-preview:large","max-video-preview":"max-video-preview:-1"},"canonical":"https:\/\/www.formula.fo\/en\/skipanir\/business-central\/ls-central\/","og_locale":"en_US","og_type":"article","og_title":"LS Central - Formula","og_description":"Alt-\u00ed-einum loysn til NAV Vi\u00f0 hentleikum sum POS (Point of Sale) kassab\u00fana\u00f0i, farb\u00fana\u00f0i og netb\u00fana\u00f0i ber til hj\u00e1 t\u00ednum starvsf\u00f3lkum at m\u00f8ta kundanum \u00ed eygnah\u00e6dd og veita eina t\u00e6nastu, sum er \u00ed h\u00e1s\u00e6ti. Umframt b\u00fana\u00f0in \u00e1 s\u00f8lug\u00f3lvinum veitir LS Central allar d\u00e1tur beinlei\u00f0is inn \u00ed b\u00f3khaldsskipanina Microsoft Business Central, so til ber hj\u00e1 fyrit\u00f8kuni at [&hellip;]","og_url":"https:\/\/www.formula.fo\/en\/skipanir\/business-central\/ls-central\/","og_site_name":"Formula","article_modified_time":"2022-06-26T21:19:57+00:00","og_image":[{"url":"https:\/\/www.formula.fo\/wp-content\/uploads\/2022\/06\/AdobeStock_236302629.jpeg","type":"","width":"","height":""}],"twitter_card":"summary_large_image","twitter_misc":{"Est. reading time":"2 minutes"},"schema":{"@context":"https:\/\/schema.org","@graph":[{"@type":"WebPage","@id":"https:\/\/www.formula.fo\/en\/skipanir\/business-central\/ls-central\/","url":"https:\/\/www.formula.fo\/en\/skipanir\/business-central\/ls-central\/","name":"LS Central - Formula","isPartOf":{"@id":"https:\/\/www.formula.fo\/en\/#website"},"primaryImageOfPage":{"@id":"https:\/\/www.formula.fo\/en\/skipanir\/business-central\/ls-central\/#primaryimage"},"image":{"@id":"https:\/\/www.formula.fo\/en\/skipanir\/business-central\/ls-central\/#primaryimage"},"thumbnailUrl":"https:\/\/www.formula.fo\/wp-content\/uploads\/2022\/06\/AdobeStock_236302629.jpeg","datePublished":"2022-03-18T14:54:00+00:00","dateModified":"2022-06-26T21:19:57+00:00","breadcrumb":{"@id":"https:\/\/www.formula.fo\/en\/skipanir\/business-central\/ls-central\/#breadcrumb"},"inLanguage":"en-US","potentialAction":[{"@type":"ReadAction","target":["https:\/\/www.formula.fo\/en\/skipanir\/business-central\/ls-central\/"]}]},{"@type":"ImageObject","inLanguage":"en-US","@id":"https:\/\/www.formula.fo\/en\/skipanir\/business-central\/ls-central\/#primaryimage","url":"https:\/\/www.formula.fo\/wp-content\/uploads\/2022\/06\/AdobeStock_236302629.jpeg","contentUrl":"https:\/\/www.formula.fo\/wp-content\/uploads\/2022\/06\/AdobeStock_236302629.jpeg"},{"@type":"BreadcrumbList","@id":"https:\/\/www.formula.fo\/en\/skipanir\/business-central\/ls-central\/#breadcrumb","itemListElement":[{"@type":"ListItem","position":1,"name":"Home","item":"https:\/\/www.formula.fo\/en\/"},{"@type":"ListItem","position":2,"name":"Skipanir","item":"https:\/\/www.formula.fo\/en\/skipanir\/"},{"@type":"ListItem","position":3,"name":"F\u00edggjarskipan","item":"https:\/\/www.formula.fo\/en\/skipanir\/business-central\/"},{"@type":"ListItem","position":4,"name":"LS Central"}]},{"@type":"WebSite","@id":"https:\/\/www.formula.fo\/en\/#website","url":"https:\/\/www.formula.fo\/en\/","name":"Formula","description":"Formula","publisher":{"@id":"https:\/\/www.formula.fo\/en\/#organization"},"potentialAction":[{"@type":"SearchAction","target":{"@type":"EntryPoint","urlTemplate":"https:\/\/www.formula.fo\/en\/?s={search_term_string}"},"query-input":{"@type":"PropertyValueSpecification","valueRequired":true,"valueName":"search_term_string"}}],"inLanguage":"en-US"},{"@type":"Organization","@id":"https:\/\/www.formula.fo\/en\/#organization","name":"Formula","url":"https:\/\/www.formula.fo\/en\/","logo":{"@type":"ImageObject","inLanguage":"en-US","@id":"https:\/\/www.formula.fo\/en\/#\/schema\/logo\/image\/","url":"https:\/\/www.formula.fo\/wp-content\/uploads\/2022\/03\/logo.png","contentUrl":"https:\/\/www.formula.fo\/wp-content\/uploads\/2022\/03\/logo.png","width":227,"height":73,"caption":"Formula"},"image":{"@id":"https:\/\/www.formula.fo\/en\/#\/schema\/logo\/image\/"}}]}},"_links":{"self":[{"href":"https:\/\/www.formula.fo\/en\/wp-json\/wp\/v2\/pages\/448","targetHints":{"allow":["GET"]}}],"collection":[{"href":"https:\/\/www.formula.fo\/en\/wp-json\/wp\/v2\/pages"}],"about":[{"href":"https:\/\/www.formula.fo\/en\/wp-json\/wp\/v2\/types\/page"}],"author":[{"embeddable":true,"href":"https:\/\/www.formula.fo\/en\/wp-json\/wp\/v2\/users\/1"}],"replies":[{"embeddable":true,"href":"https:\/\/www.formula.fo\/en\/wp-json\/wp\/v2\/comments?post=448"}],"version-history":[{"count":22,"href":"https:\/\/www.formula.fo\/en\/wp-json\/wp\/v2\/pages\/448\/revisions"}],"predecessor-version":[{"id":3650,"href":"https:\/\/www.formula.fo\/en\/wp-json\/wp\/v2\/pages\/448\/revisions\/3650"}],"up":[{"embeddable":true,"href":"https:\/\/www.formula.fo\/en\/wp-json\/wp\/v2\/pages\/446"}],"wp:attachment":[{"href":"https:\/\/www.formula.fo\/en\/wp-json\/wp\/v2\/media?parent=448"}],"curies":[{"name":"wp","href":"https:\/\/api.w.org\/{rel}","templated":true}]}}