
{"id":464,"date":"2022-03-18T14:59:11","date_gmt":"2022-03-18T14:59:11","guid":{"rendered":"https:\/\/www.formula.fo\/?page_id=464"},"modified":"2023-11-13T12:27:43","modified_gmt":"2023-11-13T12:27:43","slug":"totalview","status":"publish","type":"page","link":"https:\/\/www.formula.fo\/en\/skipanir\/totalview\/","title":{"rendered":"Totalview"},"content":{"rendered":"<a href=\"https:\/\/www.formula.fo\/skipanir\/totalview\/telefoni\/\"    class=\"alignfull wp-block-tiptip-hyperlink-group-block\" >\n<div class=\"wp-block-cover is-light\" style=\"min-height:483px;aspect-ratio:unset;\"><span aria-hidden=\"true\" class=\"wp-block-cover__background has-blue-background-color has-background-dim\"><\/span><img loading=\"lazy\" decoding=\"async\" width=\"2400\" height=\"1415\" class=\"wp-block-cover__image-background wp-image-1626\" alt=\"\" src=\"https:\/\/www.formula.fo\/wp-content\/uploads\/2022\/05\/Totalview-PC-App.jpg\" data-object-fit=\"cover\" srcset=\"https:\/\/www.formula.fo\/wp-content\/uploads\/2022\/05\/Totalview-PC-App.jpg 2400w, https:\/\/www.formula.fo\/wp-content\/uploads\/2022\/05\/Totalview-PC-App-800x472.jpg 800w, https:\/\/www.formula.fo\/wp-content\/uploads\/2022\/05\/Totalview-PC-App-1600x943.jpg 1600w, https:\/\/www.formula.fo\/wp-content\/uploads\/2022\/05\/Totalview-PC-App-768x453.jpg 768w, https:\/\/www.formula.fo\/wp-content\/uploads\/2022\/05\/Totalview-PC-App-1536x906.jpg 1536w, https:\/\/www.formula.fo\/wp-content\/uploads\/2022\/05\/Totalview-PC-App-2048x1207.jpg 2048w\" sizes=\"auto, (max-width: 2400px) 100vw, 2400px\" \/><div class=\"wp-block-cover__inner-container is-layout-flow wp-block-cover-is-layout-flow\">\n<h1 class=\"wp-block-heading has-text-align-center has-white-color has-text-color\">Totalview Telefoni<\/h1>\n<\/div><\/div>\n<\/a>\n\n<a href=\"https:\/\/www.formula.fo\/skipanir\/totalview\/tidarskraseting\/\"    class=\"alignfull wp-block-tiptip-hyperlink-group-block\" >\n<div class=\"wp-block-cover is-light\" style=\"min-height:483px;aspect-ratio:unset;\"><span aria-hidden=\"true\" class=\"wp-block-cover__background has-blue-background-color has-background-dim\"><\/span><img loading=\"lazy\" decoding=\"async\" width=\"2560\" height=\"1707\" class=\"wp-block-cover__image-background wp-image-1632\" alt=\"\" src=\"https:\/\/www.formula.fo\/wp-content\/uploads\/2022\/05\/FORMULA-Totalview-Presence-4800-x-3200-4.jpg\" data-object-fit=\"cover\" srcset=\"https:\/\/www.formula.fo\/wp-content\/uploads\/2022\/05\/FORMULA-Totalview-Presence-4800-x-3200-4.jpg 2560w, https:\/\/www.formula.fo\/wp-content\/uploads\/2022\/05\/FORMULA-Totalview-Presence-4800-x-3200-4-800x533.jpg 800w, https:\/\/www.formula.fo\/wp-content\/uploads\/2022\/05\/FORMULA-Totalview-Presence-4800-x-3200-4-1600x1067.jpg 1600w, https:\/\/www.formula.fo\/wp-content\/uploads\/2022\/05\/FORMULA-Totalview-Presence-4800-x-3200-4-768x512.jpg 768w, https:\/\/www.formula.fo\/wp-content\/uploads\/2022\/05\/FORMULA-Totalview-Presence-4800-x-3200-4-1536x1024.jpg 1536w, https:\/\/www.formula.fo\/wp-content\/uploads\/2022\/05\/FORMULA-Totalview-Presence-4800-x-3200-4-2048x1365.jpg 2048w\" sizes=\"auto, (max-width: 2560px) 100vw, 2560px\" \/><div class=\"wp-block-cover__inner-container is-layout-flow wp-block-cover-is-layout-flow\">\n<h1 class=\"wp-block-heading has-text-align-center has-white-color has-text-color\">Totalview T\u00ed\u00f0arskr\u00e1seting<\/h1>\n<\/div><\/div>\n<\/a>\n\n<a href=\"https:\/\/www.formula.fo\/skipanir\/totalview\/hr\/\"    class=\"alignfull wp-block-tiptip-hyperlink-group-block\" >\n<div class=\"wp-block-cover is-light\" style=\"min-height:483px;aspect-ratio:unset;\"><span aria-hidden=\"true\" class=\"wp-block-cover__background has-blue-background-color has-background-dim\"><\/span><img loading=\"lazy\" decoding=\"async\" width=\"2560\" height=\"1707\" class=\"wp-block-cover__image-background wp-image-2571\" alt=\"\" src=\"https:\/\/www.formula.fo\/wp-content\/uploads\/2022\/06\/AdobeStock_274485295.jpeg\" data-object-fit=\"cover\" srcset=\"https:\/\/www.formula.fo\/wp-content\/uploads\/2022\/06\/AdobeStock_274485295.jpeg 2560w, https:\/\/www.formula.fo\/wp-content\/uploads\/2022\/06\/AdobeStock_274485295-800x533.jpeg 800w, https:\/\/www.formula.fo\/wp-content\/uploads\/2022\/06\/AdobeStock_274485295-1600x1067.jpeg 1600w, https:\/\/www.formula.fo\/wp-content\/uploads\/2022\/06\/AdobeStock_274485295-768x512.jpeg 768w, https:\/\/www.formula.fo\/wp-content\/uploads\/2022\/06\/AdobeStock_274485295-1536x1024.jpeg 1536w, https:\/\/www.formula.fo\/wp-content\/uploads\/2022\/06\/AdobeStock_274485295-2048x1365.jpeg 2048w\" sizes=\"auto, (max-width: 2560px) 100vw, 2560px\" \/><div class=\"wp-block-cover__inner-container is-layout-flow wp-block-cover-is-layout-flow\">\n<h1 class=\"wp-block-heading has-text-align-center has-white-color has-text-color\">Totalview HR<\/h1>\n<\/div><\/div>\n<\/a>","protected":false},"excerpt":{"rendered":"","protected":false},"author":1,"featured_media":0,"parent":444,"menu_order":3,"comment_status":"closed","ping_status":"closed","template":"","meta":{"_acf_changed":false,"footnotes":""},"class_list":["post-464","page","type-page","status-publish","hentry"],"acf":[],"yoast_head":"<!-- This site is optimized with the Yoast SEO plugin v27.3 - https:\/\/yoast.com\/product\/yoast-seo-wordpress\/ -->\n<title>Totalview - Formula<\/title>\n<meta name=\"robots\" content=\"index, follow, max-snippet:-1, max-image-preview:large, max-video-preview:-1\" \/>\n<link rel=\"canonical\" href=\"https:\/\/www.formula.fo\/en\/skipanir\/totalview\/\" \/>\n<meta property=\"og:locale\" content=\"en_US\" \/>\n<meta property=\"og:type\" content=\"article\" \/>\n<meta property=\"og:title\" content=\"Totalview - Formula\" \/>\n<meta property=\"og:url\" content=\"https:\/\/www.formula.fo\/en\/skipanir\/totalview\/\" \/>\n<meta property=\"og:site_name\" content=\"Formula\" \/>\n<meta property=\"article:modified_time\" content=\"2023-11-13T12:27:43+00:00\" \/>\n<meta property=\"og:image\" content=\"https:\/\/www.formula.fo\/wp-content\/uploads\/2022\/05\/Totalview-PC-App.jpg\" \/>\n<meta name=\"twitter:card\" content=\"summary_large_image\" \/>\n<meta name=\"twitter:label1\" content=\"Est. reading time\" \/>\n\t<meta name=\"twitter:data1\" content=\"1 minute\" \/>\n<script type=\"application\/ld+json\" class=\"yoast-schema-graph\">{\"@context\":\"https:\\\/\\\/schema.org\",\"@graph\":[{\"@type\":\"WebPage\",\"@id\":\"https:\\\/\\\/www.formula.fo\\\/en\\\/skipanir\\\/totalview\\\/\",\"url\":\"https:\\\/\\\/www.formula.fo\\\/en\\\/skipanir\\\/totalview\\\/\",\"name\":\"Totalview - Formula\",\"isPartOf\":{\"@id\":\"https:\\\/\\\/www.formula.fo\\\/en\\\/#website\"},\"primaryImageOfPage\":{\"@id\":\"https:\\\/\\\/www.formula.fo\\\/en\\\/skipanir\\\/totalview\\\/#primaryimage\"},\"image\":{\"@id\":\"https:\\\/\\\/www.formula.fo\\\/en\\\/skipanir\\\/totalview\\\/#primaryimage\"},\"thumbnailUrl\":\"https:\\\/\\\/www.formula.fo\\\/wp-content\\\/uploads\\\/2022\\\/05\\\/Totalview-PC-App.jpg\",\"datePublished\":\"2022-03-18T14:59:11+00:00\",\"dateModified\":\"2023-11-13T12:27:43+00:00\",\"breadcrumb\":{\"@id\":\"https:\\\/\\\/www.formula.fo\\\/en\\\/skipanir\\\/totalview\\\/#breadcrumb\"},\"inLanguage\":\"en-US\",\"potentialAction\":[{\"@type\":\"ReadAction\",\"target\":[\"https:\\\/\\\/www.formula.fo\\\/en\\\/skipanir\\\/totalview\\\/\"]}]},{\"@type\":\"ImageObject\",\"inLanguage\":\"en-US\",\"@id\":\"https:\\\/\\\/www.formula.fo\\\/en\\\/skipanir\\\/totalview\\\/#primaryimage\",\"url\":\"https:\\\/\\\/www.formula.fo\\\/wp-content\\\/uploads\\\/2022\\\/05\\\/Totalview-PC-App.jpg\",\"contentUrl\":\"https:\\\/\\\/www.formula.fo\\\/wp-content\\\/uploads\\\/2022\\\/05\\\/Totalview-PC-App.jpg\"},{\"@type\":\"BreadcrumbList\",\"@id\":\"https:\\\/\\\/www.formula.fo\\\/en\\\/skipanir\\\/totalview\\\/#breadcrumb\",\"itemListElement\":[{\"@type\":\"ListItem\",\"position\":1,\"name\":\"Home\",\"item\":\"https:\\\/\\\/www.formula.fo\\\/en\\\/\"},{\"@type\":\"ListItem\",\"position\":2,\"name\":\"Skipanir\",\"item\":\"https:\\\/\\\/www.formula.fo\\\/en\\\/skipanir\\\/\"},{\"@type\":\"ListItem\",\"position\":3,\"name\":\"Totalview\"}]},{\"@type\":\"WebSite\",\"@id\":\"https:\\\/\\\/www.formula.fo\\\/en\\\/#website\",\"url\":\"https:\\\/\\\/www.formula.fo\\\/en\\\/\",\"name\":\"Formula\",\"description\":\"Formula\",\"publisher\":{\"@id\":\"https:\\\/\\\/www.formula.fo\\\/en\\\/#organization\"},\"potentialAction\":[{\"@type\":\"SearchAction\",\"target\":{\"@type\":\"EntryPoint\",\"urlTemplate\":\"https:\\\/\\\/www.formula.fo\\\/en\\\/?s={search_term_string}\"},\"query-input\":{\"@type\":\"PropertyValueSpecification\",\"valueRequired\":true,\"valueName\":\"search_term_string\"}}],\"inLanguage\":\"en-US\"},{\"@type\":\"Organization\",\"@id\":\"https:\\\/\\\/www.formula.fo\\\/en\\\/#organization\",\"name\":\"Formula\",\"url\":\"https:\\\/\\\/www.formula.fo\\\/en\\\/\",\"logo\":{\"@type\":\"ImageObject\",\"inLanguage\":\"en-US\",\"@id\":\"https:\\\/\\\/www.formula.fo\\\/en\\\/#\\\/schema\\\/logo\\\/image\\\/\",\"url\":\"https:\\\/\\\/www.formula.fo\\\/wp-content\\\/uploads\\\/2022\\\/03\\\/logo.png\",\"contentUrl\":\"https:\\\/\\\/www.formula.fo\\\/wp-content\\\/uploads\\\/2022\\\/03\\\/logo.png\",\"width\":227,\"height\":73,\"caption\":\"Formula\"},\"image\":{\"@id\":\"https:\\\/\\\/www.formula.fo\\\/en\\\/#\\\/schema\\\/logo\\\/image\\\/\"}}]}<\/script>\n<!-- \/ Yoast SEO plugin. -->","yoast_head_json":{"title":"Totalview - Formula","robots":{"index":"index","follow":"follow","max-snippet":"max-snippet:-1","max-image-preview":"max-image-preview:large","max-video-preview":"max-video-preview:-1"},"canonical":"https:\/\/www.formula.fo\/en\/skipanir\/totalview\/","og_locale":"en_US","og_type":"article","og_title":"Totalview - Formula","og_url":"https:\/\/www.formula.fo\/en\/skipanir\/totalview\/","og_site_name":"Formula","article_modified_time":"2023-11-13T12:27:43+00:00","og_image":[{"url":"https:\/\/www.formula.fo\/wp-content\/uploads\/2022\/05\/Totalview-PC-App.jpg","type":"","width":"","height":""}],"twitter_card":"summary_large_image","twitter_misc":{"Est. reading time":"1 minute"},"schema":{"@context":"https:\/\/schema.org","@graph":[{"@type":"WebPage","@id":"https:\/\/www.formula.fo\/en\/skipanir\/totalview\/","url":"https:\/\/www.formula.fo\/en\/skipanir\/totalview\/","name":"Totalview - Formula","isPartOf":{"@id":"https:\/\/www.formula.fo\/en\/#website"},"primaryImageOfPage":{"@id":"https:\/\/www.formula.fo\/en\/skipanir\/totalview\/#primaryimage"},"image":{"@id":"https:\/\/www.formula.fo\/en\/skipanir\/totalview\/#primaryimage"},"thumbnailUrl":"https:\/\/www.formula.fo\/wp-content\/uploads\/2022\/05\/Totalview-PC-App.jpg","datePublished":"2022-03-18T14:59:11+00:00","dateModified":"2023-11-13T12:27:43+00:00","breadcrumb":{"@id":"https:\/\/www.formula.fo\/en\/skipanir\/totalview\/#breadcrumb"},"inLanguage":"en-US","potentialAction":[{"@type":"ReadAction","target":["https:\/\/www.formula.fo\/en\/skipanir\/totalview\/"]}]},{"@type":"ImageObject","inLanguage":"en-US","@id":"https:\/\/www.formula.fo\/en\/skipanir\/totalview\/#primaryimage","url":"https:\/\/www.formula.fo\/wp-content\/uploads\/2022\/05\/Totalview-PC-App.jpg","contentUrl":"https:\/\/www.formula.fo\/wp-content\/uploads\/2022\/05\/Totalview-PC-App.jpg"},{"@type":"BreadcrumbList","@id":"https:\/\/www.formula.fo\/en\/skipanir\/totalview\/#breadcrumb","itemListElement":[{"@type":"ListItem","position":1,"name":"Home","item":"https:\/\/www.formula.fo\/en\/"},{"@type":"ListItem","position":2,"name":"Skipanir","item":"https:\/\/www.formula.fo\/en\/skipanir\/"},{"@type":"ListItem","position":3,"name":"Totalview"}]},{"@type":"WebSite","@id":"https:\/\/www.formula.fo\/en\/#website","url":"https:\/\/www.formula.fo\/en\/","name":"Formula","description":"Formula","publisher":{"@id":"https:\/\/www.formula.fo\/en\/#organization"},"potentialAction":[{"@type":"SearchAction","target":{"@type":"EntryPoint","urlTemplate":"https:\/\/www.formula.fo\/en\/?s={search_term_string}"},"query-input":{"@type":"PropertyValueSpecification","valueRequired":true,"valueName":"search_term_string"}}],"inLanguage":"en-US"},{"@type":"Organization","@id":"https:\/\/www.formula.fo\/en\/#organization","name":"Formula","url":"https:\/\/www.formula.fo\/en\/","logo":{"@type":"ImageObject","inLanguage":"en-US","@id":"https:\/\/www.formula.fo\/en\/#\/schema\/logo\/image\/","url":"https:\/\/www.formula.fo\/wp-content\/uploads\/2022\/03\/logo.png","contentUrl":"https:\/\/www.formula.fo\/wp-content\/uploads\/2022\/03\/logo.png","width":227,"height":73,"caption":"Formula"},"image":{"@id":"https:\/\/www.formula.fo\/en\/#\/schema\/logo\/image\/"}}]}},"_links":{"self":[{"href":"https:\/\/www.formula.fo\/en\/wp-json\/wp\/v2\/pages\/464","targetHints":{"allow":["GET"]}}],"collection":[{"href":"https:\/\/www.formula.fo\/en\/wp-json\/wp\/v2\/pages"}],"about":[{"href":"https:\/\/www.formula.fo\/en\/wp-json\/wp\/v2\/types\/page"}],"author":[{"embeddable":true,"href":"https:\/\/www.formula.fo\/en\/wp-json\/wp\/v2\/users\/1"}],"replies":[{"embeddable":true,"href":"https:\/\/www.formula.fo\/en\/wp-json\/wp\/v2\/comments?post=464"}],"version-history":[{"count":5,"href":"https:\/\/www.formula.fo\/en\/wp-json\/wp\/v2\/pages\/464\/revisions"}],"predecessor-version":[{"id":4185,"href":"https:\/\/www.formula.fo\/en\/wp-json\/wp\/v2\/pages\/464\/revisions\/4185"}],"up":[{"embeddable":true,"href":"https:\/\/www.formula.fo\/en\/wp-json\/wp\/v2\/pages\/444"}],"wp:attachment":[{"href":"https:\/\/www.formula.fo\/en\/wp-json\/wp\/v2\/media?parent=464"}],"curies":[{"name":"wp","href":"https:\/\/api.w.org\/{rel}","templated":true}]}}