
{"id":468,"date":"2022-03-18T15:04:14","date_gmt":"2022-03-18T15:04:14","guid":{"rendered":"https:\/\/www.formula.fo\/?page_id=468"},"modified":"2025-10-20T09:12:02","modified_gmt":"2025-10-20T09:12:02","slug":"tidarskraseting","status":"publish","type":"page","link":"https:\/\/www.formula.fo\/en\/skipanir\/totalview\/tidarskraseting\/","title":{"rendered":"T\u00ed\u00f0arskr\u00e1seting"},"content":{"rendered":"\n<div class=\"wp-block-cover alignfull\" style=\"min-height:679px;aspect-ratio:unset;\"><img loading=\"lazy\" decoding=\"async\" width=\"2560\" height=\"1707\" class=\"wp-block-cover__image-background wp-image-1632\" alt=\"\" src=\"https:\/\/www.formula.fo\/wp-content\/uploads\/2022\/05\/FORMULA-Totalview-Presence-4800-x-3200-4.jpg\" data-object-fit=\"cover\" srcset=\"https:\/\/www.formula.fo\/wp-content\/uploads\/2022\/05\/FORMULA-Totalview-Presence-4800-x-3200-4.jpg 2560w, https:\/\/www.formula.fo\/wp-content\/uploads\/2022\/05\/FORMULA-Totalview-Presence-4800-x-3200-4-800x533.jpg 800w, https:\/\/www.formula.fo\/wp-content\/uploads\/2022\/05\/FORMULA-Totalview-Presence-4800-x-3200-4-1600x1067.jpg 1600w, https:\/\/www.formula.fo\/wp-content\/uploads\/2022\/05\/FORMULA-Totalview-Presence-4800-x-3200-4-768x512.jpg 768w, https:\/\/www.formula.fo\/wp-content\/uploads\/2022\/05\/FORMULA-Totalview-Presence-4800-x-3200-4-1536x1024.jpg 1536w, https:\/\/www.formula.fo\/wp-content\/uploads\/2022\/05\/FORMULA-Totalview-Presence-4800-x-3200-4-2048x1365.jpg 2048w\" sizes=\"auto, (max-width: 2560px) 100vw, 2560px\" \/><span aria-hidden=\"true\" class=\"wp-block-cover__background has-blue-background-color has-background-dim-60 has-background-dim\"><\/span><div class=\"wp-block-cover__inner-container is-layout-flow wp-block-cover-is-layout-flow\">\n<h1 class=\"wp-block-heading has-text-align-center has-white-color has-text-color\">Totalview T\u00ed\u00f0arskr\u00e1seting<\/h1>\n\n\n\n<p class=\"has-text-align-center has-white-color has-text-color\">T\u00ed\u00f0arskr\u00e1seting er skj\u00f3tt og l\u00e6tt &#8211; og gevur tykkum eitt \u00e1l\u00edtandi grundarlag fyri at optimera arbei\u00f0sorkuna og at halda skil \u00e1 arbei\u00f0st\u00ed\u00f0ini.<\/p>\n<\/div><\/div>\n\n\n\n<div class=\"wp-block-cover alignfull is-light\"><span aria-hidden=\"true\" class=\"wp-block-cover__background has-white-background-color has-background-dim-100 has-background-dim\"><\/span><div class=\"wp-block-cover__inner-container is-layout-flow wp-block-cover-is-layout-flow\">\n<div style=\"height:104px\" aria-hidden=\"true\" class=\"wp-block-spacer\"><\/div>\n\n\n\n<h2 class=\"wp-block-heading has-text-align-center has-dark-color has-text-color\">Hv\u00ed Totalview T\u00ed\u00f0arskr\u00e1seting?<\/h2>\n\n\n\n<p class=\"has-text-align-center\">Vi\u00f0 Totalview T\u00ed\u00f0arskr\u00e1seting f\u00e1a fyrit\u00f8kur og stovnar ney\u00f0ugu ambo\u00f0ini at halda skil \u00e1 arbei\u00f0sorkuni hj\u00e1 starvsf\u00f3lkum \u2013 b\u00e6\u00f0i hj\u00e1 t\u00edmal\u00f8ntum og fastl\u00f8ntum. Totalview hj\u00e1lpir tykkum at f\u00e1a innlit \u00ed t\u00ed\u00f0ina hj\u00e1 starvsf\u00f3lkum og tryggjar, at t\u00ed\u00f0in samsvarar vi\u00f0 avtalul\u00f8n ella s\u00e1ttm\u00e1lar \u00e1 arbei\u00f0smarkna\u00f0inum. Harumframt gevur Totalview ney\u00f0ug fakta fyri at f\u00e1a neyvari l\u00f8nar- og f\u00edggjart\u00f8l.<\/p>\n\n\n\n<div class=\"wp-block-buttons is-content-justification-center is-layout-flex wp-container-core-buttons-is-layout-16018d1d wp-block-buttons-is-layout-flex\">\n<div class=\"wp-block-button\"><a class=\"wp-block-button__link has-green-background-color has-background wp-element-button\" href=\"#samband\">F\u00e1 samband<\/a><\/div>\n<\/div>\n\n\n\n<div style=\"height:105px\" aria-hidden=\"true\" class=\"wp-block-spacer\"><\/div>\n<\/div><\/div>\n\n\n\n<div style=\"height:81px\" aria-hidden=\"true\" class=\"wp-block-spacer\"><\/div>\n\n\n\n<div class=\"wp-block-columns alignwide are-vertically-aligned-center is-layout-flex wp-container-core-columns-is-layout-9d6595d7 wp-block-columns-is-layout-flex\">\n<div class=\"wp-block-column is-vertically-aligned-center is-layout-flow wp-block-column-is-layout-flow\">\n<figure class=\"wp-block-image aligncenter size-full is-resized\"><img loading=\"lazy\" decoding=\"async\" width=\"520\" height=\"334\" src=\"https:\/\/www.formula.fo\/wp-content\/uploads\/2022\/06\/timy.png\" alt=\"\" class=\"wp-image-2116\" style=\"width:498px;height:319px\"\/><\/figure>\n<\/div>\n\n\n\n<div class=\"wp-block-column is-vertically-aligned-center is-layout-flow wp-block-column-is-layout-flow\">\n<h3 class=\"wp-block-heading has-dark-color has-text-color\">L\u00e6r hvat t\u00ed\u00f0in ver\u00f0ur br\u00fakt upp\u00e1<\/h3>\n\n\n\n<p>Vi\u00f0 Totalview f\u00e1a tit eitt yvirlit yvir arbei\u00f0st\u00ed\u00f0ina, og hvussu n\u00f3gv t\u00ed\u00f0 er br\u00fakt upp\u00e1 m.a. fundir, sj\u00fakradagar og feriu. Hetta gevur tykkum fakta, sum hj\u00e1lpir tykkum at betra um framleidni. <\/p>\n<\/div>\n<\/div>\n\n\n\n<div style=\"height:100px\" aria-hidden=\"true\" class=\"wp-block-spacer\"><\/div>\n\n\n\n<div class=\"wp-block-columns alignwide are-vertically-aligned-center is-layout-flex wp-container-core-columns-is-layout-9d6595d7 wp-block-columns-is-layout-flex\">\n<div class=\"wp-block-column is-vertically-aligned-center is-layout-flow wp-block-column-is-layout-flow\">\n<h3 class=\"wp-block-heading has-dark-color has-text-color\">Innlit \u00ed uppg\u00e1vur og sakir<\/h3>\n\n\n\n<p>Vi\u00f0 Totalview kunnu starvsf\u00f3lk skr\u00e1seta s\u00edna t\u00ed\u00f0 upp\u00e1 sakir og uppg\u00e1vur &#8211; ella rakstrarst\u00f8\u00f0. Hetta gevur tykkum innlit \u00ed, j\u00fast hvussu n\u00f3gv t\u00ed\u00f0 er br\u00fakt \u00e1 hv\u00f8rji sak. Vi\u00f0 t\u00ed\u00f0arhagt\u00f8lum f\u00e1a tit samstundis s\u00e6\u00f0 munin millum aktuellu t\u00ed\u00f0arn\u00fdtsluna \u00ed mun til \u00e6tla\u00f0u. Hetta hj\u00e1lpir tykkum at gera betri metingar upp\u00e1 sakir \u00ed framt\u00ed\u00f0ini. <\/p>\n\n\n\n<p>Ta\u00f0 ber eisini til at binda tykkara f\u00edggjarskipan sum t.d. Business Central \u00ed, so t\u00edman\u00fdtslan kemur inn \u00e1 sakina, so ta\u00f0 er kl\u00e1rt at fakturera. <\/p>\n<\/div>\n\n\n\n<div class=\"wp-block-column is-vertically-aligned-center is-layout-flow wp-block-column-is-layout-flow\">\n<figure class=\"wp-block-image aligncenter size-full\"><img loading=\"lazy\" decoding=\"async\" width=\"520\" height=\"334\" src=\"https:\/\/www.formula.fo\/wp-content\/uploads\/2022\/06\/sakstyring.png\" alt=\"\" class=\"wp-image-2118\"\/><\/figure>\n<\/div>\n<\/div>\n\n\n\n<div style=\"height:100px\" aria-hidden=\"true\" class=\"wp-block-spacer\"><\/div>\n\n\n\n<div class=\"wp-block-columns alignwide are-vertically-aligned-center is-layout-flex wp-container-core-columns-is-layout-9d6595d7 wp-block-columns-is-layout-flex\">\n<div class=\"wp-block-column is-vertically-aligned-center is-layout-flow wp-block-column-is-layout-flow\">\n<figure class=\"wp-block-image size-full\"><img loading=\"lazy\" decoding=\"async\" width=\"520\" height=\"334\" src=\"https:\/\/www.formula.fo\/wp-content\/uploads\/2022\/06\/project-1.png\" alt=\"\" class=\"wp-image-2120\"\/><\/figure>\n<\/div>\n\n\n\n<div class=\"wp-block-column is-vertically-aligned-center is-layout-flow wp-block-column-is-layout-flow\">\n<h3 class=\"wp-block-heading has-dark-color has-text-color\">Hald skil \u00e1 feriu<\/h3>\n\n\n\n<p>Hava tit t\u00f8rv \u00e1 at s\u00edggja eitt yvirlit yvir, n\u00e6r starvsf\u00f3lk \u00e6tla s\u00e6r \u00ed feriu? So ber hetta til vi\u00f0 Totalview, t\u00ed tit f\u00e1a eitt sj\u00f3nligt yvirlit yvir \u00e6tla\u00f0u feriu og kunnu t\u00ed tryggja, at ney\u00f0uga arbei\u00f0smegin alt\u00ed\u00f0 er tilsta\u00f0ar. <\/p>\n<\/div>\n<\/div>\n\n\n\n<div style=\"height:105px\" aria-hidden=\"true\" class=\"wp-block-spacer\"><\/div>\n\n\n\n<div class=\"wp-block-columns alignwide are-vertically-aligned-center is-layout-flex wp-container-core-columns-is-layout-9d6595d7 wp-block-columns-is-layout-flex\">\n<div class=\"wp-block-column is-vertically-aligned-center is-layout-flow wp-block-column-is-layout-flow\">\n<h3 class=\"wp-block-heading has-dark-color has-text-color\">Skr\u00e1set arbei\u00f0i \u00ed t\u00ed\u00f0arse\u00f0linum<\/h3>\n\n\n\n<p>Totalview skr\u00e1setir og skjalfestir t\u00ed\u00f0ina hj\u00e1 starvsf\u00f3lkum og \u00e1 sakum her og n\u00fa, fyri at geva tykkum ney\u00f0ug fakta til at taka avger\u00f0ir.<\/p>\n<\/div>\n\n\n\n<div class=\"wp-block-column is-vertically-aligned-center is-layout-flow wp-block-column-is-layout-flow\">\n<figure class=\"wp-block-image size-full\"><img loading=\"lazy\" decoding=\"async\" width=\"520\" height=\"334\" src=\"https:\/\/www.formula.fo\/wp-content\/uploads\/2022\/06\/imag2.png\" alt=\"\" class=\"wp-image-2186\"\/><\/figure>\n<\/div>\n<\/div>\n\n\n\n<div style=\"height:91px\" aria-hidden=\"true\" class=\"wp-block-spacer\"><\/div>\n\n\n\n<div class=\"wp-block-cover alignfull\" style=\"min-height:583px;aspect-ratio:unset;\"><img loading=\"lazy\" decoding=\"async\" width=\"1920\" height=\"638\" class=\"wp-block-cover__image-background wp-image-980\" alt=\"\" src=\"https:\/\/www.formula.fo\/wp-content\/uploads\/2022\/04\/bg.jpg\" data-object-fit=\"cover\" srcset=\"https:\/\/www.formula.fo\/wp-content\/uploads\/2022\/04\/bg.jpg 1920w, https:\/\/www.formula.fo\/wp-content\/uploads\/2022\/04\/bg-800x266.jpg 800w, https:\/\/www.formula.fo\/wp-content\/uploads\/2022\/04\/bg-1600x532.jpg 1600w, https:\/\/www.formula.fo\/wp-content\/uploads\/2022\/04\/bg-768x255.jpg 768w, https:\/\/www.formula.fo\/wp-content\/uploads\/2022\/04\/bg-1536x510.jpg 1536w\" sizes=\"auto, (max-width: 1920px) 100vw, 1920px\" \/><span aria-hidden=\"true\" class=\"wp-block-cover__background has-background-dim-30 has-background-dim\"><\/span><div class=\"wp-block-cover__inner-container is-layout-flow wp-block-cover-is-layout-flow\">\n<h2 class=\"wp-block-heading has-text-align-center has-white-color has-text-color\">\u00cdbundi\u00f0 vi\u00f0 l\u00f8narskipan<\/h2>\n\n\n\n<p class=\"has-text-align-center has-white-color has-text-color\">Totalview t\u00ed\u00f0arskr\u00e1seting kann bindast \u00ed <a href=\"https:\/\/www.formula.fo\/skipanir\/lonarskipan\/\">L\u00f8ttl\u00f8n<\/a>, so ta\u00f0 er skj\u00f3tt og l\u00e6tt at gera l\u00f8narflytingar. Vi\u00f0 einum klikki f\u00e1a tit allar t\u00edmar yvir \u00ed L\u00f8ttl\u00f8n, og er ta\u00f0 hervi\u00f0 kl\u00e1rt at flyta l\u00f8nina \u00e1 l\u00f8narportalinum. \u00c1 hendan h\u00e1tt sleppa tit undan at halda skil \u00e1 t\u00edmum \u00ed ymiskum skipanum. <\/p>\n<\/div><\/div>\n\n\n\n<div class=\"wp-block-cover alignfull is-light\" style=\"min-height:630px;aspect-ratio:unset;\"><span aria-hidden=\"true\" class=\"wp-block-cover__background has-white-background-color has-background-dim-100 has-background-dim\"><\/span><div class=\"wp-block-cover__inner-container is-layout-flow wp-block-cover-is-layout-flow\">\n<h2 class=\"wp-block-heading has-text-align-center has-dark-color has-text-color\">V\u00e6l n\u00f8gdir kundar<\/h2>\n\n\n\n<div style=\"height:19px\" aria-hidden=\"true\" class=\"wp-block-spacer\"><\/div>\n\n\n\n<p class=\"has-text-align-center\">Formula hevur \u00ed fleiri \u00e1r hj\u00e1lp fyrit\u00f8kum og stovnum at halda skil \u00e1 teirra t\u00edman\u00fdtslu vi\u00f0 Totalview T\u00ed\u00f0arskr\u00e1seting. Vit hava dr\u00fagvar royndir og f\u00f8rleikar vi\u00f0 at hj\u00e1lpa st\u00f3rum sum sm\u00e1um fyrit\u00f8kum, stovnum og kommunum vi\u00f0 teirra t\u00ed\u00f0arskr\u00e1seting.<\/p>\n\n\n\n<div id=\"customers_block_fb2cb980e9b3aee5bedc0d6cfd941d52\" class=\"lunnar-customers swiper\">\n\n\t\n            <div class=\"swiper-wrapper\">\n                            <div class=\"customer swiper-slide\">\n                    <img decoding=\"async\" title=\"Damfar\" src=\"https:\/\/www.formula.fo\/wp-content\/uploads\/2022\/06\/logo-3.png\" \/>\n                <\/div>\n                            <div class=\"customer swiper-slide\">\n                    <img decoding=\"async\" title=\"Smyril Line\" src=\"https:\/\/www.formula.fo\/wp-content\/uploads\/2022\/06\/smyril_line-logo.png\" \/>\n                <\/div>\n                            <div class=\"customer swiper-slide\">\n                    <img decoding=\"async\" title=\"D\u00e1tueftirliti\u00f0\" src=\"https:\/\/www.formula.fo\/wp-content\/uploads\/2022\/06\/dat-logo1024_1.jpg\" \/>\n                <\/div>\n                            <div class=\"customer swiper-slide\">\n                    <img decoding=\"async\" title=\"T\u00f3rshavnar Kommuna\" src=\"https:\/\/www.formula.fo\/wp-content\/uploads\/2022\/05\/591px-Torshavn_Insigna.svg_.png\" \/>\n                <\/div>\n                            <div class=\"customer swiper-slide\">\n                    <img decoding=\"async\" title=\"Magn\" src=\"https:\/\/www.formula.fo\/wp-content\/uploads\/2022\/05\/magn_logo.png\" \/>\n                <\/div>\n                    <\/div>\n\n        <div class=\"swiper-pagination\"><\/div>\n    \n<\/div>\n\n\n<\/div><\/div>\n\n\n\n<div style=\"height:100px\" aria-hidden=\"true\" id=\"samband\" class=\"wp-block-spacer\"><\/div>\n\n\n\n<h2 class=\"wp-block-heading has-text-align-center has-dark-color has-text-color\">\u00c1huga\u00f0\/ur at hoyra meira?<\/h2>\n\n\n\n<div style=\"height:35px\" aria-hidden=\"true\" id=\"samband\" class=\"wp-block-spacer\"><\/div>\n\n\n\n<script>\n    var employees_people_block_3a1ae5fbcfa5996345ded3c0c31c2bcc = JSON.parse('[{\"post_id\":2601,\"post_title\":\"Andreas Vagn\\u00f8 Pedersen\",\"show_phone\":null,\"totalview_id\":\"c6d1acc7d1861ebeace25188a2c5988d\",\"division\":\"Ritb\\u00fana\\u00f0ur og r\\u00e1\\u00f0geving\",\"capabilities\":\"S\\u00f8la,Totalview\",\"focal_points\":\"50% 50%\",\"image\":\"https:\\\/\\\/www.formula.fo\\\/wp-content\\\/uploads\\\/2022\\\/05\\\/FORMULA-Andras-Vagno-Pedersen-1600x1280-2-800x640.jpg\"},{\"post_id\":4816,\"post_title\":\"K\\u00e1ri Joensen\",\"show_phone\":null,\"totalview_id\":\"93c811b6c12bec5500227c722f5fd085\",\"division\":\"Ritb\\u00fana\\u00f0ur og r\\u00e1\\u00f0geving\",\"capabilities\":\"360,L\\u00f8ttl\\u00f8n,S\\u00f8la,Totalview,Totalview HR\",\"focal_points\":\"50% 50%\",\"image\":\"https:\\\/\\\/www.formula.fo\\\/wp-content\\\/uploads\\\/2025\\\/10\\\/kari_joensen_DSC1036_1-800x600.jpg\"}]');var slider_people_block_3a1ae5fbcfa5996345ded3c0c31c2bcc = 'false';<\/script>\n\n<div id=\"people_block_3a1ae5fbcfa5996345ded3c0c31c2bcc\" class=\"lunnar-people alignwide flex\">\n\t\n            <div class=\"swiper-wrapper\">\n            <div v-for=\"(employee, index) in employees\" :key=\"index\" class=\"employee-card swiper-slide\">\n                <div class=\"employee-card--content-image\">\n                    <img decoding=\"async\" v-show=\"!employee.image\" src=\"https:\/\/www.formula.fo\/wp-content\/themes\/lunnar-formula\/images\/backup-image.jpg\" \/>\n                    <img v-if=\"employee.image\" :src=\"employee.image\" :style=\"`object-fit: ${employee.focal_points}`\" \/>\n                    <div class=\"employee-status\" v-html=\"get_employee_status(employee.totalview_id)\" :data-id=\"employee.totalview_id\"><\/div>\n                <\/div>\n    \n                <div class=\"employee-card--content-text\">\n                    <h3 v-if=\"employee.post_title\" class=\"employee-name\">{{employee.post_title}}<\/h3>\n                    \n                    <div v-if=\"employee.division\" class=\"employee-title\">{{employee.division}}<\/div>\n                            \n                    <div class=\"employee-contact\">\n                        <div v-if=\"employee.phone\" class=\"employee-contact--item employee-contact--phone\">\n                            <span>Tel.<\/span>\n                            <a :href=\"`tel:${employee.phone}`\">{{split_phone_number(employee.phone)}}<\/a>\n                        <\/div>\n                        \n                        <div class=\"employee-contact--item employee-contact--email\" @click=\"open_modal(employee)\">\n                            Send Message                        <\/div>\n                    <\/div>\n                <\/div>\n            <\/div>\n        <\/div>\n\n        <div class=\"swiper-pagination\"><\/div>\n    \n    <\/div>\n\n\n\n<div style=\"height:110px\" aria-hidden=\"true\" id=\"samband\" class=\"wp-block-spacer\"><\/div>\n","protected":false},"excerpt":{"rendered":"<p>L\u00e6r hvat t\u00ed\u00f0in ver\u00f0ur br\u00fakt upp\u00e1 Vi\u00f0 Totalview f\u00e1a tit eitt yvirlit yvir arbei\u00f0st\u00ed\u00f0ina, og hvussu n\u00f3gv t\u00ed\u00f0 er br\u00fakt upp\u00e1 m.a. fundir, sj\u00fakradagar og feriu. Hetta gevur tykkum fakta, sum hj\u00e1lpir tykkum at betra um framleidni. Innlit \u00ed uppg\u00e1vur og sakir Vi\u00f0 Totalview kunnu starvsf\u00f3lk skr\u00e1seta s\u00edna t\u00ed\u00f0 upp\u00e1 sakir og uppg\u00e1vur &#8211; ella [&hellip;]<\/p>\n","protected":false},"author":1,"featured_media":0,"parent":464,"menu_order":2,"comment_status":"closed","ping_status":"closed","template":"","meta":{"_acf_changed":false,"footnotes":""},"class_list":["post-468","page","type-page","status-publish","hentry"],"acf":[],"yoast_head":"<!-- This site is optimized with the Yoast SEO plugin v27.3 - https:\/\/yoast.com\/product\/yoast-seo-wordpress\/ -->\n<title>T\u00ed\u00f0arskr\u00e1seting - Formula<\/title>\n<meta name=\"robots\" content=\"index, follow, max-snippet:-1, max-image-preview:large, max-video-preview:-1\" \/>\n<link rel=\"canonical\" href=\"https:\/\/www.formula.fo\/en\/skipanir\/totalview\/tidarskraseting\/\" \/>\n<meta property=\"og:locale\" content=\"en_US\" \/>\n<meta property=\"og:type\" content=\"article\" \/>\n<meta property=\"og:title\" content=\"T\u00ed\u00f0arskr\u00e1seting - Formula\" \/>\n<meta property=\"og:description\" content=\"L\u00e6r hvat t\u00ed\u00f0in ver\u00f0ur br\u00fakt upp\u00e1 Vi\u00f0 Totalview f\u00e1a tit eitt yvirlit yvir arbei\u00f0st\u00ed\u00f0ina, og hvussu n\u00f3gv t\u00ed\u00f0 er br\u00fakt upp\u00e1 m.a. fundir, sj\u00fakradagar og feriu. Hetta gevur tykkum fakta, sum hj\u00e1lpir tykkum at betra um framleidni. Innlit \u00ed uppg\u00e1vur og sakir Vi\u00f0 Totalview kunnu starvsf\u00f3lk skr\u00e1seta s\u00edna t\u00ed\u00f0 upp\u00e1 sakir og uppg\u00e1vur &#8211; ella [&hellip;]\" \/>\n<meta property=\"og:url\" content=\"https:\/\/www.formula.fo\/en\/skipanir\/totalview\/tidarskraseting\/\" \/>\n<meta property=\"og:site_name\" content=\"Formula\" \/>\n<meta property=\"article:modified_time\" content=\"2025-10-20T09:12:02+00:00\" \/>\n<meta property=\"og:image\" content=\"https:\/\/www.formula.fo\/wp-content\/uploads\/2022\/05\/FORMULA-Totalview-Presence-4800-x-3200-4-1600x1067.jpg\" \/>\n\t<meta property=\"og:image:width\" content=\"1600\" \/>\n\t<meta property=\"og:image:height\" content=\"1067\" \/>\n\t<meta property=\"og:image:type\" content=\"image\/jpeg\" \/>\n<meta name=\"twitter:card\" content=\"summary_large_image\" \/>\n<meta name=\"twitter:label1\" content=\"Est. reading time\" \/>\n\t<meta name=\"twitter:data1\" content=\"4 minutes\" \/>\n<script type=\"application\/ld+json\" class=\"yoast-schema-graph\">{\"@context\":\"https:\\\/\\\/schema.org\",\"@graph\":[{\"@type\":\"WebPage\",\"@id\":\"https:\\\/\\\/www.formula.fo\\\/en\\\/skipanir\\\/totalview\\\/tidarskraseting\\\/\",\"url\":\"https:\\\/\\\/www.formula.fo\\\/en\\\/skipanir\\\/totalview\\\/tidarskraseting\\\/\",\"name\":\"T\u00ed\u00f0arskr\u00e1seting - Formula\",\"isPartOf\":{\"@id\":\"https:\\\/\\\/www.formula.fo\\\/en\\\/#website\"},\"primaryImageOfPage\":{\"@id\":\"https:\\\/\\\/www.formula.fo\\\/en\\\/skipanir\\\/totalview\\\/tidarskraseting\\\/#primaryimage\"},\"image\":{\"@id\":\"https:\\\/\\\/www.formula.fo\\\/en\\\/skipanir\\\/totalview\\\/tidarskraseting\\\/#primaryimage\"},\"thumbnailUrl\":\"https:\\\/\\\/www.formula.fo\\\/wp-content\\\/uploads\\\/2022\\\/05\\\/FORMULA-Totalview-Presence-4800-x-3200-4.jpg\",\"datePublished\":\"2022-03-18T15:04:14+00:00\",\"dateModified\":\"2025-10-20T09:12:02+00:00\",\"breadcrumb\":{\"@id\":\"https:\\\/\\\/www.formula.fo\\\/en\\\/skipanir\\\/totalview\\\/tidarskraseting\\\/#breadcrumb\"},\"inLanguage\":\"en-US\",\"potentialAction\":[{\"@type\":\"ReadAction\",\"target\":[\"https:\\\/\\\/www.formula.fo\\\/en\\\/skipanir\\\/totalview\\\/tidarskraseting\\\/\"]}]},{\"@type\":\"ImageObject\",\"inLanguage\":\"en-US\",\"@id\":\"https:\\\/\\\/www.formula.fo\\\/en\\\/skipanir\\\/totalview\\\/tidarskraseting\\\/#primaryimage\",\"url\":\"https:\\\/\\\/www.formula.fo\\\/wp-content\\\/uploads\\\/2022\\\/05\\\/FORMULA-Totalview-Presence-4800-x-3200-4.jpg\",\"contentUrl\":\"https:\\\/\\\/www.formula.fo\\\/wp-content\\\/uploads\\\/2022\\\/05\\\/FORMULA-Totalview-Presence-4800-x-3200-4.jpg\"},{\"@type\":\"BreadcrumbList\",\"@id\":\"https:\\\/\\\/www.formula.fo\\\/en\\\/skipanir\\\/totalview\\\/tidarskraseting\\\/#breadcrumb\",\"itemListElement\":[{\"@type\":\"ListItem\",\"position\":1,\"name\":\"Home\",\"item\":\"https:\\\/\\\/www.formula.fo\\\/en\\\/\"},{\"@type\":\"ListItem\",\"position\":2,\"name\":\"Skipanir\",\"item\":\"https:\\\/\\\/www.formula.fo\\\/en\\\/skipanir\\\/\"},{\"@type\":\"ListItem\",\"position\":3,\"name\":\"Totalview\",\"item\":\"https:\\\/\\\/www.formula.fo\\\/en\\\/skipanir\\\/totalview\\\/\"},{\"@type\":\"ListItem\",\"position\":4,\"name\":\"T\u00ed\u00f0arskr\u00e1seting\"}]},{\"@type\":\"WebSite\",\"@id\":\"https:\\\/\\\/www.formula.fo\\\/en\\\/#website\",\"url\":\"https:\\\/\\\/www.formula.fo\\\/en\\\/\",\"name\":\"Formula\",\"description\":\"Formula\",\"publisher\":{\"@id\":\"https:\\\/\\\/www.formula.fo\\\/en\\\/#organization\"},\"potentialAction\":[{\"@type\":\"SearchAction\",\"target\":{\"@type\":\"EntryPoint\",\"urlTemplate\":\"https:\\\/\\\/www.formula.fo\\\/en\\\/?s={search_term_string}\"},\"query-input\":{\"@type\":\"PropertyValueSpecification\",\"valueRequired\":true,\"valueName\":\"search_term_string\"}}],\"inLanguage\":\"en-US\"},{\"@type\":\"Organization\",\"@id\":\"https:\\\/\\\/www.formula.fo\\\/en\\\/#organization\",\"name\":\"Formula\",\"url\":\"https:\\\/\\\/www.formula.fo\\\/en\\\/\",\"logo\":{\"@type\":\"ImageObject\",\"inLanguage\":\"en-US\",\"@id\":\"https:\\\/\\\/www.formula.fo\\\/en\\\/#\\\/schema\\\/logo\\\/image\\\/\",\"url\":\"https:\\\/\\\/www.formula.fo\\\/wp-content\\\/uploads\\\/2022\\\/03\\\/logo.png\",\"contentUrl\":\"https:\\\/\\\/www.formula.fo\\\/wp-content\\\/uploads\\\/2022\\\/03\\\/logo.png\",\"width\":227,\"height\":73,\"caption\":\"Formula\"},\"image\":{\"@id\":\"https:\\\/\\\/www.formula.fo\\\/en\\\/#\\\/schema\\\/logo\\\/image\\\/\"}}]}<\/script>\n<!-- \/ Yoast SEO plugin. -->","yoast_head_json":{"title":"T\u00ed\u00f0arskr\u00e1seting - Formula","robots":{"index":"index","follow":"follow","max-snippet":"max-snippet:-1","max-image-preview":"max-image-preview:large","max-video-preview":"max-video-preview:-1"},"canonical":"https:\/\/www.formula.fo\/en\/skipanir\/totalview\/tidarskraseting\/","og_locale":"en_US","og_type":"article","og_title":"T\u00ed\u00f0arskr\u00e1seting - Formula","og_description":"L\u00e6r hvat t\u00ed\u00f0in ver\u00f0ur br\u00fakt upp\u00e1 Vi\u00f0 Totalview f\u00e1a tit eitt yvirlit yvir arbei\u00f0st\u00ed\u00f0ina, og hvussu n\u00f3gv t\u00ed\u00f0 er br\u00fakt upp\u00e1 m.a. fundir, sj\u00fakradagar og feriu. Hetta gevur tykkum fakta, sum hj\u00e1lpir tykkum at betra um framleidni. Innlit \u00ed uppg\u00e1vur og sakir Vi\u00f0 Totalview kunnu starvsf\u00f3lk skr\u00e1seta s\u00edna t\u00ed\u00f0 upp\u00e1 sakir og uppg\u00e1vur &#8211; ella [&hellip;]","og_url":"https:\/\/www.formula.fo\/en\/skipanir\/totalview\/tidarskraseting\/","og_site_name":"Formula","article_modified_time":"2025-10-20T09:12:02+00:00","og_image":[{"width":1600,"height":1067,"url":"https:\/\/www.formula.fo\/wp-content\/uploads\/2022\/05\/FORMULA-Totalview-Presence-4800-x-3200-4-1600x1067.jpg","type":"image\/jpeg"}],"twitter_card":"summary_large_image","twitter_misc":{"Est. reading time":"4 minutes"},"schema":{"@context":"https:\/\/schema.org","@graph":[{"@type":"WebPage","@id":"https:\/\/www.formula.fo\/en\/skipanir\/totalview\/tidarskraseting\/","url":"https:\/\/www.formula.fo\/en\/skipanir\/totalview\/tidarskraseting\/","name":"T\u00ed\u00f0arskr\u00e1seting - Formula","isPartOf":{"@id":"https:\/\/www.formula.fo\/en\/#website"},"primaryImageOfPage":{"@id":"https:\/\/www.formula.fo\/en\/skipanir\/totalview\/tidarskraseting\/#primaryimage"},"image":{"@id":"https:\/\/www.formula.fo\/en\/skipanir\/totalview\/tidarskraseting\/#primaryimage"},"thumbnailUrl":"https:\/\/www.formula.fo\/wp-content\/uploads\/2022\/05\/FORMULA-Totalview-Presence-4800-x-3200-4.jpg","datePublished":"2022-03-18T15:04:14+00:00","dateModified":"2025-10-20T09:12:02+00:00","breadcrumb":{"@id":"https:\/\/www.formula.fo\/en\/skipanir\/totalview\/tidarskraseting\/#breadcrumb"},"inLanguage":"en-US","potentialAction":[{"@type":"ReadAction","target":["https:\/\/www.formula.fo\/en\/skipanir\/totalview\/tidarskraseting\/"]}]},{"@type":"ImageObject","inLanguage":"en-US","@id":"https:\/\/www.formula.fo\/en\/skipanir\/totalview\/tidarskraseting\/#primaryimage","url":"https:\/\/www.formula.fo\/wp-content\/uploads\/2022\/05\/FORMULA-Totalview-Presence-4800-x-3200-4.jpg","contentUrl":"https:\/\/www.formula.fo\/wp-content\/uploads\/2022\/05\/FORMULA-Totalview-Presence-4800-x-3200-4.jpg"},{"@type":"BreadcrumbList","@id":"https:\/\/www.formula.fo\/en\/skipanir\/totalview\/tidarskraseting\/#breadcrumb","itemListElement":[{"@type":"ListItem","position":1,"name":"Home","item":"https:\/\/www.formula.fo\/en\/"},{"@type":"ListItem","position":2,"name":"Skipanir","item":"https:\/\/www.formula.fo\/en\/skipanir\/"},{"@type":"ListItem","position":3,"name":"Totalview","item":"https:\/\/www.formula.fo\/en\/skipanir\/totalview\/"},{"@type":"ListItem","position":4,"name":"T\u00ed\u00f0arskr\u00e1seting"}]},{"@type":"WebSite","@id":"https:\/\/www.formula.fo\/en\/#website","url":"https:\/\/www.formula.fo\/en\/","name":"Formula","description":"Formula","publisher":{"@id":"https:\/\/www.formula.fo\/en\/#organization"},"potentialAction":[{"@type":"SearchAction","target":{"@type":"EntryPoint","urlTemplate":"https:\/\/www.formula.fo\/en\/?s={search_term_string}"},"query-input":{"@type":"PropertyValueSpecification","valueRequired":true,"valueName":"search_term_string"}}],"inLanguage":"en-US"},{"@type":"Organization","@id":"https:\/\/www.formula.fo\/en\/#organization","name":"Formula","url":"https:\/\/www.formula.fo\/en\/","logo":{"@type":"ImageObject","inLanguage":"en-US","@id":"https:\/\/www.formula.fo\/en\/#\/schema\/logo\/image\/","url":"https:\/\/www.formula.fo\/wp-content\/uploads\/2022\/03\/logo.png","contentUrl":"https:\/\/www.formula.fo\/wp-content\/uploads\/2022\/03\/logo.png","width":227,"height":73,"caption":"Formula"},"image":{"@id":"https:\/\/www.formula.fo\/en\/#\/schema\/logo\/image\/"}}]}},"_links":{"self":[{"href":"https:\/\/www.formula.fo\/en\/wp-json\/wp\/v2\/pages\/468","targetHints":{"allow":["GET"]}}],"collection":[{"href":"https:\/\/www.formula.fo\/en\/wp-json\/wp\/v2\/pages"}],"about":[{"href":"https:\/\/www.formula.fo\/en\/wp-json\/wp\/v2\/types\/page"}],"author":[{"embeddable":true,"href":"https:\/\/www.formula.fo\/en\/wp-json\/wp\/v2\/users\/1"}],"replies":[{"embeddable":true,"href":"https:\/\/www.formula.fo\/en\/wp-json\/wp\/v2\/comments?post=468"}],"version-history":[{"count":25,"href":"https:\/\/www.formula.fo\/en\/wp-json\/wp\/v2\/pages\/468\/revisions"}],"predecessor-version":[{"id":4822,"href":"https:\/\/www.formula.fo\/en\/wp-json\/wp\/v2\/pages\/468\/revisions\/4822"}],"up":[{"embeddable":true,"href":"https:\/\/www.formula.fo\/en\/wp-json\/wp\/v2\/pages\/464"}],"wp:attachment":[{"href":"https:\/\/www.formula.fo\/en\/wp-json\/wp\/v2\/media?parent=468"}],"curies":[{"name":"wp","href":"https:\/\/api.w.org\/{rel}","templated":true}]}}