
{"id":472,"date":"2022-03-18T15:05:27","date_gmt":"2022-03-18T15:05:27","guid":{"rendered":"https:\/\/www.formula.fo\/?page_id=472"},"modified":"2025-10-20T09:20:20","modified_gmt":"2025-10-20T09:20:20","slug":"hr","status":"publish","type":"page","link":"https:\/\/www.formula.fo\/en\/skipanir\/totalview\/hr\/","title":{"rendered":"HR"},"content":{"rendered":"\n<div class=\"wp-block-cover alignfull is-light\" style=\"min-height:687px;aspect-ratio:unset;\"><img loading=\"lazy\" decoding=\"async\" width=\"2560\" height=\"1707\" class=\"wp-block-cover__image-background wp-image-2571\" alt=\"\" src=\"https:\/\/www.formula.fo\/wp-content\/uploads\/2022\/06\/AdobeStock_274485295.jpeg\" data-object-fit=\"cover\" srcset=\"https:\/\/www.formula.fo\/wp-content\/uploads\/2022\/06\/AdobeStock_274485295.jpeg 2560w, https:\/\/www.formula.fo\/wp-content\/uploads\/2022\/06\/AdobeStock_274485295-800x533.jpeg 800w, https:\/\/www.formula.fo\/wp-content\/uploads\/2022\/06\/AdobeStock_274485295-1600x1067.jpeg 1600w, https:\/\/www.formula.fo\/wp-content\/uploads\/2022\/06\/AdobeStock_274485295-768x512.jpeg 768w, https:\/\/www.formula.fo\/wp-content\/uploads\/2022\/06\/AdobeStock_274485295-1536x1024.jpeg 1536w, https:\/\/www.formula.fo\/wp-content\/uploads\/2022\/06\/AdobeStock_274485295-2048x1365.jpeg 2048w\" sizes=\"auto, (max-width: 2560px) 100vw, 2560px\" \/><span aria-hidden=\"true\" class=\"wp-block-cover__background has-blue-background-color has-background-dim\"><\/span><div class=\"wp-block-cover__inner-container is-layout-flow wp-block-cover-is-layout-flow\">\n<h1 class=\"wp-block-heading has-text-align-center has-white-color has-text-color\">Betra um starvssetanina<\/h1>\n\n\n\n<p class=\"has-text-align-center has-white-color has-text-color\">Ein skipan til starvssetan, onboarding, goymslu av pers\u00f3nsd\u00e1ta og v\u00ed\u00f0arimenning av starvsf\u00f3lkum<\/p>\n<\/div><\/div>\n\n\n\n<div class=\"wp-block-cover alignfull is-light\"><span aria-hidden=\"true\" class=\"wp-block-cover__background has-white-background-color has-background-dim-100 has-background-dim\"><\/span><div class=\"wp-block-cover__inner-container is-layout-flow wp-block-cover-is-layout-flow\">\n<h2 class=\"wp-block-heading has-text-align-center has-dark-color has-text-color\">Hv\u00ed Totalview HR?<\/h2>\n\n\n\n<p class=\"has-text-align-center\">Vi\u00f0 Totalview HR f\u00e6rt t\u00fa eina HR skipan, har \u00f8ll starvsf\u00f3lkavi\u00f0urskifti er mi\u00f0savna\u00f0i \u00ed somu skipan &#8211; fr\u00e1 starvssetan til starvsfr\u00e1faring. Vi\u00f0 HR skipanini sleppa tit undan teldupostkassunum til ums\u00f3knir, og gomlu arkivunum til starvsuppl\u00fdsingar, t\u00ed alt er savna\u00f0 \u00ed somu skipan. <\/p>\n<\/div><\/div>\n\n\n\n<div style=\"height:100px\" aria-hidden=\"true\" class=\"wp-block-spacer\"><\/div>\n\n\n\n<div class=\"wp-block-columns are-vertically-aligned-center is-layout-flex wp-container-core-columns-is-layout-9d6595d7 wp-block-columns-is-layout-flex\">\n<div class=\"wp-block-column is-vertically-aligned-center is-layout-flow wp-block-column-is-layout-flow\">\n<figure class=\"wp-block-image size-full\"><img loading=\"lazy\" decoding=\"async\" width=\"520\" height=\"334\" src=\"https:\/\/www.formula.fo\/wp-content\/uploads\/2022\/06\/hr1.png\" alt=\"\" class=\"wp-image-2574\"\/><\/figure>\n<\/div>\n\n\n\n<div class=\"wp-block-column is-vertically-aligned-center is-layout-flow wp-block-column-is-layout-flow\">\n<p class=\"has-cyan-bluish-gray-color has-text-color\"><em>Minni t\u00ed\u00f0 at leita eftir f\u00f3lkum<\/em><\/p>\n\n\n\n<h4 class=\"wp-block-heading has-dark-color has-text-color\">Allar starvsuppl\u00fdsingar \u00ed einum sta\u00f0i<\/h4>\n\n\n\n<p>Vi\u00f0 Totalview HR hevur t\u00fa l\u00e6tta og skj\u00f3ta atgongd til \u00f8ll starvsf\u00f3lkavi\u00f0urskifti \u00ed eini skipan. T\u00fa f\u00e6rt eitt fullf\u00edggja\u00f0 starvsf\u00f3lkayvirlit, har t\u00fa s\u00e6rt alt fr\u00e1 starvsf\u00f3lkaf\u00f8rleikum, \u00fatb\u00fagvingum, skei\u00f0um, l\u00f8naravtalum, f\u00f8\u00f0ingard\u00f8gum til \u00fatfl\u00fdggja\u00f0ar lutir sum lyklar, kl\u00e6\u00f0ir, teldur og mangt anna\u00f0.<\/p>\n<\/div>\n<\/div>\n\n\n\n<div style=\"height:81px\" aria-hidden=\"true\" class=\"wp-block-spacer\"><\/div>\n\n\n\n<div class=\"wp-block-columns are-vertically-aligned-center is-layout-flex wp-container-core-columns-is-layout-9d6595d7 wp-block-columns-is-layout-flex\">\n<div class=\"wp-block-column is-vertically-aligned-center is-layout-flow wp-block-column-is-layout-flow\">\n<p class=\"has-cyan-bluish-gray-color has-text-color\"><em>F\u00e1 sum mest burtur\u00far starvsf\u00f3lkatilfeinginum<\/em><\/p>\n\n\n\n<h4 class=\"wp-block-heading has-dark-color has-text-color\">Finn r\u00e6tta starvsf\u00f3lki\u00f0 til uppg\u00e1vuna<\/h4>\n\n\n\n<p>Hygg hv\u00f8r er best egna\u00f0\/ur til at loysa uppg\u00e1vuna, vi\u00f0 at samanbera f\u00f8rleikar hj\u00e1 starvsf\u00f3lkum t.d. \u00fatb\u00fagving, skei\u00f0, f\u00f8rleikar, m\u00e1lf\u00f8rleikar og arbei\u00f0sroyndir. \u00c1 hendan h\u00e1tt f\u00e1a tit sum mest burtur \u00far starvsf\u00f3lkatilfeinginum. <\/p>\n<\/div>\n\n\n\n<div class=\"wp-block-column is-vertically-aligned-center is-layout-flow wp-block-column-is-layout-flow\">\n<figure class=\"wp-block-image size-full\"><img loading=\"lazy\" decoding=\"async\" width=\"520\" height=\"334\" src=\"https:\/\/www.formula.fo\/wp-content\/uploads\/2022\/06\/comp.png\" alt=\"\" class=\"wp-image-2576\"\/><\/figure>\n<\/div>\n<\/div>\n\n\n\n<div style=\"height:81px\" aria-hidden=\"true\" class=\"wp-block-spacer\"><\/div>\n\n\n\n<div class=\"wp-block-columns are-vertically-aligned-center is-layout-flex wp-container-core-columns-is-layout-9d6595d7 wp-block-columns-is-layout-flex\">\n<div class=\"wp-block-column is-vertically-aligned-center is-layout-flow wp-block-column-is-layout-flow\">\n<figure class=\"wp-block-image size-full\"><img loading=\"lazy\" decoding=\"async\" width=\"520\" height=\"334\" src=\"https:\/\/www.formula.fo\/wp-content\/uploads\/2022\/06\/stats_.png\" alt=\"\" class=\"wp-image-2580\"\/><\/figure>\n<\/div>\n\n\n\n<div class=\"wp-block-column is-vertically-aligned-center is-layout-flow wp-block-column-is-layout-flow\">\n<p class=\"has-cyan-bluish-gray-color has-text-color\"><em>Finn skeivleikar<\/em><\/p>\n\n\n\n<h4 class=\"wp-block-heading has-dark-color has-text-color\">Greina HR \u00ed t\u00f8lum og figurum<\/h4>\n\n\n\n<p>Totalview HR gevur uppl\u00fdsingar um tykkara starvsf\u00f3lk \u00ed t\u00f8lum og figurum, so tit kunnu finna fram til m\u00f8guligar skeivleikar. T.d. ber til at s\u00edggja mi\u00f0alaldur, lei\u00f0slub\u00fdti og kynsb\u00fdti.<\/p>\n\n\n\n<p>Ta\u00f0 ber eisini til at heinta uppl\u00fdsingar \u00fat \u00ed tykkara Business Intelligence ambo\u00f0.  <\/p>\n<\/div>\n<\/div>\n\n\n\n<div style=\"height:100px\" aria-hidden=\"true\" class=\"wp-block-spacer\"><\/div>\n\n\n\n<div class=\"wp-block-columns are-vertically-aligned-center is-layout-flex wp-container-core-columns-is-layout-9d6595d7 wp-block-columns-is-layout-flex\">\n<div class=\"wp-block-column is-vertically-aligned-center is-layout-flow wp-block-column-is-layout-flow\">\n<p class=\"has-cyan-bluish-gray-color has-text-color\"><em>Betri yvirlit yvir fyrit\u00f8kuna<\/em><\/p>\n\n\n\n<h4 class=\"wp-block-heading has-dark-color has-text-color\">Ger virkismyndina sj\u00f3nliga<\/h4>\n\n\n\n<p>Grunda \u00e1 uppl\u00fdsingar um tykkara fyrit\u00f8ku, kann Totalview HR gera virkismyndina sj\u00f3nliga, har tit s\u00edggja deildir og tilhoyrandi starvsf\u00f3lk og sambandi millum hesi. <\/p>\n<\/div>\n\n\n\n<div class=\"wp-block-column is-vertically-aligned-center is-layout-flow wp-block-column-is-layout-flow\">\n<figure class=\"wp-block-image size-full\"><img loading=\"lazy\" decoding=\"async\" width=\"520\" height=\"334\" src=\"https:\/\/www.formula.fo\/wp-content\/uploads\/2022\/06\/hr67.png\" alt=\"\" class=\"wp-image-2582\"\/><\/figure>\n<\/div>\n<\/div>\n\n\n\n<div style=\"height:50px\" aria-hidden=\"true\" class=\"wp-block-spacer\"><\/div>\n\n\n\n<div class=\"wp-block-cover alignfull is-light\"><img loading=\"lazy\" decoding=\"async\" width=\"2560\" height=\"1707\" class=\"wp-block-cover__image-background wp-image-2584\" alt=\"\" src=\"https:\/\/www.formula.fo\/wp-content\/uploads\/2022\/06\/AdobeStock_94291334.jpeg\" style=\"object-position:51% 36%\" data-object-fit=\"cover\" data-object-position=\"51% 36%\" srcset=\"https:\/\/www.formula.fo\/wp-content\/uploads\/2022\/06\/AdobeStock_94291334.jpeg 2560w, https:\/\/www.formula.fo\/wp-content\/uploads\/2022\/06\/AdobeStock_94291334-800x533.jpeg 800w, https:\/\/www.formula.fo\/wp-content\/uploads\/2022\/06\/AdobeStock_94291334-1600x1067.jpeg 1600w, https:\/\/www.formula.fo\/wp-content\/uploads\/2022\/06\/AdobeStock_94291334-768x512.jpeg 768w, https:\/\/www.formula.fo\/wp-content\/uploads\/2022\/06\/AdobeStock_94291334-1536x1024.jpeg 1536w, https:\/\/www.formula.fo\/wp-content\/uploads\/2022\/06\/AdobeStock_94291334-2048x1365.jpeg 2048w\" sizes=\"auto, (max-width: 2560px) 100vw, 2560px\" \/><span aria-hidden=\"true\" class=\"wp-block-cover__background has-background-dim\"><\/span><div class=\"wp-block-cover__inner-container is-layout-flow wp-block-cover-is-layout-flow\">\n<h2 class=\"wp-block-heading has-text-align-center has-white-color has-text-color\">Skr\u00e1set a\u00f0rar skipanir<\/h2>\n\n\n\n<p class=\"has-text-align-center has-white-color has-text-color\">Vit vita, at tit \u00ed dag allarhelst hava a\u00f0rar skipanir, har tit goyma starvsf\u00f3lkauppl\u00fdsingar. <br>Ta\u00f0 kundi veri\u00f0 l\u00f8narskipan, journalskipan ella okkurt tri\u00f0ja. Vi\u00f0 Totalview HR kunnu<br>tit skr\u00e1seta, hvar uppl\u00fdsingar liggja, so ta\u00f0 er skj\u00f3tt at finna fram til umvegis HR skipanina. <br><\/p>\n<\/div><\/div>\n\n\n\n<div class=\"wp-block-cover alignfull is-light\"><span aria-hidden=\"true\" class=\"wp-block-cover__background has-white-background-color has-background-dim-100 has-background-dim\"><\/span><div class=\"wp-block-cover__inner-container is-layout-flow wp-block-cover-is-layout-flow\">\n<div style=\"height:50px\" aria-hidden=\"true\" class=\"wp-block-spacer\"><\/div>\n\n\n\n<h2 class=\"wp-block-heading has-text-align-center has-dark-color has-text-color\">V\u00e6l n\u00f8gdir kundar<\/h2>\n\n\n\n<p class=\"has-text-align-center\">Formula hevur \u00ed fleiri \u00e1r hj\u00e1lp fyrit\u00f8kum, kommunum og stovnum at halda skil <br>\u00e1 teirra starvsf\u00f3lkauppl\u00fdsingum vi\u00f0 Totalview HR. Vit hava dr\u00fagvar royndir og<br>f\u00f8rleikar vi\u00f0 at hj\u00e1lpa st\u00f3rum sum sm\u00e1um. <\/p>\n\n\n\n<div id=\"customers_block_5432fd622720986a6a585b29bbcb78dc\" class=\"lunnar-customers swiper\">\n\n\t\n            <div class=\"swiper-wrapper\">\n                            <div class=\"customer swiper-slide\">\n                    <img decoding=\"async\" title=\"Borg\" src=\"https:\/\/www.formula.fo\/wp-content\/uploads\/2022\/06\/Borg_logo200px-1.png\" \/>\n                <\/div>\n                            <div class=\"customer swiper-slide\">\n                    <img decoding=\"async\" title=\"Effo\" src=\"https:\/\/www.formula.fo\/wp-content\/uploads\/2022\/06\/download-2.png\" \/>\n                <\/div>\n                            <div class=\"customer swiper-slide\">\n                    <img decoding=\"async\" title=\"Mest\" src=\"https:\/\/www.formula.fo\/wp-content\/uploads\/2022\/06\/logo-mest-2.png\" \/>\n                <\/div>\n                            <div class=\"customer swiper-slide\">\n                    <img decoding=\"async\" title=\"FMP\" src=\"https:\/\/www.formula.fo\/wp-content\/uploads\/2022\/06\/download-3.png\" \/>\n                <\/div>\n                    <\/div>\n\n        <div class=\"swiper-pagination\"><\/div>\n    \n<\/div>\n\n\n\n\n\n<div style=\"height:50px\" aria-hidden=\"true\" class=\"wp-block-spacer\"><\/div>\n<\/div><\/div>\n\n\n\n<div style=\"height:50px\" aria-hidden=\"true\" class=\"wp-block-spacer\"><\/div>\n\n\n\n<h2 class=\"wp-block-heading has-text-align-center has-dark-color has-text-color\">\u00c1huga\u00f0\/ur at hoyra meira?<\/h2>\n\n\n\n<script>\n    var employees_people_block_2d6c2ab8e9e10939fa8fcc65a9004756 = JSON.parse('[{\"post_id\":2601,\"post_title\":\"Andreas Vagn\\u00f8 Pedersen\",\"show_phone\":null,\"totalview_id\":\"c6d1acc7d1861ebeace25188a2c5988d\",\"division\":\"Ritb\\u00fana\\u00f0ur og r\\u00e1\\u00f0geving\",\"capabilities\":\"S\\u00f8la,Totalview\",\"focal_points\":\"50% 50%\",\"image\":\"https:\\\/\\\/www.formula.fo\\\/wp-content\\\/uploads\\\/2022\\\/05\\\/FORMULA-Andras-Vagno-Pedersen-1600x1280-2-800x640.jpg\"},{\"post_id\":4816,\"post_title\":\"K\\u00e1ri Joensen\",\"show_phone\":null,\"totalview_id\":\"93c811b6c12bec5500227c722f5fd085\",\"division\":\"Ritb\\u00fana\\u00f0ur og r\\u00e1\\u00f0geving\",\"capabilities\":\"360,L\\u00f8ttl\\u00f8n,S\\u00f8la,Totalview,Totalview HR\",\"focal_points\":\"50% 50%\",\"image\":\"https:\\\/\\\/www.formula.fo\\\/wp-content\\\/uploads\\\/2025\\\/10\\\/kari_joensen_DSC1036_1-800x600.jpg\"}]');var slider_people_block_2d6c2ab8e9e10939fa8fcc65a9004756 = 'false';<\/script>\n\n<div id=\"people_block_2d6c2ab8e9e10939fa8fcc65a9004756\" class=\"lunnar-people alignwide flex\">\n\t\n            <div class=\"swiper-wrapper\">\n            <div v-for=\"(employee, index) in employees\" :key=\"index\" class=\"employee-card swiper-slide\">\n                <div class=\"employee-card--content-image\">\n                    <img decoding=\"async\" v-show=\"!employee.image\" src=\"https:\/\/www.formula.fo\/wp-content\/themes\/lunnar-formula\/images\/backup-image.jpg\" \/>\n                    <img v-if=\"employee.image\" :src=\"employee.image\" :style=\"`object-fit: ${employee.focal_points}`\" \/>\n                    <div class=\"employee-status\" v-html=\"get_employee_status(employee.totalview_id)\" :data-id=\"employee.totalview_id\"><\/div>\n                <\/div>\n    \n                <div class=\"employee-card--content-text\">\n                    <h3 v-if=\"employee.post_title\" class=\"employee-name\">{{employee.post_title}}<\/h3>\n                    \n                    <div v-if=\"employee.division\" class=\"employee-title\">{{employee.division}}<\/div>\n                            \n                    <div class=\"employee-contact\">\n                        <div v-if=\"employee.phone\" class=\"employee-contact--item employee-contact--phone\">\n                            <span>Tel.<\/span>\n                            <a :href=\"`tel:${employee.phone}`\">{{split_phone_number(employee.phone)}}<\/a>\n                        <\/div>\n                        \n                        <div class=\"employee-contact--item employee-contact--email\" @click=\"open_modal(employee)\">\n                            Send Message                        <\/div>\n                    <\/div>\n                <\/div>\n            <\/div>\n        <\/div>\n\n        <div class=\"swiper-pagination\"><\/div>\n    \n    <\/div>\n","protected":false},"excerpt":{"rendered":"<p>Minni t\u00ed\u00f0 at leita eftir f\u00f3lkum Allar starvsuppl\u00fdsingar \u00ed einum sta\u00f0i Vi\u00f0 Totalview HR hevur t\u00fa l\u00e6tta og skj\u00f3ta atgongd til \u00f8ll starvsf\u00f3lkavi\u00f0urskifti \u00ed eini skipan. T\u00fa f\u00e6rt eitt fullf\u00edggja\u00f0 starvsf\u00f3lkayvirlit, har t\u00fa s\u00e6rt alt fr\u00e1 starvsf\u00f3lkaf\u00f8rleikum, \u00fatb\u00fagvingum, skei\u00f0um, l\u00f8naravtalum, f\u00f8\u00f0ingard\u00f8gum til \u00fatfl\u00fdggja\u00f0ar lutir sum lyklar, kl\u00e6\u00f0ir, teldur og mangt anna\u00f0. F\u00e1 sum mest burtur\u00far [&hellip;]<\/p>\n","protected":false},"author":1,"featured_media":0,"parent":464,"menu_order":4,"comment_status":"closed","ping_status":"closed","template":"templates\/page-wide.php","meta":{"_acf_changed":false,"footnotes":""},"class_list":["post-472","page","type-page","status-publish","hentry"],"acf":[],"yoast_head":"<!-- This site is optimized with the Yoast SEO plugin v27.3 - https:\/\/yoast.com\/product\/yoast-seo-wordpress\/ -->\n<title>HR - Formula<\/title>\n<meta name=\"robots\" content=\"index, follow, max-snippet:-1, max-image-preview:large, max-video-preview:-1\" \/>\n<link rel=\"canonical\" href=\"https:\/\/www.formula.fo\/en\/skipanir\/totalview\/hr\/\" \/>\n<meta property=\"og:locale\" content=\"en_US\" \/>\n<meta property=\"og:type\" content=\"article\" \/>\n<meta property=\"og:title\" content=\"HR - Formula\" \/>\n<meta property=\"og:description\" content=\"Minni t\u00ed\u00f0 at leita eftir f\u00f3lkum Allar starvsuppl\u00fdsingar \u00ed einum sta\u00f0i Vi\u00f0 Totalview HR hevur t\u00fa l\u00e6tta og skj\u00f3ta atgongd til \u00f8ll starvsf\u00f3lkavi\u00f0urskifti \u00ed eini skipan. T\u00fa f\u00e6rt eitt fullf\u00edggja\u00f0 starvsf\u00f3lkayvirlit, har t\u00fa s\u00e6rt alt fr\u00e1 starvsf\u00f3lkaf\u00f8rleikum, \u00fatb\u00fagvingum, skei\u00f0um, l\u00f8naravtalum, f\u00f8\u00f0ingard\u00f8gum til \u00fatfl\u00fdggja\u00f0ar lutir sum lyklar, kl\u00e6\u00f0ir, teldur og mangt anna\u00f0. F\u00e1 sum mest burtur\u00far [&hellip;]\" \/>\n<meta property=\"og:url\" content=\"https:\/\/www.formula.fo\/en\/skipanir\/totalview\/hr\/\" \/>\n<meta property=\"og:site_name\" content=\"Formula\" \/>\n<meta property=\"article:modified_time\" content=\"2025-10-20T09:20:20+00:00\" \/>\n<meta property=\"og:image\" content=\"https:\/\/www.formula.fo\/wp-content\/uploads\/2022\/06\/AdobeStock_274485295-1600x1067.jpeg\" \/>\n\t<meta property=\"og:image:width\" content=\"1600\" \/>\n\t<meta property=\"og:image:height\" content=\"1067\" \/>\n\t<meta property=\"og:image:type\" content=\"image\/jpeg\" \/>\n<meta name=\"twitter:card\" content=\"summary_large_image\" \/>\n<meta name=\"twitter:label1\" content=\"Est. reading time\" \/>\n\t<meta name=\"twitter:data1\" content=\"3 minutes\" \/>\n<script type=\"application\/ld+json\" class=\"yoast-schema-graph\">{\"@context\":\"https:\\\/\\\/schema.org\",\"@graph\":[{\"@type\":\"WebPage\",\"@id\":\"https:\\\/\\\/www.formula.fo\\\/en\\\/skipanir\\\/totalview\\\/hr\\\/\",\"url\":\"https:\\\/\\\/www.formula.fo\\\/en\\\/skipanir\\\/totalview\\\/hr\\\/\",\"name\":\"HR - Formula\",\"isPartOf\":{\"@id\":\"https:\\\/\\\/www.formula.fo\\\/en\\\/#website\"},\"primaryImageOfPage\":{\"@id\":\"https:\\\/\\\/www.formula.fo\\\/en\\\/skipanir\\\/totalview\\\/hr\\\/#primaryimage\"},\"image\":{\"@id\":\"https:\\\/\\\/www.formula.fo\\\/en\\\/skipanir\\\/totalview\\\/hr\\\/#primaryimage\"},\"thumbnailUrl\":\"https:\\\/\\\/www.formula.fo\\\/wp-content\\\/uploads\\\/2022\\\/06\\\/AdobeStock_274485295.jpeg\",\"datePublished\":\"2022-03-18T15:05:27+00:00\",\"dateModified\":\"2025-10-20T09:20:20+00:00\",\"breadcrumb\":{\"@id\":\"https:\\\/\\\/www.formula.fo\\\/en\\\/skipanir\\\/totalview\\\/hr\\\/#breadcrumb\"},\"inLanguage\":\"en-US\",\"potentialAction\":[{\"@type\":\"ReadAction\",\"target\":[\"https:\\\/\\\/www.formula.fo\\\/en\\\/skipanir\\\/totalview\\\/hr\\\/\"]}]},{\"@type\":\"ImageObject\",\"inLanguage\":\"en-US\",\"@id\":\"https:\\\/\\\/www.formula.fo\\\/en\\\/skipanir\\\/totalview\\\/hr\\\/#primaryimage\",\"url\":\"https:\\\/\\\/www.formula.fo\\\/wp-content\\\/uploads\\\/2022\\\/06\\\/AdobeStock_274485295.jpeg\",\"contentUrl\":\"https:\\\/\\\/www.formula.fo\\\/wp-content\\\/uploads\\\/2022\\\/06\\\/AdobeStock_274485295.jpeg\"},{\"@type\":\"BreadcrumbList\",\"@id\":\"https:\\\/\\\/www.formula.fo\\\/en\\\/skipanir\\\/totalview\\\/hr\\\/#breadcrumb\",\"itemListElement\":[{\"@type\":\"ListItem\",\"position\":1,\"name\":\"Home\",\"item\":\"https:\\\/\\\/www.formula.fo\\\/en\\\/\"},{\"@type\":\"ListItem\",\"position\":2,\"name\":\"Skipanir\",\"item\":\"https:\\\/\\\/www.formula.fo\\\/en\\\/skipanir\\\/\"},{\"@type\":\"ListItem\",\"position\":3,\"name\":\"Totalview\",\"item\":\"https:\\\/\\\/www.formula.fo\\\/en\\\/skipanir\\\/totalview\\\/\"},{\"@type\":\"ListItem\",\"position\":4,\"name\":\"HR\"}]},{\"@type\":\"WebSite\",\"@id\":\"https:\\\/\\\/www.formula.fo\\\/en\\\/#website\",\"url\":\"https:\\\/\\\/www.formula.fo\\\/en\\\/\",\"name\":\"Formula\",\"description\":\"Formula\",\"publisher\":{\"@id\":\"https:\\\/\\\/www.formula.fo\\\/en\\\/#organization\"},\"potentialAction\":[{\"@type\":\"SearchAction\",\"target\":{\"@type\":\"EntryPoint\",\"urlTemplate\":\"https:\\\/\\\/www.formula.fo\\\/en\\\/?s={search_term_string}\"},\"query-input\":{\"@type\":\"PropertyValueSpecification\",\"valueRequired\":true,\"valueName\":\"search_term_string\"}}],\"inLanguage\":\"en-US\"},{\"@type\":\"Organization\",\"@id\":\"https:\\\/\\\/www.formula.fo\\\/en\\\/#organization\",\"name\":\"Formula\",\"url\":\"https:\\\/\\\/www.formula.fo\\\/en\\\/\",\"logo\":{\"@type\":\"ImageObject\",\"inLanguage\":\"en-US\",\"@id\":\"https:\\\/\\\/www.formula.fo\\\/en\\\/#\\\/schema\\\/logo\\\/image\\\/\",\"url\":\"https:\\\/\\\/www.formula.fo\\\/wp-content\\\/uploads\\\/2022\\\/03\\\/logo.png\",\"contentUrl\":\"https:\\\/\\\/www.formula.fo\\\/wp-content\\\/uploads\\\/2022\\\/03\\\/logo.png\",\"width\":227,\"height\":73,\"caption\":\"Formula\"},\"image\":{\"@id\":\"https:\\\/\\\/www.formula.fo\\\/en\\\/#\\\/schema\\\/logo\\\/image\\\/\"}}]}<\/script>\n<!-- \/ Yoast SEO plugin. -->","yoast_head_json":{"title":"HR - Formula","robots":{"index":"index","follow":"follow","max-snippet":"max-snippet:-1","max-image-preview":"max-image-preview:large","max-video-preview":"max-video-preview:-1"},"canonical":"https:\/\/www.formula.fo\/en\/skipanir\/totalview\/hr\/","og_locale":"en_US","og_type":"article","og_title":"HR - Formula","og_description":"Minni t\u00ed\u00f0 at leita eftir f\u00f3lkum Allar starvsuppl\u00fdsingar \u00ed einum sta\u00f0i Vi\u00f0 Totalview HR hevur t\u00fa l\u00e6tta og skj\u00f3ta atgongd til \u00f8ll starvsf\u00f3lkavi\u00f0urskifti \u00ed eini skipan. T\u00fa f\u00e6rt eitt fullf\u00edggja\u00f0 starvsf\u00f3lkayvirlit, har t\u00fa s\u00e6rt alt fr\u00e1 starvsf\u00f3lkaf\u00f8rleikum, \u00fatb\u00fagvingum, skei\u00f0um, l\u00f8naravtalum, f\u00f8\u00f0ingard\u00f8gum til \u00fatfl\u00fdggja\u00f0ar lutir sum lyklar, kl\u00e6\u00f0ir, teldur og mangt anna\u00f0. F\u00e1 sum mest burtur\u00far [&hellip;]","og_url":"https:\/\/www.formula.fo\/en\/skipanir\/totalview\/hr\/","og_site_name":"Formula","article_modified_time":"2025-10-20T09:20:20+00:00","og_image":[{"width":1600,"height":1067,"url":"https:\/\/www.formula.fo\/wp-content\/uploads\/2022\/06\/AdobeStock_274485295-1600x1067.jpeg","type":"image\/jpeg"}],"twitter_card":"summary_large_image","twitter_misc":{"Est. reading time":"3 minutes"},"schema":{"@context":"https:\/\/schema.org","@graph":[{"@type":"WebPage","@id":"https:\/\/www.formula.fo\/en\/skipanir\/totalview\/hr\/","url":"https:\/\/www.formula.fo\/en\/skipanir\/totalview\/hr\/","name":"HR - Formula","isPartOf":{"@id":"https:\/\/www.formula.fo\/en\/#website"},"primaryImageOfPage":{"@id":"https:\/\/www.formula.fo\/en\/skipanir\/totalview\/hr\/#primaryimage"},"image":{"@id":"https:\/\/www.formula.fo\/en\/skipanir\/totalview\/hr\/#primaryimage"},"thumbnailUrl":"https:\/\/www.formula.fo\/wp-content\/uploads\/2022\/06\/AdobeStock_274485295.jpeg","datePublished":"2022-03-18T15:05:27+00:00","dateModified":"2025-10-20T09:20:20+00:00","breadcrumb":{"@id":"https:\/\/www.formula.fo\/en\/skipanir\/totalview\/hr\/#breadcrumb"},"inLanguage":"en-US","potentialAction":[{"@type":"ReadAction","target":["https:\/\/www.formula.fo\/en\/skipanir\/totalview\/hr\/"]}]},{"@type":"ImageObject","inLanguage":"en-US","@id":"https:\/\/www.formula.fo\/en\/skipanir\/totalview\/hr\/#primaryimage","url":"https:\/\/www.formula.fo\/wp-content\/uploads\/2022\/06\/AdobeStock_274485295.jpeg","contentUrl":"https:\/\/www.formula.fo\/wp-content\/uploads\/2022\/06\/AdobeStock_274485295.jpeg"},{"@type":"BreadcrumbList","@id":"https:\/\/www.formula.fo\/en\/skipanir\/totalview\/hr\/#breadcrumb","itemListElement":[{"@type":"ListItem","position":1,"name":"Home","item":"https:\/\/www.formula.fo\/en\/"},{"@type":"ListItem","position":2,"name":"Skipanir","item":"https:\/\/www.formula.fo\/en\/skipanir\/"},{"@type":"ListItem","position":3,"name":"Totalview","item":"https:\/\/www.formula.fo\/en\/skipanir\/totalview\/"},{"@type":"ListItem","position":4,"name":"HR"}]},{"@type":"WebSite","@id":"https:\/\/www.formula.fo\/en\/#website","url":"https:\/\/www.formula.fo\/en\/","name":"Formula","description":"Formula","publisher":{"@id":"https:\/\/www.formula.fo\/en\/#organization"},"potentialAction":[{"@type":"SearchAction","target":{"@type":"EntryPoint","urlTemplate":"https:\/\/www.formula.fo\/en\/?s={search_term_string}"},"query-input":{"@type":"PropertyValueSpecification","valueRequired":true,"valueName":"search_term_string"}}],"inLanguage":"en-US"},{"@type":"Organization","@id":"https:\/\/www.formula.fo\/en\/#organization","name":"Formula","url":"https:\/\/www.formula.fo\/en\/","logo":{"@type":"ImageObject","inLanguage":"en-US","@id":"https:\/\/www.formula.fo\/en\/#\/schema\/logo\/image\/","url":"https:\/\/www.formula.fo\/wp-content\/uploads\/2022\/03\/logo.png","contentUrl":"https:\/\/www.formula.fo\/wp-content\/uploads\/2022\/03\/logo.png","width":227,"height":73,"caption":"Formula"},"image":{"@id":"https:\/\/www.formula.fo\/en\/#\/schema\/logo\/image\/"}}]}},"_links":{"self":[{"href":"https:\/\/www.formula.fo\/en\/wp-json\/wp\/v2\/pages\/472","targetHints":{"allow":["GET"]}}],"collection":[{"href":"https:\/\/www.formula.fo\/en\/wp-json\/wp\/v2\/pages"}],"about":[{"href":"https:\/\/www.formula.fo\/en\/wp-json\/wp\/v2\/types\/page"}],"author":[{"embeddable":true,"href":"https:\/\/www.formula.fo\/en\/wp-json\/wp\/v2\/users\/1"}],"replies":[{"embeddable":true,"href":"https:\/\/www.formula.fo\/en\/wp-json\/wp\/v2\/comments?post=472"}],"version-history":[{"count":11,"href":"https:\/\/www.formula.fo\/en\/wp-json\/wp\/v2\/pages\/472\/revisions"}],"predecessor-version":[{"id":4824,"href":"https:\/\/www.formula.fo\/en\/wp-json\/wp\/v2\/pages\/472\/revisions\/4824"}],"up":[{"embeddable":true,"href":"https:\/\/www.formula.fo\/en\/wp-json\/wp\/v2\/pages\/464"}],"wp:attachment":[{"href":"https:\/\/www.formula.fo\/en\/wp-json\/wp\/v2\/media?parent=472"}],"curies":[{"name":"wp","href":"https:\/\/api.w.org\/{rel}","templated":true}]}}