
{"id":474,"date":"2022-03-18T15:05:58","date_gmt":"2022-03-18T15:05:58","guid":{"rendered":"https:\/\/www.formula.fo\/?page_id=474"},"modified":"2025-10-14T17:02:23","modified_gmt":"2025-10-14T17:02:23","slug":"lonarskipan","status":"publish","type":"page","link":"https:\/\/www.formula.fo\/en\/skipanir\/lonarskipan\/","title":{"rendered":"L\u00f8narskipan"},"content":{"rendered":"\n<div class=\"wp-block-cover alignfull\" style=\"min-height:509px;aspect-ratio:unset;\"><img loading=\"lazy\" decoding=\"async\" width=\"1920\" height=\"638\" class=\"wp-block-cover__image-background wp-image-980\" alt=\"\" src=\"https:\/\/www.formula.fo\/wp-content\/uploads\/2022\/04\/bg.jpg\" style=\"object-position:78% 41%\" data-object-fit=\"cover\" data-object-position=\"78% 41%\" srcset=\"https:\/\/www.formula.fo\/wp-content\/uploads\/2022\/04\/bg.jpg 1920w, https:\/\/www.formula.fo\/wp-content\/uploads\/2022\/04\/bg-800x266.jpg 800w, https:\/\/www.formula.fo\/wp-content\/uploads\/2022\/04\/bg-1600x532.jpg 1600w, https:\/\/www.formula.fo\/wp-content\/uploads\/2022\/04\/bg-768x255.jpg 768w, https:\/\/www.formula.fo\/wp-content\/uploads\/2022\/04\/bg-1536x510.jpg 1536w\" sizes=\"auto, (max-width: 1920px) 100vw, 1920px\" \/><span aria-hidden=\"true\" class=\"wp-block-cover__background has-blue-background-color has-background-dim\"><\/span><div class=\"wp-block-cover__inner-container is-layout-flow wp-block-cover-is-layout-flow\">\n<h1 class=\"wp-block-heading has-text-align-center\">Avgrei\u00f0 l\u00f8nir skj\u00f3tt og l\u00e6tt<\/h1>\n\n\n\n<p class=\"has-text-align-center has-normal-font-size\">L\u00f8ttl\u00f8n er ein standard l\u00f8narskipan, i\u00f0 Formula hevur ment til tann f\u00f8royska markna\u00f0in. <\/p>\n<\/div><\/div>\n\n\n\n<div style=\"height:100px\" aria-hidden=\"true\" class=\"wp-block-spacer\"><\/div>\n\n\n\n<h2 class=\"wp-block-heading has-text-align-center has-dark-color has-text-color\">Hv\u00ed n\u00fdta L\u00f8ttl\u00f8n?<\/h2>\n\n\n\n<p class=\"has-text-align-center has-normal-font-size\">Skipanin er l\u00f8tt at br\u00faka og er v\u00e6l egna\u00f0 til sm\u00e6rri eins v\u00e6l og st\u00f8rri fyrit\u00f8kur. Skipanin er moduluppbygd, so t\u00fa f\u00e6rt eina skipan, i\u00f0 h\u00f3skar til j\u00fast t\u00edn t\u00f8rv. Skipanin ver\u00f0ur st\u00f8\u00f0ugt ment, so hon til eina og hv\u00f8rja t\u00ed\u00f0 l\u00fdkur tey kr\u00f8v, sum ver\u00f0a sett.<\/p>\n\n\n\n<div style=\"height:100px\" aria-hidden=\"true\" class=\"wp-block-spacer\"><\/div>\n\n\n\n<div class=\"wp-block-columns is-layout-flex wp-container-core-columns-is-layout-9d6595d7 wp-block-columns-is-layout-flex\">\n<div class=\"wp-block-column is-layout-flow wp-block-column-is-layout-flow\">\n<div style=\"height:26px\" aria-hidden=\"true\" class=\"wp-block-spacer\"><\/div>\n\n\n\n<h4 class=\"wp-block-heading has-dark-color has-text-color\">Standard hentleikar \u00ed L\u00f8ttl\u00f8n<\/h4>\n\n\n\n<p class=\"has-normal-font-size\">L\u00f8ttl\u00f8n er ment \u00ed samstarvi vi\u00f0 f\u00f8royskar fyrit\u00f8kur, gj\u00f8gnum mong \u00e1r. T\u00edskil er skipanin uppbygd solei\u00f0is, at standard hentleikarnir n\u00f8kta t\u00f8rvin hj\u00e1 flestu fyrit\u00f8kum.<\/p>\n<\/div>\n\n\n\n<div class=\"wp-block-column is-layout-flow wp-block-column-is-layout-flow\">\n<figure class=\"wp-block-image size-full is-resized\"><img loading=\"lazy\" decoding=\"async\" width=\"226\" height=\"72\" src=\"https:\/\/www.formula.fo\/wp-content\/uploads\/2022\/04\/Group-24@2x.png\" alt=\"\" class=\"wp-image-982\" style=\"width:226px;height:72px\"\/><\/figure>\n\n\n\n<p class=\"has-text-align-center has-small-font-size\">L\u00f8naravgrei\u00f0sla<\/p>\n\n\n\n<figure class=\"wp-block-image size-full\"><img loading=\"lazy\" decoding=\"async\" width=\"226\" height=\"72\" src=\"https:\/\/www.formula.fo\/wp-content\/uploads\/2022\/04\/Group-27@2x.png\" alt=\"\" class=\"wp-image-984\"\/><\/figure>\n\n\n\n<p class=\"has-text-align-center has-small-font-size\">L\u00f8narse\u00f0lar<\/p>\n<\/div>\n\n\n\n<div class=\"wp-block-column is-layout-flow wp-block-column-is-layout-flow\">\n<figure class=\"wp-block-image size-full\"><img loading=\"lazy\" decoding=\"async\" width=\"226\" height=\"72\" src=\"https:\/\/www.formula.fo\/wp-content\/uploads\/2022\/04\/Group-25@2x.png\" alt=\"\" class=\"wp-image-986\"\/><\/figure>\n\n\n\n<p class=\"has-text-align-center has-small-font-size\">S\u00e1ttm\u00e1last\u00fdring<\/p>\n\n\n\n<figure class=\"wp-block-image size-full\"><img loading=\"lazy\" decoding=\"async\" width=\"226\" height=\"72\" src=\"https:\/\/www.formula.fo\/wp-content\/uploads\/2022\/04\/Group-28@2x.png\" alt=\"\" class=\"wp-image-988\"\/><\/figure>\n\n\n\n<p class=\"has-text-align-center has-small-font-size\">\u00datskriftir<\/p>\n<\/div>\n\n\n\n<div class=\"wp-block-column is-layout-flow wp-block-column-is-layout-flow\">\n<figure class=\"wp-block-image size-full\"><img loading=\"lazy\" decoding=\"async\" width=\"226\" height=\"72\" src=\"https:\/\/www.formula.fo\/wp-content\/uploads\/2022\/04\/Group-26@2x.png\" alt=\"\" class=\"wp-image-990\"\/><\/figure>\n\n\n\n<p class=\"has-text-align-center has-small-font-size\">Sj\u00e1lvvirkandi koyringar<\/p>\n\n\n\n<figure class=\"wp-block-image size-full\"><img loading=\"lazy\" decoding=\"async\" width=\"226\" height=\"72\" src=\"https:\/\/www.formula.fo\/wp-content\/uploads\/2022\/04\/Group-29@2x.png\" alt=\"\" class=\"wp-image-992\"\/><\/figure>\n\n\n\n<p class=\"has-text-align-center has-small-font-size\">Og fleiri onnur&#8230;<\/p>\n<\/div>\n<\/div>\n\n\n\n<div style=\"height:67px\" aria-hidden=\"true\" class=\"wp-block-spacer\"><\/div>\n\n\n\n<hr class=\"wp-block-separator has-text-color has-cyan-bluish-gray-color has-css-opacity has-cyan-bluish-gray-background-color has-background is-style-wide\"\/>\n\n\n\n<div style=\"height:67px\" aria-hidden=\"true\" class=\"wp-block-spacer\"><\/div>\n\n\n\n<div class=\"wp-block-columns is-layout-flex wp-container-core-columns-is-layout-9d6595d7 wp-block-columns-is-layout-flex\">\n<div class=\"wp-block-column is-layout-flow wp-block-column-is-layout-flow\">\n<div style=\"height:69px\" aria-hidden=\"true\" class=\"wp-block-spacer\"><\/div>\n\n\n\n<h4 class=\"wp-block-heading has-dark-color has-text-color\">M\u00f8guleiki fyri eyka hentleikum<\/h4>\n\n\n\n<p class=\"has-normal-font-size\">Harafturat kunnu fleiri hentleikar keypast afturat, alt eftir hv\u00f8nn t\u00f8rv t\u00edn fyrit\u00f8ka hevur.<\/p>\n<\/div>\n\n\n\n<div class=\"wp-block-column is-layout-flow wp-block-column-is-layout-flow\">\n<figure class=\"wp-block-image size-full\"><img loading=\"lazy\" decoding=\"async\" width=\"226\" height=\"74\" src=\"https:\/\/www.formula.fo\/wp-content\/uploads\/2022\/04\/Group-30@2x.png\" alt=\"\" class=\"wp-image-994\"\/><\/figure>\n\n\n\n<p class=\"has-text-align-center has-small-font-size\">Sambinding vi\u00f0 f\u00edggjarst\u00fdringsskipanir<\/p>\n\n\n\n<div style=\"height:33px\" aria-hidden=\"true\" class=\"wp-block-spacer\"><\/div>\n\n\n\n<figure class=\"wp-block-image size-full\"><img loading=\"lazy\" decoding=\"async\" width=\"226\" height=\"72\" src=\"https:\/\/www.formula.fo\/wp-content\/uploads\/2022\/04\/Group-33@2x.png\" alt=\"\" class=\"wp-image-996\"\/><\/figure>\n\n\n\n<p class=\"has-text-align-center has-small-font-size\">Innlesing fr\u00e1 Totalview<\/p>\n<\/div>\n\n\n\n<div class=\"wp-block-column is-layout-flow wp-block-column-is-layout-flow\">\n<figure class=\"wp-block-image size-full\"><img loading=\"lazy\" decoding=\"async\" width=\"226\" height=\"72\" src=\"https:\/\/www.formula.fo\/wp-content\/uploads\/2022\/04\/Group-31@2x.png\" alt=\"\" class=\"wp-image-998\"\/><\/figure>\n\n\n\n<p class=\"has-text-align-center has-small-font-size\">Feriust\u00fdring<\/p>\n\n\n\n<div style=\"height:59px\" aria-hidden=\"true\" class=\"wp-block-spacer\"><\/div>\n\n\n\n<figure class=\"wp-block-image size-full\"><img loading=\"lazy\" decoding=\"async\" width=\"226\" height=\"72\" src=\"https:\/\/www.formula.fo\/wp-content\/uploads\/2022\/04\/Group-34@2x.png\" alt=\"\" class=\"wp-image-1000\"\/><\/figure>\n\n\n\n<p class=\"has-text-align-center has-small-font-size\">Fiskavirkisskipanin hj\u00e1 Als<\/p>\n<\/div>\n\n\n\n<div class=\"wp-block-column is-layout-flow wp-block-column-is-layout-flow\">\n<figure class=\"wp-block-image size-full\"><img loading=\"lazy\" decoding=\"async\" width=\"226\" height=\"72\" src=\"https:\/\/www.formula.fo\/wp-content\/uploads\/2022\/04\/Group-32@2x.png\" alt=\"\" class=\"wp-image-1002\"\/><\/figure>\n\n\n\n<p class=\"has-text-align-center has-small-font-size\">Sakst\u00fdring<\/p>\n\n\n\n<div style=\"height:58px\" aria-hidden=\"true\" class=\"wp-block-spacer\"><\/div>\n\n\n\n<figure class=\"wp-block-image size-full\"><img loading=\"lazy\" decoding=\"async\" width=\"226\" height=\"72\" src=\"https:\/\/www.formula.fo\/wp-content\/uploads\/2022\/04\/Group-29@2x.png\" alt=\"\" class=\"wp-image-992\"\/><\/figure>\n\n\n\n<p class=\"has-text-align-center has-small-font-size\">Og fleiri onnur&#8230;<\/p>\n<\/div>\n<\/div>\n\n\n\n<div style=\"height:100px\" aria-hidden=\"true\" class=\"wp-block-spacer\"><\/div>\n\n\n\n<div class=\"wp-block-cover alignfull\" style=\"min-height:960px;aspect-ratio:unset;\"><span aria-hidden=\"true\" class=\"wp-block-cover__background has-blue-background-color has-background-dim-100 has-background-dim\"><\/span><div class=\"wp-block-cover__inner-container is-layout-flow wp-block-cover-is-layout-flow\">\n<div style=\"height:96px\" aria-hidden=\"true\" class=\"wp-block-spacer\"><\/div>\n\n\n\n<h2 class=\"wp-block-heading has-text-align-center\">Sambindingar vi\u00f0 L\u00f8ttl\u00f8m<\/h2>\n\n\n\n<p class=\"has-text-align-center has-normal-font-size\">Vi\u00f0 at sambinda L\u00f8ttl\u00f8n vi\u00f0 a\u00f0rar skipanir gerst l\u00f8narhandfaringin enn smidligari. Her eru n\u00f8kur d\u00f8mi upp\u00e1 sambindingar vi\u00f0 a\u00f0rar loysnir fr\u00e1 Formula.<\/p>\n\n\n\n<div style=\"height:96px\" aria-hidden=\"true\" class=\"wp-block-spacer\"><\/div>\n\n\n\n<div class=\"wp-block-columns is-layout-flex wp-container-core-columns-is-layout-9d6595d7 wp-block-columns-is-layout-flex\">\n<div class=\"wp-block-column is-layout-flow wp-block-column-is-layout-flow\">\n<figure class=\"wp-block-image size-full is-resized\"><img loading=\"lazy\" decoding=\"async\" width=\"595\" height=\"331\" src=\"https:\/\/www.formula.fo\/wp-content\/uploads\/2022\/04\/nav.png\" alt=\"\" class=\"wp-image-1004\" style=\"width:367px;height:204px\"\/><\/figure>\n<\/div>\n\n\n\n<div class=\"wp-block-column is-layout-flow wp-block-column-is-layout-flow\">\n<h4 class=\"wp-block-heading\">B\u00f3kingarlistar \u00ed Microsoft Business Central<\/h4>\n\n\n\n<p class=\"has-normal-font-size\">Vi\u00f0 at sambinda L\u00f8ttl\u00f8n og Business Central (Dynamics Nav) f\u00e1a tit \u00fatlisi\u00f0 b\u00f3kingarlistar beinlei\u00f0is inn \u00ed Business Central. Harafturat ber til at lesa fr\u00e1dr\u00e1ttir, so sum keyp av v\u00f8rum, beinlei\u00f0is fr\u00e1 debitorkortinum hj\u00e1 l\u00f8ntakaranum, sum s\u00ed\u00f0ani ver\u00f0ur trekt av l\u00f8nini.<\/p>\n\n\n\n<p class=\"has-white-color has-text-color has-normal-font-size\"><a href=\"https:\/\/www.formula.fo\/skipanir\/business-central\/\">Les meira um Business Central<\/a><\/p>\n<\/div>\n<\/div>\n\n\n\n<div style=\"height:100px\" aria-hidden=\"true\" class=\"wp-block-spacer\"><\/div>\n\n\n\n<div class=\"wp-block-columns is-layout-flex wp-container-core-columns-is-layout-9d6595d7 wp-block-columns-is-layout-flex\">\n<div class=\"wp-block-column is-layout-flow wp-block-column-is-layout-flow\">\n<h4 class=\"wp-block-heading\">Innles t\u00ed\u00f0 fr\u00e1 Totalview t\u00ed\u00f0arskr\u00e1seting<\/h4>\n\n\n\n<p class=\"has-normal-font-size\">Sambindingin vi\u00f0 Totalview Time loyvir tykkum at lesa t\u00edmar beinlei\u00f0is inn \u00ed kladduna \u00ed L\u00f8ttl\u00f8n vi\u00f0 r\u00e6tta t\u00edmasatsi. Henda sambinding loyvir tykkum eisini at b\u00fdta t\u00edmarnar og l\u00f8nar\u00fatrei\u00f0slurnar \u00fat \u00e1 m.a. sakir, dimensi\u00f3nir og V-t\u00f8l, um t\u00f8rvur er \u00e1 t\u00ed.<\/p>\n\n\n\n<p class=\"has-normal-font-size\"><a href=\"https:\/\/www.formula.fo\/skipanir\/totalview\/\">Les meira um Totalview.<\/a><\/p>\n<\/div>\n\n\n\n<div class=\"wp-block-column is-layout-flow wp-block-column-is-layout-flow\">\n<figure class=\"wp-block-image size-full is-resized\"><img loading=\"lazy\" decoding=\"async\" width=\"580\" height=\"305\" src=\"https:\/\/www.formula.fo\/wp-content\/uploads\/2022\/04\/Client-\u2013-9.png\" alt=\"\" class=\"wp-image-1006\" style=\"width:360px;height:189px\"\/><\/figure>\n<\/div>\n<\/div>\n\n\n\n<div style=\"height:71px\" aria-hidden=\"true\" class=\"wp-block-spacer\"><\/div>\n<\/div><\/div>\n\n\n\n<div style=\"height:76px\" aria-hidden=\"true\" class=\"wp-block-spacer\"><\/div>\n\n\n\n<div class=\"wp-block-columns is-layout-flex wp-container-core-columns-is-layout-9d6595d7 wp-block-columns-is-layout-flex\">\n<div class=\"wp-block-column is-layout-constrained wp-container-core-column-is-layout-b1223513 wp-block-column-is-layout-constrained\">\n<h2 class=\"wp-block-heading has-text-align-center has-dark-color has-text-color\">\u00c1huga\u00f0\/ur at hoyra meira?<\/h2>\n\n\n\n<div style=\"height:22px\" aria-hidden=\"true\" class=\"wp-block-spacer\"><\/div>\n\n\n\n<p class=\"has-text-align-center\">Vit hava hj\u00e1lpt fyrit\u00f8kum og kommunum vi\u00f0 teirra l\u00f8narvi\u00f0urskiftum \u00ed 20+ \u00e1r. Okkara a\u00f0alm\u00e1l er at virka fyri, at okkara vi\u00f0skiftaf\u00f3lk f\u00e1a optimera\u00f0 teirra virksemi og harvi\u00f0 \u00f8kja teirra produktivitet.<\/p>\n<\/div>\n<\/div>\n\n\n\n<div style=\"height:80px\" aria-hidden=\"true\" class=\"wp-block-spacer\"><\/div>\n\n\n\n<div class=\"wp-block-columns alignwide is-layout-flex wp-container-core-columns-is-layout-9d6595d7 wp-block-columns-is-layout-flex\">\n<div class=\"wp-block-column is-layout-flow wp-block-column-is-layout-flow\" style=\"flex-basis:100%\">\n<div class=\"wp-block-group is-layout-flow wp-block-group-is-layout-flow\">\n<script>\n    var employees_people_block_00d5e86d081cc6ee091e815e99c188a5 = JSON.parse('[{\"post_id\":2601,\"post_title\":\"Andreas Vagn\\u00f8 Pedersen\",\"show_phone\":null,\"totalview_id\":\"c6d1acc7d1861ebeace25188a2c5988d\",\"division\":\"Ritb\\u00fana\\u00f0ur og r\\u00e1\\u00f0geving\",\"capabilities\":\"S\\u00f8la,Totalview\",\"focal_points\":\"50% 50%\",\"image\":\"https:\\\/\\\/www.formula.fo\\\/wp-content\\\/uploads\\\/2022\\\/05\\\/FORMULA-Andras-Vagno-Pedersen-1600x1280-2-800x640.jpg\"}]');var slider_people_block_00d5e86d081cc6ee091e815e99c188a5 = 'false';<\/script>\n\n<div id=\"people_block_00d5e86d081cc6ee091e815e99c188a5\" class=\"lunnar-people flex\">\n\t\n            <div class=\"swiper-wrapper\">\n            <div v-for=\"(employee, index) in employees\" :key=\"index\" class=\"employee-card swiper-slide\">\n                <div class=\"employee-card--content-image\">\n                    <img decoding=\"async\" v-show=\"!employee.image\" src=\"https:\/\/www.formula.fo\/wp-content\/themes\/lunnar-formula\/images\/backup-image.jpg\" \/>\n                    <img v-if=\"employee.image\" :src=\"employee.image\" :style=\"`object-fit: ${employee.focal_points}`\" \/>\n                    <div class=\"employee-status\" v-html=\"get_employee_status(employee.totalview_id)\" :data-id=\"employee.totalview_id\"><\/div>\n                <\/div>\n    \n                <div class=\"employee-card--content-text\">\n                    <h3 v-if=\"employee.post_title\" class=\"employee-name\">{{employee.post_title}}<\/h3>\n                    \n                    <div v-if=\"employee.division\" class=\"employee-title\">{{employee.division}}<\/div>\n                            \n                    <div class=\"employee-contact\">\n                        <div v-if=\"employee.phone\" class=\"employee-contact--item employee-contact--phone\">\n                            <span>Tel.<\/span>\n                            <a :href=\"`tel:${employee.phone}`\">{{split_phone_number(employee.phone)}}<\/a>\n                        <\/div>\n                        \n                        <div class=\"employee-contact--item employee-contact--email\" @click=\"open_modal(employee)\">\n                            Send Message                        <\/div>\n                    <\/div>\n                <\/div>\n            <\/div>\n        <\/div>\n\n        <div class=\"swiper-pagination\"><\/div>\n    \n    <\/div>\n<\/div>\n<\/div>\n<\/div>\n\n\n\n<div style=\"height:101px\" aria-hidden=\"true\" class=\"wp-block-spacer\"><\/div>\n","protected":false},"excerpt":{"rendered":"<p>Hv\u00ed n\u00fdta L\u00f8ttl\u00f8n? Skipanin er l\u00f8tt at br\u00faka og er v\u00e6l egna\u00f0 til sm\u00e6rri eins v\u00e6l og st\u00f8rri fyrit\u00f8kur. Skipanin er moduluppbygd, so t\u00fa f\u00e6rt eina skipan, i\u00f0 h\u00f3skar til j\u00fast t\u00edn t\u00f8rv. Skipanin ver\u00f0ur st\u00f8\u00f0ugt ment, so hon til eina og hv\u00f8rja t\u00ed\u00f0 l\u00fdkur tey kr\u00f8v, sum ver\u00f0a sett. Standard hentleikar \u00ed L\u00f8ttl\u00f8n L\u00f8ttl\u00f8n [&hellip;]<\/p>\n","protected":false},"author":1,"featured_media":0,"parent":444,"menu_order":3,"comment_status":"closed","ping_status":"closed","template":"templates\/page-wide.php","meta":{"_acf_changed":false,"footnotes":""},"class_list":["post-474","page","type-page","status-publish","hentry"],"acf":[],"yoast_head":"<!-- This site is optimized with the Yoast SEO plugin v27.3 - https:\/\/yoast.com\/product\/yoast-seo-wordpress\/ -->\n<title>L\u00f8narskipan - Formula<\/title>\n<meta name=\"robots\" content=\"index, follow, max-snippet:-1, max-image-preview:large, max-video-preview:-1\" \/>\n<link rel=\"canonical\" href=\"https:\/\/www.formula.fo\/en\/skipanir\/lonarskipan\/\" \/>\n<meta property=\"og:locale\" content=\"en_US\" \/>\n<meta property=\"og:type\" content=\"article\" \/>\n<meta property=\"og:title\" content=\"L\u00f8narskipan - Formula\" \/>\n<meta property=\"og:description\" content=\"Hv\u00ed n\u00fdta L\u00f8ttl\u00f8n? Skipanin er l\u00f8tt at br\u00faka og er v\u00e6l egna\u00f0 til sm\u00e6rri eins v\u00e6l og st\u00f8rri fyrit\u00f8kur. Skipanin er moduluppbygd, so t\u00fa f\u00e6rt eina skipan, i\u00f0 h\u00f3skar til j\u00fast t\u00edn t\u00f8rv. Skipanin ver\u00f0ur st\u00f8\u00f0ugt ment, so hon til eina og hv\u00f8rja t\u00ed\u00f0 l\u00fdkur tey kr\u00f8v, sum ver\u00f0a sett. Standard hentleikar \u00ed L\u00f8ttl\u00f8n L\u00f8ttl\u00f8n [&hellip;]\" \/>\n<meta property=\"og:url\" content=\"https:\/\/www.formula.fo\/en\/skipanir\/lonarskipan\/\" \/>\n<meta property=\"og:site_name\" content=\"Formula\" \/>\n<meta property=\"article:modified_time\" content=\"2025-10-14T17:02:23+00:00\" \/>\n<meta property=\"og:image\" content=\"https:\/\/www.formula.fo\/wp-content\/uploads\/2022\/04\/bg.jpg\" \/>\n\t<meta property=\"og:image:width\" content=\"1920\" \/>\n\t<meta property=\"og:image:height\" content=\"638\" \/>\n\t<meta property=\"og:image:type\" content=\"image\/jpeg\" \/>\n<meta name=\"twitter:card\" content=\"summary_large_image\" \/>\n<meta name=\"twitter:label1\" content=\"Est. reading time\" \/>\n\t<meta name=\"twitter:data1\" content=\"5 minutes\" \/>\n<script type=\"application\/ld+json\" class=\"yoast-schema-graph\">{\"@context\":\"https:\\\/\\\/schema.org\",\"@graph\":[{\"@type\":\"WebPage\",\"@id\":\"https:\\\/\\\/www.formula.fo\\\/en\\\/skipanir\\\/lonarskipan\\\/\",\"url\":\"https:\\\/\\\/www.formula.fo\\\/en\\\/skipanir\\\/lonarskipan\\\/\",\"name\":\"L\u00f8narskipan - Formula\",\"isPartOf\":{\"@id\":\"https:\\\/\\\/www.formula.fo\\\/en\\\/#website\"},\"primaryImageOfPage\":{\"@id\":\"https:\\\/\\\/www.formula.fo\\\/en\\\/skipanir\\\/lonarskipan\\\/#primaryimage\"},\"image\":{\"@id\":\"https:\\\/\\\/www.formula.fo\\\/en\\\/skipanir\\\/lonarskipan\\\/#primaryimage\"},\"thumbnailUrl\":\"https:\\\/\\\/www.formula.fo\\\/wp-content\\\/uploads\\\/2022\\\/04\\\/bg.jpg\",\"datePublished\":\"2022-03-18T15:05:58+00:00\",\"dateModified\":\"2025-10-14T17:02:23+00:00\",\"breadcrumb\":{\"@id\":\"https:\\\/\\\/www.formula.fo\\\/en\\\/skipanir\\\/lonarskipan\\\/#breadcrumb\"},\"inLanguage\":\"en-US\",\"potentialAction\":[{\"@type\":\"ReadAction\",\"target\":[\"https:\\\/\\\/www.formula.fo\\\/en\\\/skipanir\\\/lonarskipan\\\/\"]}]},{\"@type\":\"ImageObject\",\"inLanguage\":\"en-US\",\"@id\":\"https:\\\/\\\/www.formula.fo\\\/en\\\/skipanir\\\/lonarskipan\\\/#primaryimage\",\"url\":\"https:\\\/\\\/www.formula.fo\\\/wp-content\\\/uploads\\\/2022\\\/04\\\/bg.jpg\",\"contentUrl\":\"https:\\\/\\\/www.formula.fo\\\/wp-content\\\/uploads\\\/2022\\\/04\\\/bg.jpg\"},{\"@type\":\"BreadcrumbList\",\"@id\":\"https:\\\/\\\/www.formula.fo\\\/en\\\/skipanir\\\/lonarskipan\\\/#breadcrumb\",\"itemListElement\":[{\"@type\":\"ListItem\",\"position\":1,\"name\":\"Home\",\"item\":\"https:\\\/\\\/www.formula.fo\\\/en\\\/\"},{\"@type\":\"ListItem\",\"position\":2,\"name\":\"Skipanir\",\"item\":\"https:\\\/\\\/www.formula.fo\\\/en\\\/skipanir\\\/\"},{\"@type\":\"ListItem\",\"position\":3,\"name\":\"L\u00f8narskipan\"}]},{\"@type\":\"WebSite\",\"@id\":\"https:\\\/\\\/www.formula.fo\\\/en\\\/#website\",\"url\":\"https:\\\/\\\/www.formula.fo\\\/en\\\/\",\"name\":\"Formula\",\"description\":\"Formula\",\"publisher\":{\"@id\":\"https:\\\/\\\/www.formula.fo\\\/en\\\/#organization\"},\"potentialAction\":[{\"@type\":\"SearchAction\",\"target\":{\"@type\":\"EntryPoint\",\"urlTemplate\":\"https:\\\/\\\/www.formula.fo\\\/en\\\/?s={search_term_string}\"},\"query-input\":{\"@type\":\"PropertyValueSpecification\",\"valueRequired\":true,\"valueName\":\"search_term_string\"}}],\"inLanguage\":\"en-US\"},{\"@type\":\"Organization\",\"@id\":\"https:\\\/\\\/www.formula.fo\\\/en\\\/#organization\",\"name\":\"Formula\",\"url\":\"https:\\\/\\\/www.formula.fo\\\/en\\\/\",\"logo\":{\"@type\":\"ImageObject\",\"inLanguage\":\"en-US\",\"@id\":\"https:\\\/\\\/www.formula.fo\\\/en\\\/#\\\/schema\\\/logo\\\/image\\\/\",\"url\":\"https:\\\/\\\/www.formula.fo\\\/wp-content\\\/uploads\\\/2022\\\/03\\\/logo.png\",\"contentUrl\":\"https:\\\/\\\/www.formula.fo\\\/wp-content\\\/uploads\\\/2022\\\/03\\\/logo.png\",\"width\":227,\"height\":73,\"caption\":\"Formula\"},\"image\":{\"@id\":\"https:\\\/\\\/www.formula.fo\\\/en\\\/#\\\/schema\\\/logo\\\/image\\\/\"}}]}<\/script>\n<!-- \/ Yoast SEO plugin. -->","yoast_head_json":{"title":"L\u00f8narskipan - Formula","robots":{"index":"index","follow":"follow","max-snippet":"max-snippet:-1","max-image-preview":"max-image-preview:large","max-video-preview":"max-video-preview:-1"},"canonical":"https:\/\/www.formula.fo\/en\/skipanir\/lonarskipan\/","og_locale":"en_US","og_type":"article","og_title":"L\u00f8narskipan - Formula","og_description":"Hv\u00ed n\u00fdta L\u00f8ttl\u00f8n? Skipanin er l\u00f8tt at br\u00faka og er v\u00e6l egna\u00f0 til sm\u00e6rri eins v\u00e6l og st\u00f8rri fyrit\u00f8kur. Skipanin er moduluppbygd, so t\u00fa f\u00e6rt eina skipan, i\u00f0 h\u00f3skar til j\u00fast t\u00edn t\u00f8rv. Skipanin ver\u00f0ur st\u00f8\u00f0ugt ment, so hon til eina og hv\u00f8rja t\u00ed\u00f0 l\u00fdkur tey kr\u00f8v, sum ver\u00f0a sett. Standard hentleikar \u00ed L\u00f8ttl\u00f8n L\u00f8ttl\u00f8n [&hellip;]","og_url":"https:\/\/www.formula.fo\/en\/skipanir\/lonarskipan\/","og_site_name":"Formula","article_modified_time":"2025-10-14T17:02:23+00:00","og_image":[{"width":1920,"height":638,"url":"https:\/\/www.formula.fo\/wp-content\/uploads\/2022\/04\/bg.jpg","type":"image\/jpeg"}],"twitter_card":"summary_large_image","twitter_misc":{"Est. reading time":"5 minutes"},"schema":{"@context":"https:\/\/schema.org","@graph":[{"@type":"WebPage","@id":"https:\/\/www.formula.fo\/en\/skipanir\/lonarskipan\/","url":"https:\/\/www.formula.fo\/en\/skipanir\/lonarskipan\/","name":"L\u00f8narskipan - Formula","isPartOf":{"@id":"https:\/\/www.formula.fo\/en\/#website"},"primaryImageOfPage":{"@id":"https:\/\/www.formula.fo\/en\/skipanir\/lonarskipan\/#primaryimage"},"image":{"@id":"https:\/\/www.formula.fo\/en\/skipanir\/lonarskipan\/#primaryimage"},"thumbnailUrl":"https:\/\/www.formula.fo\/wp-content\/uploads\/2022\/04\/bg.jpg","datePublished":"2022-03-18T15:05:58+00:00","dateModified":"2025-10-14T17:02:23+00:00","breadcrumb":{"@id":"https:\/\/www.formula.fo\/en\/skipanir\/lonarskipan\/#breadcrumb"},"inLanguage":"en-US","potentialAction":[{"@type":"ReadAction","target":["https:\/\/www.formula.fo\/en\/skipanir\/lonarskipan\/"]}]},{"@type":"ImageObject","inLanguage":"en-US","@id":"https:\/\/www.formula.fo\/en\/skipanir\/lonarskipan\/#primaryimage","url":"https:\/\/www.formula.fo\/wp-content\/uploads\/2022\/04\/bg.jpg","contentUrl":"https:\/\/www.formula.fo\/wp-content\/uploads\/2022\/04\/bg.jpg"},{"@type":"BreadcrumbList","@id":"https:\/\/www.formula.fo\/en\/skipanir\/lonarskipan\/#breadcrumb","itemListElement":[{"@type":"ListItem","position":1,"name":"Home","item":"https:\/\/www.formula.fo\/en\/"},{"@type":"ListItem","position":2,"name":"Skipanir","item":"https:\/\/www.formula.fo\/en\/skipanir\/"},{"@type":"ListItem","position":3,"name":"L\u00f8narskipan"}]},{"@type":"WebSite","@id":"https:\/\/www.formula.fo\/en\/#website","url":"https:\/\/www.formula.fo\/en\/","name":"Formula","description":"Formula","publisher":{"@id":"https:\/\/www.formula.fo\/en\/#organization"},"potentialAction":[{"@type":"SearchAction","target":{"@type":"EntryPoint","urlTemplate":"https:\/\/www.formula.fo\/en\/?s={search_term_string}"},"query-input":{"@type":"PropertyValueSpecification","valueRequired":true,"valueName":"search_term_string"}}],"inLanguage":"en-US"},{"@type":"Organization","@id":"https:\/\/www.formula.fo\/en\/#organization","name":"Formula","url":"https:\/\/www.formula.fo\/en\/","logo":{"@type":"ImageObject","inLanguage":"en-US","@id":"https:\/\/www.formula.fo\/en\/#\/schema\/logo\/image\/","url":"https:\/\/www.formula.fo\/wp-content\/uploads\/2022\/03\/logo.png","contentUrl":"https:\/\/www.formula.fo\/wp-content\/uploads\/2022\/03\/logo.png","width":227,"height":73,"caption":"Formula"},"image":{"@id":"https:\/\/www.formula.fo\/en\/#\/schema\/logo\/image\/"}}]}},"_links":{"self":[{"href":"https:\/\/www.formula.fo\/en\/wp-json\/wp\/v2\/pages\/474","targetHints":{"allow":["GET"]}}],"collection":[{"href":"https:\/\/www.formula.fo\/en\/wp-json\/wp\/v2\/pages"}],"about":[{"href":"https:\/\/www.formula.fo\/en\/wp-json\/wp\/v2\/types\/page"}],"author":[{"embeddable":true,"href":"https:\/\/www.formula.fo\/en\/wp-json\/wp\/v2\/users\/1"}],"replies":[{"embeddable":true,"href":"https:\/\/www.formula.fo\/en\/wp-json\/wp\/v2\/comments?post=474"}],"version-history":[{"count":57,"href":"https:\/\/www.formula.fo\/en\/wp-json\/wp\/v2\/pages\/474\/revisions"}],"predecessor-version":[{"id":4809,"href":"https:\/\/www.formula.fo\/en\/wp-json\/wp\/v2\/pages\/474\/revisions\/4809"}],"up":[{"embeddable":true,"href":"https:\/\/www.formula.fo\/en\/wp-json\/wp\/v2\/pages\/444"}],"wp:attachment":[{"href":"https:\/\/www.formula.fo\/en\/wp-json\/wp\/v2\/media?parent=474"}],"curies":[{"name":"wp","href":"https:\/\/api.w.org\/{rel}","templated":true}]}}